{"id":104,"date":"2014-02-19T00:26:30","date_gmt":"2014-02-19T00:26:30","guid":{"rendered":"http:\/\/fundacionpuertocolombia.org\/?page_id=104"},"modified":"2016-06-03T23:16:58","modified_gmt":"2016-06-03T23:16:58","slug":"cine-club","status":"publish","type":"page","link":"https:\/\/fundacionpuertocolombia.org\/en\/proyectos\/estacion-arte\/cine-club\/","title":{"rendered":"CINE A LA PLAZA"},"content":{"rendered":"<p style=\"text-align: center;\">Los martes de cada semana viaja por Colombia y Latinoam\u00e9rica a trav\u00e9s del cine. Documentales, cortos y largometrajes que se producen en el pa\u00eds, podr\u00e1n ser vistos al aire libre en la plaza de Puerto Colombia.<\/p>\n<p style=\"text-align: center;\"><strong>Organiza: <\/strong>Fundaci\u00f3n Puerto Colombia y Fundaci\u00f3n C\u00e1mara Oscura.<\/p>\n<p><iframe width=\"800\" height=\"450\" src=\"https:\/\/www.youtube.com\/embed\/Yb-AmSJIijY?feature=oembed\" frameborder=\"0\" allowfullscreen><\/iframe><\/p>\n<p>&nbsp;<\/p>","protected":false},"excerpt":{"rendered":"<p>Los martes de cada semana viaja por Colombia y Latinoam\u00e9rica a trav\u00e9s del cine. Documentales, cortos y largometrajes que se\u2026 <a class=\"continue-reading-link\" href=\"https:\/\/fundacionpuertocolombia.org\/en\/proyectos\/estacion-arte\/cine-club\/\">Seguir Leyendo<\/a><\/p>","protected":false},"author":2,"featured_media":0,"parent":1701,"menu_order":1,"comment_status":"closed","ping_status":"closed","template":"","meta":{"footnotes":""},"class_list":["post-104","page","type-page","status-publish","hentry"],"yoast_head":"<!-- This site is optimized with the Yoast SEO Premium plugin v22.2 (Yoast SEO v27.4) - https:\/\/yoast.com\/product\/yoast-seo-premium-wordpress\/ -->\n<title>CINE A LA PLAZA - Fundaci\u00f3n Puerto Colombia<\/title>\n<meta name=\"robots\" content=\"index, follow, max-snippet:-1, max-image-preview:large, max-video-preview:-1\" \/>\n<link rel=\"canonical\" href=\"https:\/\/fundacionpuertocolombia.org\/en\/proyectos\/estacion-arte\/cine-club\/\" \/>\n<meta property=\"og:locale\" content=\"en_US\" \/>\n<meta property=\"og:type\" content=\"article\" \/>\n<meta property=\"og:title\" content=\"CINE A LA PLAZA\" \/>\n<meta property=\"og:description\" content=\"Los martes de cada semana viaja por Colombia y Latinoam\u00e9rica a trav\u00e9s del cine. Documentales, cortos y largometrajes que se\u2026 Seguir Leyendo\" \/>\n<meta property=\"og:url\" content=\"https:\/\/fundacionpuertocolombia.org\/en\/proyectos\/estacion-arte\/cine-club\/\" \/>\n<meta property=\"og:site_name\" content=\"Fundaci\u00f3n Puerto Colombia\" \/>\n<meta property=\"article:modified_time\" content=\"2016-06-03T23:16:58+00:00\" \/>\n<meta name=\"twitter:card\" content=\"summary_large_image\" \/>\n<script type=\"application\/ld+json\" class=\"yoast-schema-graph\">{\"@context\":\"https:\\\/\\\/schema.org\",\"@graph\":[{\"@type\":\"WebPage\",\"@id\":\"https:\\\/\\\/fundacionpuertocolombia.org\\\/proyectos\\\/estacion-arte\\\/cine-club\\\/\",\"url\":\"https:\\\/\\\/fundacionpuertocolombia.org\\\/proyectos\\\/estacion-arte\\\/cine-club\\\/\",\"name\":\"CINE A LA PLAZA - Fundaci\u00f3n Puerto Colombia\",\"isPartOf\":{\"@id\":\"https:\\\/\\\/fundacionpuertocolombia.org\\\/#website\"},\"datePublished\":\"2014-02-19T00:26:30+00:00\",\"dateModified\":\"2016-06-03T23:16:58+00:00\",\"breadcrumb\":{\"@id\":\"https:\\\/\\\/fundacionpuertocolombia.org\\\/proyectos\\\/estacion-arte\\\/cine-club\\\/#breadcrumb\"},\"inLanguage\":\"en-US\",\"potentialAction\":[{\"@type\":\"ReadAction\",\"target\":[\"https:\\\/\\\/fundacionpuertocolombia.org\\\/proyectos\\\/estacion-arte\\\/cine-club\\\/\"]}]},{\"@type\":\"BreadcrumbList\",\"@id\":\"https:\\\/\\\/fundacionpuertocolombia.org\\\/proyectos\\\/estacion-arte\\\/cine-club\\\/#breadcrumb\",\"itemListElement\":[{\"@type\":\"ListItem\",\"position\":1,\"name\":\"Portada\",\"item\":\"https:\\\/\\\/fundacionpuertocolombia.org\\\/\"},{\"@type\":\"ListItem\",\"position\":2,\"name\":\"Proyectos\",\"item\":\"https:\\\/\\\/fundacionpuertocolombia.org\\\/proyectos\\\/\"},{\"@type\":\"ListItem\",\"position\":3,\"name\":\"Estacionarte\",\"item\":\"https:\\\/\\\/fundacionpuertocolombia.org\\\/proyectos\\\/estacion-arte\\\/\"},{\"@type\":\"ListItem\",\"position\":4,\"name\":\"CINE A LA PLAZA\"}]},{\"@type\":\"WebSite\",\"@id\":\"https:\\\/\\\/fundacionpuertocolombia.org\\\/#website\",\"url\":\"https:\\\/\\\/fundacionpuertocolombia.org\\\/\",\"name\":\"Fundaci\u00f3n Puerto Colombia\",\"description\":\"Tierra Firme Para La Cultura!\",\"potentialAction\":[{\"@type\":\"SearchAction\",\"target\":{\"@type\":\"EntryPoint\",\"urlTemplate\":\"https:\\\/\\\/fundacionpuertocolombia.org\\\/?s={search_term_string}\"},\"query-input\":{\"@type\":\"PropertyValueSpecification\",\"valueRequired\":true,\"valueName\":\"search_term_string\"}}],\"inLanguage\":\"en-US\"}]}<\/script>\n<!-- \/ Yoast SEO Premium plugin. -->","yoast_head_json":{"title":"CINE A LA PLAZA - Fundaci\u00f3n Puerto Colombia","robots":{"index":"index","follow":"follow","max-snippet":"max-snippet:-1","max-image-preview":"max-image-preview:large","max-video-preview":"max-video-preview:-1"},"canonical":"https:\/\/fundacionpuertocolombia.org\/en\/proyectos\/estacion-arte\/cine-club\/","og_locale":"en_US","og_type":"article","og_title":"CINE A LA PLAZA","og_description":"Los martes de cada semana viaja por Colombia y Latinoam\u00e9rica a trav\u00e9s del cine. Documentales, cortos y largometrajes que se\u2026 Seguir Leyendo","og_url":"https:\/\/fundacionpuertocolombia.org\/en\/proyectos\/estacion-arte\/cine-club\/","og_site_name":"Fundaci\u00f3n Puerto Colombia","article_modified_time":"2016-06-03T23:16:58+00:00","twitter_card":"summary_large_image","schema":{"@context":"https:\/\/schema.org","@graph":[{"@type":"WebPage","@id":"https:\/\/fundacionpuertocolombia.org\/proyectos\/estacion-arte\/cine-club\/","url":"https:\/\/fundacionpuertocolombia.org\/proyectos\/estacion-arte\/cine-club\/","name":"CINE A LA PLAZA - Fundaci\u00f3n Puerto Colombia","isPartOf":{"@id":"https:\/\/fundacionpuertocolombia.org\/#website"},"datePublished":"2014-02-19T00:26:30+00:00","dateModified":"2016-06-03T23:16:58+00:00","breadcrumb":{"@id":"https:\/\/fundacionpuertocolombia.org\/proyectos\/estacion-arte\/cine-club\/#breadcrumb"},"inLanguage":"en-US","potentialAction":[{"@type":"ReadAction","target":["https:\/\/fundacionpuertocolombia.org\/proyectos\/estacion-arte\/cine-club\/"]}]},{"@type":"BreadcrumbList","@id":"https:\/\/fundacionpuertocolombia.org\/proyectos\/estacion-arte\/cine-club\/#breadcrumb","itemListElement":[{"@type":"ListItem","position":1,"name":"Portada","item":"https:\/\/fundacionpuertocolombia.org\/"},{"@type":"ListItem","position":2,"name":"Proyectos","item":"https:\/\/fundacionpuertocolombia.org\/proyectos\/"},{"@type":"ListItem","position":3,"name":"Estacionarte","item":"https:\/\/fundacionpuertocolombia.org\/proyectos\/estacion-arte\/"},{"@type":"ListItem","position":4,"name":"CINE A LA PLAZA"}]},{"@type":"WebSite","@id":"https:\/\/fundacionpuertocolombia.org\/#website","url":"https:\/\/fundacionpuertocolombia.org\/","name":"Fundaci\u00f3n Puerto Colombia","description":"Tierra Firme Para La Cultura!","potentialAction":[{"@type":"SearchAction","target":{"@type":"EntryPoint","urlTemplate":"https:\/\/fundacionpuertocolombia.org\/?s={search_term_string}"},"query-input":{"@type":"PropertyValueSpecification","valueRequired":true,"valueName":"search_term_string"}}],"inLanguage":"en-US"}]}},"_links":{"self":[{"href":"https:\/\/fundacionpuertocolombia.org\/en\/wp-json\/wp\/v2\/pages\/104","targetHints":{"allow":["GET"]}}],"collection":[{"href":"https:\/\/fundacionpuertocolombia.org\/en\/wp-json\/wp\/v2\/pages"}],"about":[{"href":"https:\/\/fundacionpuertocolombia.org\/en\/wp-json\/wp\/v2\/types\/page"}],"author":[{"embeddable":true,"href":"https:\/\/fundacionpuertocolombia.org\/en\/wp-json\/wp\/v2\/users\/2"}],"replies":[{"embeddable":true,"href":"https:\/\/fundacionpuertocolombia.org\/en\/wp-json\/wp\/v2\/comments?post=104"}],"version-history":[{"count":0,"href":"https:\/\/fundacionpuertocolombia.org\/en\/wp-json\/wp\/v2\/pages\/104\/revisions"}],"up":[{"embeddable":true,"href":"https:\/\/fundacionpuertocolombia.org\/en\/wp-json\/wp\/v2\/pages\/1701"}],"wp:attachment":[{"href":"https:\/\/fundacionpuertocolombia.org\/en\/wp-json\/wp\/v2\/media?parent=104"}],"curies":[{"name":"wp","href":"https:\/\/api.w.org\/{rel}","templated":true}]}}