{"id":109,"date":"2014-02-19T00:27:38","date_gmt":"2014-02-19T00:27:38","guid":{"rendered":"http:\/\/fundacionpuertocolombia.org\/?page_id=109"},"modified":"2015-05-15T21:11:06","modified_gmt":"2015-05-15T21:11:06","slug":"festival-de-tunas","status":"publish","type":"page","link":"https:\/\/fundacionpuertocolombia.org\/en\/proyectos\/conciertos\/festival-de-tunas\/","title":{"rendered":"Festival Internacional de Tunas"},"content":{"rendered":"<p style=\"text-align: center;\"><span style=\"color: #000000;\">Desde 2011, la\u00a0FUNDACI\u00d3N PUERTO COLOMBIA se ali\u00f3 con la Tuna Mayor Corazonista para dar a conocer este g\u00e9nero en todo el Atl\u00e1ntico. Desde entonces se han realizado 4 versiones de este festival, con la participaci\u00f3n de agrupaciones provenientes de todo el territorio nacional y pa\u00edses como Puerto Rico, Espa\u00f1a y M\u00e9xico. El evento se realiza anualmente en la plaza de Santuario Mariano Nuestra Se\u00f1ora del carmen, en el mes de Octubre.<\/span><\/p>\n\n\t\t<style type=\"text\/css\">\n\t\t\t#gallery-1 {\n\t\t\t\tmargin: auto;\n\t\t\t}\n\t\t\t#gallery-1 .gallery-item {\n\t\t\t\tfloat: left;\n\t\t\t\tmargin-top: 10px;\n\t\t\t\ttext-align: center;\n\t\t\t\twidth: 16%;\n\t\t\t}\n\t\t\t#gallery-1 img {\n\t\t\t\tborder: 2px solid #cfcfcf;\n\t\t\t}\n\t\t\t#gallery-1 .gallery-caption {\n\t\t\t\tmargin-left: 0;\n\t\t\t}\n\t\t\t\/* see gallery_shortcode() in wp-includes\/media.php *\/\n\t\t<\/style>\n\t\t<div id='gallery-1' class='gallery galleryid-109 gallery-columns-6 gallery-size-medium'><dl class='gallery-item'>\n\t\t\t<dt class='gallery-icon landscape'>\n\t\t\t\t<a href='https:\/\/fundacionpuertocolombia.org\/wp-content\/uploads\/2014\/02\/Logo-Festival-de-Tunas.jpg'><img fetchpriority=\"high\" decoding=\"async\" width=\"300\" height=\"279\" src=\"https:\/\/fundacionpuertocolombia.org\/wp-content\/uploads\/2014\/02\/Logo-Festival-de-Tunas-300x279.jpg\" class=\"attachment-medium size-medium\" alt=\"\" srcset=\"https:\/\/fundacionpuertocolombia.org\/wp-content\/uploads\/2014\/02\/Logo-Festival-de-Tunas-300x279.jpg 300w, https:\/\/fundacionpuertocolombia.org\/wp-content\/uploads\/2014\/02\/Logo-Festival-de-Tunas-161x150.jpg 161w, https:\/\/fundacionpuertocolombia.org\/wp-content\/uploads\/2014\/02\/Logo-Festival-de-Tunas-150x139.jpg 150w, https:\/\/fundacionpuertocolombia.org\/wp-content\/uploads\/2014\/02\/Logo-Festival-de-Tunas.jpg 720w\" sizes=\"(max-width: 300px) 100vw, 300px\" \/><\/a>\n\t\t\t<\/dt><\/dl><dl class='gallery-item'>\n\t\t\t<dt class='gallery-icon landscape'>\n\t\t\t\t<a href='https:\/\/fundacionpuertocolombia.org\/wp-content\/uploads\/2014\/02\/tUNA-mAYOR-cORAZONISTA-en-el-festival-2012.jpg.jpg'><img decoding=\"async\" width=\"300\" height=\"230\" src=\"https:\/\/fundacionpuertocolombia.org\/wp-content\/uploads\/2014\/02\/tUNA-mAYOR-cORAZONISTA-en-el-festival-2012.jpg-300x230.jpg\" class=\"attachment-medium size-medium\" alt=\"\" srcset=\"https:\/\/fundacionpuertocolombia.org\/wp-content\/uploads\/2014\/02\/tUNA-mAYOR-cORAZONISTA-en-el-festival-2012.jpg-300x230.jpg 300w, https:\/\/fundacionpuertocolombia.org\/wp-content\/uploads\/2014\/02\/tUNA-mAYOR-cORAZONISTA-en-el-festival-2012.jpg-195x150.jpg 195w, https:\/\/fundacionpuertocolombia.org\/wp-content\/uploads\/2014\/02\/tUNA-mAYOR-cORAZONISTA-en-el-festival-2012.jpg-150x115.jpg 150w, https:\/\/fundacionpuertocolombia.org\/wp-content\/uploads\/2014\/02\/tUNA-mAYOR-cORAZONISTA-en-el-festival-2012.jpg.jpg 823w\" sizes=\"(max-width: 300px) 100vw, 300px\" \/><\/a>\n\t\t\t<\/dt><\/dl><dl class='gallery-item'>\n\t\t\t<dt class='gallery-icon portrait'>\n\t\t\t\t<a href='https:\/\/fundacionpuertocolombia.org\/wp-content\/uploads\/2014\/02\/Festival-de-Tunas-2012-en-la-Plaza-de-la-Iglesia.jpg'><img decoding=\"async\" width=\"232\" height=\"300\" src=\"https:\/\/fundacionpuertocolombia.org\/wp-content\/uploads\/2014\/02\/Festival-de-Tunas-2012-en-la-Plaza-de-la-Iglesia-232x300.jpg\" class=\"attachment-medium size-medium\" alt=\"\" srcset=\"https:\/\/fundacionpuertocolombia.org\/wp-content\/uploads\/2014\/02\/Festival-de-Tunas-2012-en-la-Plaza-de-la-Iglesia-232x300.jpg 232w, https:\/\/fundacionpuertocolombia.org\/wp-content\/uploads\/2014\/02\/Festival-de-Tunas-2012-en-la-Plaza-de-la-Iglesia-116x150.jpg 116w, https:\/\/fundacionpuertocolombia.org\/wp-content\/uploads\/2014\/02\/Festival-de-Tunas-2012-en-la-Plaza-de-la-Iglesia.jpg 571w\" sizes=\"(max-width: 232px) 100vw, 232px\" \/><\/a>\n\t\t\t<\/dt><\/dl><dl class='gallery-item'>\n\t\t\t<dt class='gallery-icon landscape'>\n\t\t\t\t<a href='https:\/\/fundacionpuertocolombia.org\/wp-content\/uploads\/2014\/02\/Tuna-en-la-apertura-del-festival-en-Salgar.jpg'><img loading=\"lazy\" decoding=\"async\" width=\"300\" height=\"198\" src=\"https:\/\/fundacionpuertocolombia.org\/wp-content\/uploads\/2014\/02\/Tuna-en-la-apertura-del-festival-en-Salgar-300x198.jpg\" class=\"attachment-medium size-medium\" alt=\"\" srcset=\"https:\/\/fundacionpuertocolombia.org\/wp-content\/uploads\/2014\/02\/Tuna-en-la-apertura-del-festival-en-Salgar-300x198.jpg 300w, https:\/\/fundacionpuertocolombia.org\/wp-content\/uploads\/2014\/02\/Tuna-en-la-apertura-del-festival-en-Salgar-226x150.jpg 226w, https:\/\/fundacionpuertocolombia.org\/wp-content\/uploads\/2014\/02\/Tuna-en-la-apertura-del-festival-en-Salgar-150x99.jpg 150w, https:\/\/fundacionpuertocolombia.org\/wp-content\/uploads\/2014\/02\/Tuna-en-la-apertura-del-festival-en-Salgar.jpg 960w\" sizes=\"(max-width: 300px) 100vw, 300px\" \/><\/a>\n\t\t\t<\/dt><\/dl><dl class='gallery-item'>\n\t\t\t<dt class='gallery-icon landscape'>\n\t\t\t\t<a href='https:\/\/fundacionpuertocolombia.org\/wp-content\/uploads\/2014\/02\/Tuna-de-Mexico.jpg'><img loading=\"lazy\" decoding=\"async\" width=\"300\" height=\"198\" src=\"https:\/\/fundacionpuertocolombia.org\/wp-content\/uploads\/2014\/02\/Tuna-de-Mexico-300x198.jpg\" class=\"attachment-medium size-medium\" alt=\"\" srcset=\"https:\/\/fundacionpuertocolombia.org\/wp-content\/uploads\/2014\/02\/Tuna-de-Mexico-300x198.jpg 300w, https:\/\/fundacionpuertocolombia.org\/wp-content\/uploads\/2014\/02\/Tuna-de-Mexico-226x150.jpg 226w, https:\/\/fundacionpuertocolombia.org\/wp-content\/uploads\/2014\/02\/Tuna-de-Mexico-150x99.jpg 150w, https:\/\/fundacionpuertocolombia.org\/wp-content\/uploads\/2014\/02\/Tuna-de-Mexico.jpg 960w\" sizes=\"(max-width: 300px) 100vw, 300px\" \/><\/a>\n\t\t\t<\/dt><\/dl><dl class='gallery-item'>\n\t\t\t<dt class='gallery-icon landscape'>\n\t\t\t\t<a href='https:\/\/fundacionpuertocolombia.org\/wp-content\/uploads\/2014\/02\/Copia-de-tUNA-mAYOR-cORAZONISTA-en-el-festival-2012.jpg.jpg'><img loading=\"lazy\" decoding=\"async\" width=\"300\" height=\"230\" src=\"https:\/\/fundacionpuertocolombia.org\/wp-content\/uploads\/2014\/02\/Copia-de-tUNA-mAYOR-cORAZONISTA-en-el-festival-2012.jpg-300x230.jpg\" class=\"attachment-medium size-medium\" alt=\"\" srcset=\"https:\/\/fundacionpuertocolombia.org\/wp-content\/uploads\/2014\/02\/Copia-de-tUNA-mAYOR-cORAZONISTA-en-el-festival-2012.jpg-300x230.jpg 300w, https:\/\/fundacionpuertocolombia.org\/wp-content\/uploads\/2014\/02\/Copia-de-tUNA-mAYOR-cORAZONISTA-en-el-festival-2012.jpg-195x150.jpg 195w, https:\/\/fundacionpuertocolombia.org\/wp-content\/uploads\/2014\/02\/Copia-de-tUNA-mAYOR-cORAZONISTA-en-el-festival-2012.jpg-150x115.jpg 150w, https:\/\/fundacionpuertocolombia.org\/wp-content\/uploads\/2014\/02\/Copia-de-tUNA-mAYOR-cORAZONISTA-en-el-festival-2012.jpg.jpg 624w\" sizes=\"(max-width: 300px) 100vw, 300px\" \/><\/a>\n\t\t\t<\/dt><\/dl><br style=\"clear: both\" \/>\n\t\t<\/div>\n\n<p>&nbsp;<\/p>","protected":false},"excerpt":{"rendered":"<p>Desde 2011, la\u00a0FUNDACI\u00d3N PUERTO COLOMBIA se ali\u00f3 con la Tuna Mayor Corazonista para dar a conocer este g\u00e9nero en todo\u2026 <a class=\"continue-reading-link\" href=\"https:\/\/fundacionpuertocolombia.org\/en\/proyectos\/conciertos\/festival-de-tunas\/\">Seguir Leyendo<\/a><\/p>","protected":false},"author":2,"featured_media":0,"parent":2061,"menu_order":1,"comment_status":"closed","ping_status":"closed","template":"","meta":{"footnotes":""},"class_list":["post-109","page","type-page","status-publish","hentry"],"yoast_head":"<!-- This site is optimized with the Yoast SEO Premium plugin v22.2 (Yoast SEO v26.8) - https:\/\/yoast.com\/product\/yoast-seo-premium-wordpress\/ -->\n<title>Festival Internacional de Tunas - Fundaci\u00f3n Puerto Colombia<\/title>\n<meta name=\"robots\" content=\"index, follow, max-snippet:-1, max-image-preview:large, max-video-preview:-1\" \/>\n<link rel=\"canonical\" href=\"https:\/\/fundacionpuertocolombia.org\/en\/proyectos\/conciertos\/festival-de-tunas\/\" \/>\n<meta property=\"og:locale\" content=\"en_US\" \/>\n<meta property=\"og:type\" content=\"article\" \/>\n<meta property=\"og:title\" content=\"Festival Internacional de Tunas\" \/>\n<meta property=\"og:description\" content=\"Desde 2011, la\u00a0FUNDACI\u00d3N PUERTO COLOMBIA se ali\u00f3 con la Tuna Mayor Corazonista para dar a conocer este g\u00e9nero en todo\u2026 Seguir Leyendo\" \/>\n<meta property=\"og:url\" content=\"https:\/\/fundacionpuertocolombia.org\/en\/proyectos\/conciertos\/festival-de-tunas\/\" \/>\n<meta property=\"og:site_name\" content=\"Fundaci\u00f3n Puerto Colombia\" \/>\n<meta property=\"article:modified_time\" content=\"2015-05-15T21:11:06+00:00\" \/>\n<meta property=\"og:image\" content=\"https:\/\/fundacionpuertocolombia.org\/wp-content\/uploads\/2014\/02\/Logo-Festival-de-Tunas-300x279.jpg\" \/>\n<meta name=\"twitter:card\" content=\"summary_large_image\" \/>\n<script type=\"application\/ld+json\" class=\"yoast-schema-graph\">{\"@context\":\"https:\/\/schema.org\",\"@graph\":[{\"@type\":\"WebPage\",\"@id\":\"https:\/\/fundacionpuertocolombia.org\/proyectos\/conciertos\/festival-de-tunas\/\",\"url\":\"https:\/\/fundacionpuertocolombia.org\/proyectos\/conciertos\/festival-de-tunas\/\",\"name\":\"Festival Internacional de Tunas - Fundaci\u00f3n Puerto Colombia\",\"isPartOf\":{\"@id\":\"https:\/\/fundacionpuertocolombia.org\/#website\"},\"datePublished\":\"2014-02-19T00:27:38+00:00\",\"dateModified\":\"2015-05-15T21:11:06+00:00\",\"breadcrumb\":{\"@id\":\"https:\/\/fundacionpuertocolombia.org\/proyectos\/conciertos\/festival-de-tunas\/#breadcrumb\"},\"inLanguage\":\"en-US\",\"potentialAction\":[{\"@type\":\"ReadAction\",\"target\":[\"https:\/\/fundacionpuertocolombia.org\/proyectos\/conciertos\/festival-de-tunas\/\"]}]},{\"@type\":\"BreadcrumbList\",\"@id\":\"https:\/\/fundacionpuertocolombia.org\/proyectos\/conciertos\/festival-de-tunas\/#breadcrumb\",\"itemListElement\":[{\"@type\":\"ListItem\",\"position\":1,\"name\":\"Portada\",\"item\":\"https:\/\/fundacionpuertocolombia.org\/\"},{\"@type\":\"ListItem\",\"position\":2,\"name\":\"Proyectos\",\"item\":\"https:\/\/fundacionpuertocolombia.org\/proyectos\/\"},{\"@type\":\"ListItem\",\"position\":3,\"name\":\"Eventos Aliados\",\"item\":\"https:\/\/fundacionpuertocolombia.org\/proyectos\/conciertos\/\"},{\"@type\":\"ListItem\",\"position\":4,\"name\":\"Festival Internacional de Tunas\"}]},{\"@type\":\"WebSite\",\"@id\":\"https:\/\/fundacionpuertocolombia.org\/#website\",\"url\":\"https:\/\/fundacionpuertocolombia.org\/\",\"name\":\"Fundaci\u00f3n Puerto Colombia\",\"description\":\"Tierra Firme Para La Cultura!\",\"potentialAction\":[{\"@type\":\"SearchAction\",\"target\":{\"@type\":\"EntryPoint\",\"urlTemplate\":\"https:\/\/fundacionpuertocolombia.org\/?s={search_term_string}\"},\"query-input\":{\"@type\":\"PropertyValueSpecification\",\"valueRequired\":true,\"valueName\":\"search_term_string\"}}],\"inLanguage\":\"en-US\"}]}<\/script>\n<!-- \/ Yoast SEO Premium plugin. -->","yoast_head_json":{"title":"Festival Internacional de Tunas - Fundaci\u00f3n Puerto Colombia","robots":{"index":"index","follow":"follow","max-snippet":"max-snippet:-1","max-image-preview":"max-image-preview:large","max-video-preview":"max-video-preview:-1"},"canonical":"https:\/\/fundacionpuertocolombia.org\/en\/proyectos\/conciertos\/festival-de-tunas\/","og_locale":"en_US","og_type":"article","og_title":"Festival Internacional de Tunas","og_description":"Desde 2011, la\u00a0FUNDACI\u00d3N PUERTO COLOMBIA se ali\u00f3 con la Tuna Mayor Corazonista para dar a conocer este g\u00e9nero en todo\u2026 Seguir Leyendo","og_url":"https:\/\/fundacionpuertocolombia.org\/en\/proyectos\/conciertos\/festival-de-tunas\/","og_site_name":"Fundaci\u00f3n Puerto Colombia","article_modified_time":"2015-05-15T21:11:06+00:00","og_image":[{"url":"https:\/\/fundacionpuertocolombia.org\/wp-content\/uploads\/2014\/02\/Logo-Festival-de-Tunas-300x279.jpg","type":"","width":"","height":""}],"twitter_card":"summary_large_image","schema":{"@context":"https:\/\/schema.org","@graph":[{"@type":"WebPage","@id":"https:\/\/fundacionpuertocolombia.org\/proyectos\/conciertos\/festival-de-tunas\/","url":"https:\/\/fundacionpuertocolombia.org\/proyectos\/conciertos\/festival-de-tunas\/","name":"Festival Internacional de Tunas - Fundaci\u00f3n Puerto Colombia","isPartOf":{"@id":"https:\/\/fundacionpuertocolombia.org\/#website"},"datePublished":"2014-02-19T00:27:38+00:00","dateModified":"2015-05-15T21:11:06+00:00","breadcrumb":{"@id":"https:\/\/fundacionpuertocolombia.org\/proyectos\/conciertos\/festival-de-tunas\/#breadcrumb"},"inLanguage":"en-US","potentialAction":[{"@type":"ReadAction","target":["https:\/\/fundacionpuertocolombia.org\/proyectos\/conciertos\/festival-de-tunas\/"]}]},{"@type":"BreadcrumbList","@id":"https:\/\/fundacionpuertocolombia.org\/proyectos\/conciertos\/festival-de-tunas\/#breadcrumb","itemListElement":[{"@type":"ListItem","position":1,"name":"Portada","item":"https:\/\/fundacionpuertocolombia.org\/"},{"@type":"ListItem","position":2,"name":"Proyectos","item":"https:\/\/fundacionpuertocolombia.org\/proyectos\/"},{"@type":"ListItem","position":3,"name":"Eventos Aliados","item":"https:\/\/fundacionpuertocolombia.org\/proyectos\/conciertos\/"},{"@type":"ListItem","position":4,"name":"Festival Internacional de Tunas"}]},{"@type":"WebSite","@id":"https:\/\/fundacionpuertocolombia.org\/#website","url":"https:\/\/fundacionpuertocolombia.org\/","name":"Fundaci\u00f3n Puerto Colombia","description":"Tierra Firme Para La Cultura!","potentialAction":[{"@type":"SearchAction","target":{"@type":"EntryPoint","urlTemplate":"https:\/\/fundacionpuertocolombia.org\/?s={search_term_string}"},"query-input":{"@type":"PropertyValueSpecification","valueRequired":true,"valueName":"search_term_string"}}],"inLanguage":"en-US"}]}},"_links":{"self":[{"href":"https:\/\/fundacionpuertocolombia.org\/en\/wp-json\/wp\/v2\/pages\/109","targetHints":{"allow":["GET"]}}],"collection":[{"href":"https:\/\/fundacionpuertocolombia.org\/en\/wp-json\/wp\/v2\/pages"}],"about":[{"href":"https:\/\/fundacionpuertocolombia.org\/en\/wp-json\/wp\/v2\/types\/page"}],"author":[{"embeddable":true,"href":"https:\/\/fundacionpuertocolombia.org\/en\/wp-json\/wp\/v2\/users\/2"}],"replies":[{"embeddable":true,"href":"https:\/\/fundacionpuertocolombia.org\/en\/wp-json\/wp\/v2\/comments?post=109"}],"version-history":[{"count":0,"href":"https:\/\/fundacionpuertocolombia.org\/en\/wp-json\/wp\/v2\/pages\/109\/revisions"}],"up":[{"embeddable":true,"href":"https:\/\/fundacionpuertocolombia.org\/en\/wp-json\/wp\/v2\/pages\/2061"}],"wp:attachment":[{"href":"https:\/\/fundacionpuertocolombia.org\/en\/wp-json\/wp\/v2\/media?parent=109"}],"curies":[{"name":"wp","href":"https:\/\/api.w.org\/{rel}","templated":true}]}}