{"id":117,"date":"2014-02-19T00:30:08","date_gmt":"2014-02-19T00:30:08","guid":{"rendered":"http:\/\/fundacionpuertocolombia.org\/?page_id=117"},"modified":"2017-05-20T22:00:14","modified_gmt":"2017-05-20T22:00:14","slug":"sitios-de-interes","status":"publish","type":"page","link":"https:\/\/fundacionpuertocolombia.org\/en\/puerto-colombia\/sitios-de-interes\/","title":{"rendered":"Sitios de Interes"},"content":{"rendered":"<p style=\"text-align: justify;\">\n<p>Adem\u00e1s de los kil\u00f3metros de playa que posee el municipio de puerto Colombia los cuales se puede contemplar practicando el arte de la fotograf\u00eda y de deportes n\u00e1uticos<a href=\"http:\/\/fundacionpuertocolombia.org\/wp-content\/uploads\/2014\/02\/1-1.jpg\"><img fetchpriority=\"high\" decoding=\"async\" class=\"alignleft size-medium wp-image-4977\" src=\"http:\/\/fundacionpuertocolombia.org\/wp-content\/uploads\/2014\/02\/1-1-300x169.jpg\" alt=\"1\" width=\"300\" height=\"169\" srcset=\"https:\/\/fundacionpuertocolombia.org\/wp-content\/uploads\/2014\/02\/1-1.jpg 300w, https:\/\/fundacionpuertocolombia.org\/wp-content\/uploads\/2014\/02\/1-1-250x141.jpg 250w, https:\/\/fundacionpuertocolombia.org\/wp-content\/uploads\/2014\/02\/1-1-150x85.jpg 150w\" sizes=\"(max-width: 300px) 100vw, 300px\" \/><\/a><\/p>\n<p>Los visitantes pueden admirar la arquitectura colonial, las obras de arte que se encuentran sobre el malec\u00f3n las cuales fueron dise\u00f1adas por artistas locales y los\u00a0 lugares que hacen parte fundamental de la historia del municipio tales como el \u201cPaso del Libertador\u201d en la v\u00eda que del Corregimiento de Salgar conduce a Corregimiento de Sabanilla, la \u201cCasa del Primer Correo A\u00e9reo en el Atl\u00e1ntico\u201d, que est\u00e1 ubicada en la calle 2 con carrera 13 esquina. Se puede apreciar tambi\u00e9n la arquitectura del edificio de la antigua alcald\u00eda en la calle 2 con la\u00a0carrera 5 esquina, la del \u201cSantuario Mariano Nuestra Se\u00f1ora del Carmen\u201d en la calle 3 con carrera 7 esquina<\/p>\n<p>El <strong>muelle<\/strong> en la carrera 4 con la calle 1E Construido en el a\u00f1o de 1888 con una longitud de 3890 metros el muelle de puerto Colombia funciono como terminal mar\u00edtimo de Barranquilla para el embarque y desembarque de mercanc\u00edas y personas\u00a0entre los a\u00f1os de 1893 y 1936. El cual dio paso al\u00a0 m\u00e1s importante de Colombia en las primeras d\u00e9cadas del siglo XX. Obra dise\u00f1ada por el ingeniero cubano Francisco Javier Cisneros<a href=\"http:\/\/fundacionpuertocolombia.org\/wp-content\/uploads\/2014\/02\/4.png\"><img decoding=\"async\" class=\"alignleft size-full wp-image-4979\" src=\"http:\/\/fundacionpuertocolombia.org\/wp-content\/uploads\/2014\/02\/4.png\" alt=\"4\" width=\"259\" height=\"121\" srcset=\"https:\/\/fundacionpuertocolombia.org\/wp-content\/uploads\/2014\/02\/4.png 259w, https:\/\/fundacionpuertocolombia.org\/wp-content\/uploads\/2014\/02\/4-250x117.png 250w, https:\/\/fundacionpuertocolombia.org\/wp-content\/uploads\/2014\/02\/4-150x70.png 150w\" sizes=\"(max-width: 259px) 100vw, 259px\" \/><\/a><\/p>\n<p>En el muelle a lo largo de los a\u00f1os ha colapsado en parte de sus tramos debido al fuerte oleaje del mar y la falta de mantenimiento.<\/p>\n<p>&nbsp;<\/p>\n<p>&nbsp;<\/p>\n<p><strong>El Castillo de San Antonio de salgar<\/strong> fue construido\u00a0 a partil de a\u00f1o 1848 por los espa\u00f1oles en la \u00e9poca de la colonia \u00a0ubicado en una pendiente\u00a0 al occidente de las playas de salgar.\u00a0 Es un <a href=\"http:\/\/fundacionpuertocolombia.org\/wp-content\/uploads\/2014\/02\/5.png\"><img decoding=\"async\" class=\"size-full wp-image-4980 alignright\" src=\"http:\/\/fundacionpuertocolombia.org\/wp-content\/uploads\/2014\/02\/5.png\" alt=\"5\" width=\"215\" height=\"145\" srcset=\"https:\/\/fundacionpuertocolombia.org\/wp-content\/uploads\/2014\/02\/5.png 215w, https:\/\/fundacionpuertocolombia.org\/wp-content\/uploads\/2014\/02\/5-150x101.png 150w\" sizes=\"(max-width: 215px) 100vw, 215px\" \/><\/a>patrimonio nacional debido a su historia ya que \u00a0fue un fuerte espa\u00f1ol que sirvi\u00f3 como presidio, colonia y m\u00e1s tarde\u00a0como refugio. Hoy en d\u00eda funciona como centro de eventos\u00a0 y escenario para la recreaci\u00f3n y cultura en la costa caribe<\/p>\n<p>&nbsp;<\/p>\n<p>La <strong>estaci\u00f3n del ferrocarril<\/strong> de bol\u00edvar fue el segundo ferrocarril construido en Colombia el cual comunicaba al municipio con la estaci\u00f3n Montoya en la ciudad de Barranquilla<\/p>\n<p>E<a href=\"http:\/\/fundacionpuertocolombia.org\/wp-content\/uploads\/2014\/02\/Imagen1.png\"><img loading=\"lazy\" decoding=\"async\" class=\"alignleft size-full wp-image-4981\" src=\"http:\/\/fundacionpuertocolombia.org\/wp-content\/uploads\/2014\/02\/Imagen1.png\" alt=\"Imagen1\" width=\"219\" height=\"148\" srcset=\"https:\/\/fundacionpuertocolombia.org\/wp-content\/uploads\/2014\/02\/Imagen1.png 219w, https:\/\/fundacionpuertocolombia.org\/wp-content\/uploads\/2014\/02\/Imagen1-150x101.png 150w\" sizes=\"(max-width: 219px) 100vw, 219px\" \/><\/a>n la estaci\u00f3n funcionaba la oficina para despachos de los trenes, la oficina del tel\u00e9fono y el sal\u00f3n de pasajeros entre los a\u00f1os 1888 y\u00a01922, En el a\u00f1o de 2008 fue restaurada por la Gobernaci\u00f3n del Atl\u00e1ntico y es sede desde el 2009 de la Fundaci\u00f3n Puerto Colombia, lugar de encuentros con el arte y la cultura.<\/p>\n<p>&nbsp;<\/p>\n<p>&nbsp;<\/p>\n<p>&nbsp;<\/p>\n<p>&nbsp;<\/p>\n<p style=\"text-align: justify;\">\n<p style=\"text-align: left;\">\n<p style=\"text-align: justify;\">","protected":false},"excerpt":{"rendered":"<p>Adem\u00e1s de los kil\u00f3metros de playa que posee el municipio de puerto Colombia los cuales se puede contemplar practicando el\u2026 <a class=\"continue-reading-link\" href=\"https:\/\/fundacionpuertocolombia.org\/en\/puerto-colombia\/sitios-de-interes\/\">Seguir Leyendo<\/a><\/p>","protected":false},"author":2,"featured_media":0,"parent":44,"menu_order":1,"comment_status":"closed","ping_status":"closed","template":"","meta":{"footnotes":""},"class_list":["post-117","page","type-page","status-publish","hentry"],"yoast_head":"<!-- This site is optimized with the Yoast SEO Premium plugin v22.2 (Yoast SEO v27.4) - https:\/\/yoast.com\/product\/yoast-seo-premium-wordpress\/ -->\n<title>Sitios de Interes - Fundaci\u00f3n Puerto Colombia<\/title>\n<meta name=\"robots\" content=\"index, follow, max-snippet:-1, max-image-preview:large, max-video-preview:-1\" \/>\n<link rel=\"canonical\" href=\"https:\/\/fundacionpuertocolombia.org\/en\/puerto-colombia\/sitios-de-interes\/\" \/>\n<meta property=\"og:locale\" content=\"en_US\" \/>\n<meta property=\"og:type\" content=\"article\" \/>\n<meta property=\"og:title\" content=\"Sitios de Interes\" \/>\n<meta property=\"og:description\" content=\"Adem\u00e1s de los kil\u00f3metros de playa que posee el municipio de puerto Colombia los cuales se puede contemplar practicando el\u2026 Seguir Leyendo\" \/>\n<meta property=\"og:url\" content=\"https:\/\/fundacionpuertocolombia.org\/en\/puerto-colombia\/sitios-de-interes\/\" \/>\n<meta property=\"og:site_name\" content=\"Fundaci\u00f3n Puerto Colombia\" \/>\n<meta property=\"article:modified_time\" content=\"2017-05-20T22:00:14+00:00\" \/>\n<meta property=\"og:image\" content=\"http:\/\/fundacionpuertocolombia.org\/wp-content\/uploads\/2014\/02\/1-1-300x169.jpg\" \/>\n<meta name=\"twitter:card\" content=\"summary_large_image\" \/>\n<meta name=\"twitter:label1\" content=\"Est. reading time\" \/>\n\t<meta name=\"twitter:data1\" content=\"2 minutes\" \/>\n<script type=\"application\/ld+json\" class=\"yoast-schema-graph\">{\"@context\":\"https:\\\/\\\/schema.org\",\"@graph\":[{\"@type\":\"WebPage\",\"@id\":\"https:\\\/\\\/fundacionpuertocolombia.org\\\/puerto-colombia\\\/sitios-de-interes\\\/\",\"url\":\"https:\\\/\\\/fundacionpuertocolombia.org\\\/puerto-colombia\\\/sitios-de-interes\\\/\",\"name\":\"Sitios de Interes - Fundaci\u00f3n Puerto Colombia\",\"isPartOf\":{\"@id\":\"https:\\\/\\\/fundacionpuertocolombia.org\\\/#website\"},\"primaryImageOfPage\":{\"@id\":\"https:\\\/\\\/fundacionpuertocolombia.org\\\/puerto-colombia\\\/sitios-de-interes\\\/#primaryimage\"},\"image\":{\"@id\":\"https:\\\/\\\/fundacionpuertocolombia.org\\\/puerto-colombia\\\/sitios-de-interes\\\/#primaryimage\"},\"thumbnailUrl\":\"http:\\\/\\\/fundacionpuertocolombia.org\\\/wp-content\\\/uploads\\\/2014\\\/02\\\/1-1-300x169.jpg\",\"datePublished\":\"2014-02-19T00:30:08+00:00\",\"dateModified\":\"2017-05-20T22:00:14+00:00\",\"breadcrumb\":{\"@id\":\"https:\\\/\\\/fundacionpuertocolombia.org\\\/puerto-colombia\\\/sitios-de-interes\\\/#breadcrumb\"},\"inLanguage\":\"en-US\",\"potentialAction\":[{\"@type\":\"ReadAction\",\"target\":[\"https:\\\/\\\/fundacionpuertocolombia.org\\\/puerto-colombia\\\/sitios-de-interes\\\/\"]}]},{\"@type\":\"ImageObject\",\"inLanguage\":\"en-US\",\"@id\":\"https:\\\/\\\/fundacionpuertocolombia.org\\\/puerto-colombia\\\/sitios-de-interes\\\/#primaryimage\",\"url\":\"http:\\\/\\\/fundacionpuertocolombia.org\\\/wp-content\\\/uploads\\\/2014\\\/02\\\/1-1-300x169.jpg\",\"contentUrl\":\"http:\\\/\\\/fundacionpuertocolombia.org\\\/wp-content\\\/uploads\\\/2014\\\/02\\\/1-1-300x169.jpg\"},{\"@type\":\"BreadcrumbList\",\"@id\":\"https:\\\/\\\/fundacionpuertocolombia.org\\\/puerto-colombia\\\/sitios-de-interes\\\/#breadcrumb\",\"itemListElement\":[{\"@type\":\"ListItem\",\"position\":1,\"name\":\"Portada\",\"item\":\"https:\\\/\\\/fundacionpuertocolombia.org\\\/\"},{\"@type\":\"ListItem\",\"position\":2,\"name\":\"Puerto Colombia\",\"item\":\"https:\\\/\\\/fundacionpuertocolombia.org\\\/puerto-colombia\\\/\"},{\"@type\":\"ListItem\",\"position\":3,\"name\":\"Sitios de Interes\"}]},{\"@type\":\"WebSite\",\"@id\":\"https:\\\/\\\/fundacionpuertocolombia.org\\\/#website\",\"url\":\"https:\\\/\\\/fundacionpuertocolombia.org\\\/\",\"name\":\"Fundaci\u00f3n Puerto Colombia\",\"description\":\"Tierra Firme Para La Cultura!\",\"potentialAction\":[{\"@type\":\"SearchAction\",\"target\":{\"@type\":\"EntryPoint\",\"urlTemplate\":\"https:\\\/\\\/fundacionpuertocolombia.org\\\/?s={search_term_string}\"},\"query-input\":{\"@type\":\"PropertyValueSpecification\",\"valueRequired\":true,\"valueName\":\"search_term_string\"}}],\"inLanguage\":\"en-US\"}]}<\/script>\n<!-- \/ Yoast SEO Premium plugin. -->","yoast_head_json":{"title":"Sitios de Interes - Fundaci\u00f3n Puerto Colombia","robots":{"index":"index","follow":"follow","max-snippet":"max-snippet:-1","max-image-preview":"max-image-preview:large","max-video-preview":"max-video-preview:-1"},"canonical":"https:\/\/fundacionpuertocolombia.org\/en\/puerto-colombia\/sitios-de-interes\/","og_locale":"en_US","og_type":"article","og_title":"Sitios de Interes","og_description":"Adem\u00e1s de los kil\u00f3metros de playa que posee el municipio de puerto Colombia los cuales se puede contemplar practicando el\u2026 Seguir Leyendo","og_url":"https:\/\/fundacionpuertocolombia.org\/en\/puerto-colombia\/sitios-de-interes\/","og_site_name":"Fundaci\u00f3n Puerto Colombia","article_modified_time":"2017-05-20T22:00:14+00:00","og_image":[{"url":"http:\/\/fundacionpuertocolombia.org\/wp-content\/uploads\/2014\/02\/1-1-300x169.jpg","type":"","width":"","height":""}],"twitter_card":"summary_large_image","twitter_misc":{"Est. reading time":"2 minutes"},"schema":{"@context":"https:\/\/schema.org","@graph":[{"@type":"WebPage","@id":"https:\/\/fundacionpuertocolombia.org\/puerto-colombia\/sitios-de-interes\/","url":"https:\/\/fundacionpuertocolombia.org\/puerto-colombia\/sitios-de-interes\/","name":"Sitios de Interes - Fundaci\u00f3n Puerto Colombia","isPartOf":{"@id":"https:\/\/fundacionpuertocolombia.org\/#website"},"primaryImageOfPage":{"@id":"https:\/\/fundacionpuertocolombia.org\/puerto-colombia\/sitios-de-interes\/#primaryimage"},"image":{"@id":"https:\/\/fundacionpuertocolombia.org\/puerto-colombia\/sitios-de-interes\/#primaryimage"},"thumbnailUrl":"http:\/\/fundacionpuertocolombia.org\/wp-content\/uploads\/2014\/02\/1-1-300x169.jpg","datePublished":"2014-02-19T00:30:08+00:00","dateModified":"2017-05-20T22:00:14+00:00","breadcrumb":{"@id":"https:\/\/fundacionpuertocolombia.org\/puerto-colombia\/sitios-de-interes\/#breadcrumb"},"inLanguage":"en-US","potentialAction":[{"@type":"ReadAction","target":["https:\/\/fundacionpuertocolombia.org\/puerto-colombia\/sitios-de-interes\/"]}]},{"@type":"ImageObject","inLanguage":"en-US","@id":"https:\/\/fundacionpuertocolombia.org\/puerto-colombia\/sitios-de-interes\/#primaryimage","url":"http:\/\/fundacionpuertocolombia.org\/wp-content\/uploads\/2014\/02\/1-1-300x169.jpg","contentUrl":"http:\/\/fundacionpuertocolombia.org\/wp-content\/uploads\/2014\/02\/1-1-300x169.jpg"},{"@type":"BreadcrumbList","@id":"https:\/\/fundacionpuertocolombia.org\/puerto-colombia\/sitios-de-interes\/#breadcrumb","itemListElement":[{"@type":"ListItem","position":1,"name":"Portada","item":"https:\/\/fundacionpuertocolombia.org\/"},{"@type":"ListItem","position":2,"name":"Puerto Colombia","item":"https:\/\/fundacionpuertocolombia.org\/puerto-colombia\/"},{"@type":"ListItem","position":3,"name":"Sitios de Interes"}]},{"@type":"WebSite","@id":"https:\/\/fundacionpuertocolombia.org\/#website","url":"https:\/\/fundacionpuertocolombia.org\/","name":"Fundaci\u00f3n Puerto Colombia","description":"Tierra Firme Para La Cultura!","potentialAction":[{"@type":"SearchAction","target":{"@type":"EntryPoint","urlTemplate":"https:\/\/fundacionpuertocolombia.org\/?s={search_term_string}"},"query-input":{"@type":"PropertyValueSpecification","valueRequired":true,"valueName":"search_term_string"}}],"inLanguage":"en-US"}]}},"_links":{"self":[{"href":"https:\/\/fundacionpuertocolombia.org\/en\/wp-json\/wp\/v2\/pages\/117","targetHints":{"allow":["GET"]}}],"collection":[{"href":"https:\/\/fundacionpuertocolombia.org\/en\/wp-json\/wp\/v2\/pages"}],"about":[{"href":"https:\/\/fundacionpuertocolombia.org\/en\/wp-json\/wp\/v2\/types\/page"}],"author":[{"embeddable":true,"href":"https:\/\/fundacionpuertocolombia.org\/en\/wp-json\/wp\/v2\/users\/2"}],"replies":[{"embeddable":true,"href":"https:\/\/fundacionpuertocolombia.org\/en\/wp-json\/wp\/v2\/comments?post=117"}],"version-history":[{"count":0,"href":"https:\/\/fundacionpuertocolombia.org\/en\/wp-json\/wp\/v2\/pages\/117\/revisions"}],"up":[{"embeddable":true,"href":"https:\/\/fundacionpuertocolombia.org\/en\/wp-json\/wp\/v2\/pages\/44"}],"wp:attachment":[{"href":"https:\/\/fundacionpuertocolombia.org\/en\/wp-json\/wp\/v2\/media?parent=117"}],"curies":[{"name":"wp","href":"https:\/\/api.w.org\/{rel}","templated":true}]}}