{"id":1648,"date":"2014-12-06T15:59:59","date_gmt":"2014-12-06T15:59:59","guid":{"rendered":"http:\/\/fundacionpuertocolombia.org\/?page_id=1648"},"modified":"2015-05-15T20:55:15","modified_gmt":"2015-05-15T20:55:15","slug":"mercadillosanmiguel","status":"publish","type":"page","link":"https:\/\/fundacionpuertocolombia.org\/en\/proyectos\/conciertos\/mercadillosanmiguel\/","title":{"rendered":"MERCADILLO SAN MIGUEL"},"content":{"rendered":"<p style=\"text-align: center;\"><strong>\u00a1DONA LO VIEJO PARA QUE VENGA LO NUEVO EN EL 2015!<\/strong><\/p>\n<p style=\"text-align: center;\">PRIMER MERCADILLO DE SAN MIGUEL DEL 19 AL 21 DE DICIEMBRE EN LA PLAZA DE PUERTO COLOMBIA. LA FUNDACI\u00d3N COMPA\u00d1\u00cdA DE AMIGAS Y LA FUNDACI\u00d3N PUERTO COLOMBIA ABANDERAN ESTA INICIATIVA PARA CAUSAS SOCIALES.<\/p>\n\n\t\t<style type=\"text\/css\">\n\t\t\t#gallery-1 {\n\t\t\t\tmargin: auto;\n\t\t\t}\n\t\t\t#gallery-1 .gallery-item {\n\t\t\t\tfloat: left;\n\t\t\t\tmargin-top: 10px;\n\t\t\t\ttext-align: center;\n\t\t\t\twidth: 20%;\n\t\t\t}\n\t\t\t#gallery-1 img {\n\t\t\t\tborder: 2px solid #cfcfcf;\n\t\t\t}\n\t\t\t#gallery-1 .gallery-caption {\n\t\t\t\tmargin-left: 0;\n\t\t\t}\n\t\t\t\/* see gallery_shortcode() in wp-includes\/media.php *\/\n\t\t<\/style>\n\t\t<div id='gallery-1' class='gallery galleryid-1648 gallery-columns-5 gallery-size-medium'><dl class='gallery-item'>\n\t\t\t<dt class='gallery-icon landscape'>\n\t\t\t\t<a href='https:\/\/fundacionpuertocolombia.org\/wp-content\/uploads\/2014\/12\/IMG_2808-e1431721613181.jpg'><img fetchpriority=\"high\" decoding=\"async\" width=\"300\" height=\"225\" src=\"https:\/\/fundacionpuertocolombia.org\/wp-content\/uploads\/2014\/12\/IMG_2808-300x225.jpg\" class=\"attachment-medium size-medium\" alt=\"\" srcset=\"https:\/\/fundacionpuertocolombia.org\/wp-content\/uploads\/2014\/12\/IMG_2808-300x225.jpg 300w, https:\/\/fundacionpuertocolombia.org\/wp-content\/uploads\/2014\/12\/IMG_2808-1024x768.jpg 1024w, https:\/\/fundacionpuertocolombia.org\/wp-content\/uploads\/2014\/12\/IMG_2808-200x150.jpg 200w, https:\/\/fundacionpuertocolombia.org\/wp-content\/uploads\/2014\/12\/IMG_2808-150x113.jpg 150w, https:\/\/fundacionpuertocolombia.org\/wp-content\/uploads\/2014\/12\/IMG_2808-e1431721613181.jpg 1000w\" sizes=\"(max-width: 300px) 100vw, 300px\" \/><\/a>\n\t\t\t<\/dt><\/dl><dl class='gallery-item'>\n\t\t\t<dt class='gallery-icon landscape'>\n\t\t\t\t<a href='https:\/\/fundacionpuertocolombia.org\/wp-content\/uploads\/2014\/12\/IMG_2842-e1427734193404.jpg'><img decoding=\"async\" width=\"300\" height=\"225\" src=\"https:\/\/fundacionpuertocolombia.org\/wp-content\/uploads\/2014\/12\/IMG_2842-300x225.jpg\" class=\"attachment-medium size-medium\" alt=\"\" srcset=\"https:\/\/fundacionpuertocolombia.org\/wp-content\/uploads\/2014\/12\/IMG_2842-300x225.jpg 300w, https:\/\/fundacionpuertocolombia.org\/wp-content\/uploads\/2014\/12\/IMG_2842-1024x768.jpg 1024w, https:\/\/fundacionpuertocolombia.org\/wp-content\/uploads\/2014\/12\/IMG_2842-200x150.jpg 200w, https:\/\/fundacionpuertocolombia.org\/wp-content\/uploads\/2014\/12\/IMG_2842-150x113.jpg 150w, https:\/\/fundacionpuertocolombia.org\/wp-content\/uploads\/2014\/12\/IMG_2842-e1427734193404.jpg 2000w\" sizes=\"(max-width: 300px) 100vw, 300px\" \/><\/a>\n\t\t\t<\/dt><\/dl><dl class='gallery-item'>\n\t\t\t<dt class='gallery-icon landscape'>\n\t\t\t\t<a href='https:\/\/fundacionpuertocolombia.org\/wp-content\/uploads\/2014\/12\/IMG_2848-e1427734210996.jpg'><img decoding=\"async\" width=\"300\" height=\"225\" src=\"https:\/\/fundacionpuertocolombia.org\/wp-content\/uploads\/2014\/12\/IMG_2848-300x225.jpg\" class=\"attachment-medium size-medium\" alt=\"\" srcset=\"https:\/\/fundacionpuertocolombia.org\/wp-content\/uploads\/2014\/12\/IMG_2848-300x225.jpg 300w, https:\/\/fundacionpuertocolombia.org\/wp-content\/uploads\/2014\/12\/IMG_2848-1024x768.jpg 1024w, https:\/\/fundacionpuertocolombia.org\/wp-content\/uploads\/2014\/12\/IMG_2848-200x150.jpg 200w, https:\/\/fundacionpuertocolombia.org\/wp-content\/uploads\/2014\/12\/IMG_2848-150x113.jpg 150w, https:\/\/fundacionpuertocolombia.org\/wp-content\/uploads\/2014\/12\/IMG_2848-e1427734210996.jpg 2000w\" sizes=\"(max-width: 300px) 100vw, 300px\" \/><\/a>\n\t\t\t<\/dt><\/dl><dl class='gallery-item'>\n\t\t\t<dt class='gallery-icon landscape'>\n\t\t\t\t<a href='https:\/\/fundacionpuertocolombia.org\/wp-content\/uploads\/2014\/12\/IMG_2849-e1427734643947.jpg'><img loading=\"lazy\" decoding=\"async\" width=\"300\" height=\"225\" src=\"https:\/\/fundacionpuertocolombia.org\/wp-content\/uploads\/2014\/12\/IMG_2849-300x225.jpg\" class=\"attachment-medium size-medium\" alt=\"\" srcset=\"https:\/\/fundacionpuertocolombia.org\/wp-content\/uploads\/2014\/12\/IMG_2849-300x225.jpg 300w, https:\/\/fundacionpuertocolombia.org\/wp-content\/uploads\/2014\/12\/IMG_2849-1024x768.jpg 1024w, https:\/\/fundacionpuertocolombia.org\/wp-content\/uploads\/2014\/12\/IMG_2849-200x150.jpg 200w, https:\/\/fundacionpuertocolombia.org\/wp-content\/uploads\/2014\/12\/IMG_2849-150x113.jpg 150w, https:\/\/fundacionpuertocolombia.org\/wp-content\/uploads\/2014\/12\/IMG_2849-e1427734643947.jpg 2000w\" sizes=\"(max-width: 300px) 100vw, 300px\" \/><\/a>\n\t\t\t<\/dt><\/dl><dl class='gallery-item'>\n\t\t\t<dt class='gallery-icon landscape'>\n\t\t\t\t<a href='https:\/\/fundacionpuertocolombia.org\/wp-content\/uploads\/2014\/12\/IMG_2852-e1427734699398.jpg'><img loading=\"lazy\" decoding=\"async\" width=\"300\" height=\"225\" src=\"https:\/\/fundacionpuertocolombia.org\/wp-content\/uploads\/2014\/12\/IMG_2852-300x225.jpg\" class=\"attachment-medium size-medium\" alt=\"\" srcset=\"https:\/\/fundacionpuertocolombia.org\/wp-content\/uploads\/2014\/12\/IMG_2852-300x225.jpg 300w, https:\/\/fundacionpuertocolombia.org\/wp-content\/uploads\/2014\/12\/IMG_2852-1024x768.jpg 1024w, https:\/\/fundacionpuertocolombia.org\/wp-content\/uploads\/2014\/12\/IMG_2852-200x150.jpg 200w, https:\/\/fundacionpuertocolombia.org\/wp-content\/uploads\/2014\/12\/IMG_2852-150x113.jpg 150w, https:\/\/fundacionpuertocolombia.org\/wp-content\/uploads\/2014\/12\/IMG_2852-e1427734699398.jpg 2000w\" sizes=\"(max-width: 300px) 100vw, 300px\" \/><\/a>\n\t\t\t<\/dt><\/dl><br style=\"clear: both\" \/><dl class='gallery-item'>\n\t\t\t<dt class='gallery-icon landscape'>\n\t\t\t\t<a href='https:\/\/fundacionpuertocolombia.org\/wp-content\/uploads\/2014\/12\/IMG_2855-e1427734718607.jpg'><img loading=\"lazy\" decoding=\"async\" width=\"300\" height=\"225\" src=\"https:\/\/fundacionpuertocolombia.org\/wp-content\/uploads\/2014\/12\/IMG_2855-300x225.jpg\" class=\"attachment-medium size-medium\" alt=\"\" srcset=\"https:\/\/fundacionpuertocolombia.org\/wp-content\/uploads\/2014\/12\/IMG_2855-300x225.jpg 300w, https:\/\/fundacionpuertocolombia.org\/wp-content\/uploads\/2014\/12\/IMG_2855-1024x768.jpg 1024w, https:\/\/fundacionpuertocolombia.org\/wp-content\/uploads\/2014\/12\/IMG_2855-200x150.jpg 200w, https:\/\/fundacionpuertocolombia.org\/wp-content\/uploads\/2014\/12\/IMG_2855-150x113.jpg 150w, https:\/\/fundacionpuertocolombia.org\/wp-content\/uploads\/2014\/12\/IMG_2855-e1427734718607.jpg 2000w\" sizes=\"(max-width: 300px) 100vw, 300px\" \/><\/a>\n\t\t\t<\/dt><\/dl><dl class='gallery-item'>\n\t\t\t<dt class='gallery-icon landscape'>\n\t\t\t\t<a href='https:\/\/fundacionpuertocolombia.org\/wp-content\/uploads\/2014\/12\/IMG_2871-e1427734732416.jpg'><img loading=\"lazy\" decoding=\"async\" width=\"300\" height=\"225\" src=\"https:\/\/fundacionpuertocolombia.org\/wp-content\/uploads\/2014\/12\/IMG_2871-300x225.jpg\" class=\"attachment-medium size-medium\" alt=\"\" srcset=\"https:\/\/fundacionpuertocolombia.org\/wp-content\/uploads\/2014\/12\/IMG_2871-300x225.jpg 300w, https:\/\/fundacionpuertocolombia.org\/wp-content\/uploads\/2014\/12\/IMG_2871-1024x768.jpg 1024w, https:\/\/fundacionpuertocolombia.org\/wp-content\/uploads\/2014\/12\/IMG_2871-200x150.jpg 200w, https:\/\/fundacionpuertocolombia.org\/wp-content\/uploads\/2014\/12\/IMG_2871-150x113.jpg 150w, https:\/\/fundacionpuertocolombia.org\/wp-content\/uploads\/2014\/12\/IMG_2871-e1427734732416.jpg 2000w\" sizes=\"(max-width: 300px) 100vw, 300px\" \/><\/a>\n\t\t\t<\/dt><\/dl><dl class='gallery-item'>\n\t\t\t<dt class='gallery-icon portrait'>\n\t\t\t\t<a href='https:\/\/fundacionpuertocolombia.org\/wp-content\/uploads\/2014\/12\/IMG_2886-e1427734774895.jpg'><img loading=\"lazy\" decoding=\"async\" width=\"225\" height=\"300\" src=\"https:\/\/fundacionpuertocolombia.org\/wp-content\/uploads\/2014\/12\/IMG_2886-225x300.jpg\" class=\"attachment-medium size-medium\" alt=\"\" srcset=\"https:\/\/fundacionpuertocolombia.org\/wp-content\/uploads\/2014\/12\/IMG_2886-225x300.jpg 225w, https:\/\/fundacionpuertocolombia.org\/wp-content\/uploads\/2014\/12\/IMG_2886-768x1024.jpg 768w, https:\/\/fundacionpuertocolombia.org\/wp-content\/uploads\/2014\/12\/IMG_2886-113x150.jpg 113w, https:\/\/fundacionpuertocolombia.org\/wp-content\/uploads\/2014\/12\/IMG_2886-e1427734774895.jpg 2000w\" sizes=\"(max-width: 225px) 100vw, 225px\" \/><\/a>\n\t\t\t<\/dt><\/dl><dl class='gallery-item'>\n\t\t\t<dt class='gallery-icon landscape'>\n\t\t\t\t<a href='https:\/\/fundacionpuertocolombia.org\/wp-content\/uploads\/2014\/12\/IMG_2896-e1427734808904.jpg'><img loading=\"lazy\" decoding=\"async\" width=\"300\" height=\"225\" src=\"https:\/\/fundacionpuertocolombia.org\/wp-content\/uploads\/2014\/12\/IMG_2896-300x225.jpg\" class=\"attachment-medium size-medium\" alt=\"\" srcset=\"https:\/\/fundacionpuertocolombia.org\/wp-content\/uploads\/2014\/12\/IMG_2896-300x225.jpg 300w, https:\/\/fundacionpuertocolombia.org\/wp-content\/uploads\/2014\/12\/IMG_2896-1024x768.jpg 1024w, https:\/\/fundacionpuertocolombia.org\/wp-content\/uploads\/2014\/12\/IMG_2896-200x150.jpg 200w, https:\/\/fundacionpuertocolombia.org\/wp-content\/uploads\/2014\/12\/IMG_2896-150x113.jpg 150w, https:\/\/fundacionpuertocolombia.org\/wp-content\/uploads\/2014\/12\/IMG_2896-e1427734808904.jpg 2000w\" sizes=\"(max-width: 300px) 100vw, 300px\" \/><\/a>\n\t\t\t<\/dt><\/dl><dl class='gallery-item'>\n\t\t\t<dt class='gallery-icon landscape'>\n\t\t\t\t<a href='https:\/\/fundacionpuertocolombia.org\/wp-content\/uploads\/2014\/12\/IMG_2927-e1427734821695.jpg'><img loading=\"lazy\" decoding=\"async\" width=\"300\" height=\"225\" src=\"https:\/\/fundacionpuertocolombia.org\/wp-content\/uploads\/2014\/12\/IMG_2927-300x225.jpg\" class=\"attachment-medium size-medium\" alt=\"\" srcset=\"https:\/\/fundacionpuertocolombia.org\/wp-content\/uploads\/2014\/12\/IMG_2927-300x225.jpg 300w, https:\/\/fundacionpuertocolombia.org\/wp-content\/uploads\/2014\/12\/IMG_2927-1024x768.jpg 1024w, https:\/\/fundacionpuertocolombia.org\/wp-content\/uploads\/2014\/12\/IMG_2927-200x150.jpg 200w, https:\/\/fundacionpuertocolombia.org\/wp-content\/uploads\/2014\/12\/IMG_2927-150x113.jpg 150w, https:\/\/fundacionpuertocolombia.org\/wp-content\/uploads\/2014\/12\/IMG_2927-e1427734821695.jpg 2000w\" sizes=\"(max-width: 300px) 100vw, 300px\" \/><\/a>\n\t\t\t<\/dt><\/dl><br style=\"clear: both\" \/><dl class='gallery-item'>\n\t\t\t<dt class='gallery-icon landscape'>\n\t\t\t\t<a href='https:\/\/fundacionpuertocolombia.org\/wp-content\/uploads\/2014\/12\/IMG_2940-e1427734853395.jpg'><img loading=\"lazy\" decoding=\"async\" width=\"300\" height=\"225\" src=\"https:\/\/fundacionpuertocolombia.org\/wp-content\/uploads\/2014\/12\/IMG_2940-300x225.jpg\" class=\"attachment-medium size-medium\" alt=\"\" srcset=\"https:\/\/fundacionpuertocolombia.org\/wp-content\/uploads\/2014\/12\/IMG_2940-300x225.jpg 300w, https:\/\/fundacionpuertocolombia.org\/wp-content\/uploads\/2014\/12\/IMG_2940-1024x768.jpg 1024w, https:\/\/fundacionpuertocolombia.org\/wp-content\/uploads\/2014\/12\/IMG_2940-200x150.jpg 200w, https:\/\/fundacionpuertocolombia.org\/wp-content\/uploads\/2014\/12\/IMG_2940-150x113.jpg 150w, https:\/\/fundacionpuertocolombia.org\/wp-content\/uploads\/2014\/12\/IMG_2940-e1427734853395.jpg 1000w\" sizes=\"(max-width: 300px) 100vw, 300px\" \/><\/a>\n\t\t\t<\/dt><\/dl><dl class='gallery-item'>\n\t\t\t<dt class='gallery-icon landscape'>\n\t\t\t\t<a href='https:\/\/fundacionpuertocolombia.org\/wp-content\/uploads\/2014\/12\/IMG_2983-e1427736945622.jpg'><img loading=\"lazy\" decoding=\"async\" width=\"300\" height=\"225\" src=\"https:\/\/fundacionpuertocolombia.org\/wp-content\/uploads\/2014\/12\/IMG_2983-300x225.jpg\" class=\"attachment-medium size-medium\" alt=\"\" srcset=\"https:\/\/fundacionpuertocolombia.org\/wp-content\/uploads\/2014\/12\/IMG_2983-300x225.jpg 300w, https:\/\/fundacionpuertocolombia.org\/wp-content\/uploads\/2014\/12\/IMG_2983-1024x768.jpg 1024w, https:\/\/fundacionpuertocolombia.org\/wp-content\/uploads\/2014\/12\/IMG_2983-200x150.jpg 200w, https:\/\/fundacionpuertocolombia.org\/wp-content\/uploads\/2014\/12\/IMG_2983-150x113.jpg 150w, https:\/\/fundacionpuertocolombia.org\/wp-content\/uploads\/2014\/12\/IMG_2983-e1427736945622.jpg 2000w\" sizes=\"(max-width: 300px) 100vw, 300px\" \/><\/a>\n\t\t\t<\/dt><\/dl><dl class='gallery-item'>\n\t\t\t<dt class='gallery-icon landscape'>\n\t\t\t\t<a href='https:\/\/fundacionpuertocolombia.org\/wp-content\/uploads\/2014\/12\/IMG_3004-e1427736962822.jpg'><img loading=\"lazy\" decoding=\"async\" width=\"300\" height=\"225\" src=\"https:\/\/fundacionpuertocolombia.org\/wp-content\/uploads\/2014\/12\/IMG_3004-300x225.jpg\" class=\"attachment-medium size-medium\" alt=\"\" srcset=\"https:\/\/fundacionpuertocolombia.org\/wp-content\/uploads\/2014\/12\/IMG_3004-300x225.jpg 300w, https:\/\/fundacionpuertocolombia.org\/wp-content\/uploads\/2014\/12\/IMG_3004-1024x768.jpg 1024w, https:\/\/fundacionpuertocolombia.org\/wp-content\/uploads\/2014\/12\/IMG_3004-200x150.jpg 200w, https:\/\/fundacionpuertocolombia.org\/wp-content\/uploads\/2014\/12\/IMG_3004-150x113.jpg 150w, https:\/\/fundacionpuertocolombia.org\/wp-content\/uploads\/2014\/12\/IMG_3004-e1427736962822.jpg 2000w\" sizes=\"(max-width: 300px) 100vw, 300px\" \/><\/a>\n\t\t\t<\/dt><\/dl><dl class='gallery-item'>\n\t\t\t<dt class='gallery-icon landscape'>\n\t\t\t\t<a href='https:\/\/fundacionpuertocolombia.org\/wp-content\/uploads\/2014\/12\/IMG_3060.jpg'><img loading=\"lazy\" decoding=\"async\" width=\"300\" height=\"225\" src=\"https:\/\/fundacionpuertocolombia.org\/wp-content\/uploads\/2014\/12\/IMG_3060-300x225.jpg\" class=\"attachment-medium size-medium\" alt=\"\" srcset=\"https:\/\/fundacionpuertocolombia.org\/wp-content\/uploads\/2014\/12\/IMG_3060-300x225.jpg 300w, https:\/\/fundacionpuertocolombia.org\/wp-content\/uploads\/2014\/12\/IMG_3060-1024x768.jpg 1024w, https:\/\/fundacionpuertocolombia.org\/wp-content\/uploads\/2014\/12\/IMG_3060-200x150.jpg 200w, https:\/\/fundacionpuertocolombia.org\/wp-content\/uploads\/2014\/12\/IMG_3060-150x113.jpg 150w\" sizes=\"(max-width: 300px) 100vw, 300px\" \/><\/a>\n\t\t\t<\/dt><\/dl><dl class='gallery-item'>\n\t\t\t<dt class='gallery-icon landscape'>\n\t\t\t\t<a href='https:\/\/fundacionpuertocolombia.org\/wp-content\/uploads\/2014\/12\/IMG_3069.jpg'><img loading=\"lazy\" decoding=\"async\" width=\"300\" height=\"225\" src=\"https:\/\/fundacionpuertocolombia.org\/wp-content\/uploads\/2014\/12\/IMG_3069-300x225.jpg\" class=\"attachment-medium size-medium\" alt=\"\" srcset=\"https:\/\/fundacionpuertocolombia.org\/wp-content\/uploads\/2014\/12\/IMG_3069-300x225.jpg 300w, https:\/\/fundacionpuertocolombia.org\/wp-content\/uploads\/2014\/12\/IMG_3069-1024x768.jpg 1024w, https:\/\/fundacionpuertocolombia.org\/wp-content\/uploads\/2014\/12\/IMG_3069-200x150.jpg 200w, https:\/\/fundacionpuertocolombia.org\/wp-content\/uploads\/2014\/12\/IMG_3069-150x113.jpg 150w\" sizes=\"(max-width: 300px) 100vw, 300px\" \/><\/a>\n\t\t\t<\/dt><\/dl><br style=\"clear: both\" \/>\n\t\t<\/div>\n\n<p style=\"text-align: center;\">\u00a1Dona lo viejo, para que venga lo nuevo! Con esta frase la Fundaci\u00f3n Puerto Colombia y la Fundaci\u00f3n Compa\u00f1\u00eda de Amigas invitan a toda la comunidad de Barranquilla a donar todos aquellos objetos en buen estado que no usen. Todo por una buena causa.<\/p>\n<p>&nbsp;<\/p>\n<p>El mercadillo lleva el nombre de San Miguel, teniendo en cuenta que a este arc\u00e1ngel se le atribuye la virtud de alejar y combatir los demonios y las malas energ\u00edas.<\/p>\n<p>En el argot popular sacar los demonios de la casa, es sacar las cosas que no usas para abrir el espacio y que puedan venir cosas nuevas y positivas en el 2015.<br \/>\nEste ritual da la posibilidad de que las cosas donadas que no uses sean adquiridas por un precio m\u00f3dico por otras personas. \u201cLo que es viejo para ti es nuevo para otro\u201d<\/p>\n<p>Las donaciones para el mercadillo de San Miguel son recibidas desde el 1 de diciembre en la sede de la Fundaci\u00f3n Puerto Colombia &#8211; antigua Estaci\u00f3n del Ferrocarril, o llamando al 3616005 \/ 3174390498 buscamos totalmente gratis los art\u00edculos directamente en el sitio donde se encuentren.<\/p>\n<p><strong>EL MERCADILLO DE SAN MIGUEL.<\/strong><\/p>\n<p>El mejor plan de la temporada navide\u00f1a se inicia desde el viernes 19 de diciembre a partir de las 4:00 de la tarde en el Mercadillo San Miguel, que estar\u00e1 ubicado en la plaza principal de Puerto Colombia con un exclusivo mercado de pulgas, venta de verduras org\u00e1nicas, exposici\u00f3n de artistas y dise\u00f1adores locales adem\u00e1s de una subasta; un lugar con todo lo que necesitas regalar en esta navidad, y sobre todo a un precio inigualable.<\/p>\n<p>El s\u00e1bado 20 y domingo 21 la programaci\u00f3n se inicia desde las 10:00 a.m., habr\u00e1 m\u00faltiples actividades para toda la familia, con emociones para adultos y ni\u00f1os. Tambi\u00e9n se ofrecer\u00e1 venta de comidas y bebidas y una programaci\u00f3n cultural que no se podr\u00e1n perder.<\/p>","protected":false},"excerpt":{"rendered":"<p>\u00a1DONA LO VIEJO PARA QUE VENGA LO NUEVO EN EL 2015! PRIMER MERCADILLO DE SAN MIGUEL DEL 19 AL 21\u2026 <a class=\"continue-reading-link\" href=\"https:\/\/fundacionpuertocolombia.org\/en\/proyectos\/conciertos\/mercadillosanmiguel\/\">Seguir Leyendo<\/a><\/p>","protected":false},"author":4,"featured_media":0,"parent":2061,"menu_order":4,"comment_status":"closed","ping_status":"closed","template":"","meta":{"footnotes":""},"class_list":["post-1648","page","type-page","status-publish","hentry"],"yoast_head":"<!-- This site is optimized with the Yoast SEO Premium plugin v22.2 (Yoast SEO v27.4) - https:\/\/yoast.com\/product\/yoast-seo-premium-wordpress\/ -->\n<title>MERCADILLO SAN MIGUEL - Fundaci\u00f3n Puerto Colombia<\/title>\n<meta name=\"robots\" content=\"index, follow, max-snippet:-1, max-image-preview:large, max-video-preview:-1\" \/>\n<link rel=\"canonical\" href=\"https:\/\/fundacionpuertocolombia.org\/en\/proyectos\/conciertos\/mercadillosanmiguel\/\" \/>\n<meta property=\"og:locale\" content=\"en_US\" \/>\n<meta property=\"og:type\" content=\"article\" \/>\n<meta property=\"og:title\" content=\"MERCADILLO SAN MIGUEL\" \/>\n<meta property=\"og:description\" content=\"\u00a1DONA LO VIEJO PARA QUE VENGA LO NUEVO EN EL 2015! PRIMER MERCADILLO DE SAN MIGUEL DEL 19 AL 21\u2026 Seguir Leyendo\" \/>\n<meta property=\"og:url\" content=\"https:\/\/fundacionpuertocolombia.org\/en\/proyectos\/conciertos\/mercadillosanmiguel\/\" \/>\n<meta property=\"og:site_name\" content=\"Fundaci\u00f3n Puerto Colombia\" \/>\n<meta property=\"article:modified_time\" content=\"2015-05-15T20:55:15+00:00\" \/>\n<meta property=\"og:image\" content=\"https:\/\/fundacionpuertocolombia.org\/wp-content\/uploads\/2014\/12\/IMG_2808-300x225.jpg\" \/>\n<meta name=\"twitter:card\" content=\"summary_large_image\" \/>\n<meta name=\"twitter:label1\" content=\"Est. reading time\" \/>\n\t<meta name=\"twitter:data1\" content=\"2 minutes\" \/>\n<script type=\"application\/ld+json\" class=\"yoast-schema-graph\">{\"@context\":\"https:\\\/\\\/schema.org\",\"@graph\":[{\"@type\":\"WebPage\",\"@id\":\"https:\\\/\\\/fundacionpuertocolombia.org\\\/proyectos\\\/conciertos\\\/mercadillosanmiguel\\\/\",\"url\":\"https:\\\/\\\/fundacionpuertocolombia.org\\\/proyectos\\\/conciertos\\\/mercadillosanmiguel\\\/\",\"name\":\"MERCADILLO SAN MIGUEL - Fundaci\u00f3n Puerto Colombia\",\"isPartOf\":{\"@id\":\"https:\\\/\\\/fundacionpuertocolombia.org\\\/#website\"},\"datePublished\":\"2014-12-06T15:59:59+00:00\",\"dateModified\":\"2015-05-15T20:55:15+00:00\",\"breadcrumb\":{\"@id\":\"https:\\\/\\\/fundacionpuertocolombia.org\\\/proyectos\\\/conciertos\\\/mercadillosanmiguel\\\/#breadcrumb\"},\"inLanguage\":\"en-US\",\"potentialAction\":[{\"@type\":\"ReadAction\",\"target\":[\"https:\\\/\\\/fundacionpuertocolombia.org\\\/proyectos\\\/conciertos\\\/mercadillosanmiguel\\\/\"]}]},{\"@type\":\"BreadcrumbList\",\"@id\":\"https:\\\/\\\/fundacionpuertocolombia.org\\\/proyectos\\\/conciertos\\\/mercadillosanmiguel\\\/#breadcrumb\",\"itemListElement\":[{\"@type\":\"ListItem\",\"position\":1,\"name\":\"Portada\",\"item\":\"https:\\\/\\\/fundacionpuertocolombia.org\\\/\"},{\"@type\":\"ListItem\",\"position\":2,\"name\":\"Proyectos\",\"item\":\"https:\\\/\\\/fundacionpuertocolombia.org\\\/proyectos\\\/\"},{\"@type\":\"ListItem\",\"position\":3,\"name\":\"Eventos Aliados\",\"item\":\"https:\\\/\\\/fundacionpuertocolombia.org\\\/proyectos\\\/conciertos\\\/\"},{\"@type\":\"ListItem\",\"position\":4,\"name\":\"MERCADILLO SAN MIGUEL\"}]},{\"@type\":\"WebSite\",\"@id\":\"https:\\\/\\\/fundacionpuertocolombia.org\\\/#website\",\"url\":\"https:\\\/\\\/fundacionpuertocolombia.org\\\/\",\"name\":\"Fundaci\u00f3n Puerto Colombia\",\"description\":\"Tierra Firme Para La Cultura!\",\"potentialAction\":[{\"@type\":\"SearchAction\",\"target\":{\"@type\":\"EntryPoint\",\"urlTemplate\":\"https:\\\/\\\/fundacionpuertocolombia.org\\\/?s={search_term_string}\"},\"query-input\":{\"@type\":\"PropertyValueSpecification\",\"valueRequired\":true,\"valueName\":\"search_term_string\"}}],\"inLanguage\":\"en-US\"}]}<\/script>\n<!-- \/ Yoast SEO Premium plugin. -->","yoast_head_json":{"title":"MERCADILLO SAN MIGUEL - Fundaci\u00f3n Puerto Colombia","robots":{"index":"index","follow":"follow","max-snippet":"max-snippet:-1","max-image-preview":"max-image-preview:large","max-video-preview":"max-video-preview:-1"},"canonical":"https:\/\/fundacionpuertocolombia.org\/en\/proyectos\/conciertos\/mercadillosanmiguel\/","og_locale":"en_US","og_type":"article","og_title":"MERCADILLO SAN MIGUEL","og_description":"\u00a1DONA LO VIEJO PARA QUE VENGA LO NUEVO EN EL 2015! PRIMER MERCADILLO DE SAN MIGUEL DEL 19 AL 21\u2026 Seguir Leyendo","og_url":"https:\/\/fundacionpuertocolombia.org\/en\/proyectos\/conciertos\/mercadillosanmiguel\/","og_site_name":"Fundaci\u00f3n Puerto Colombia","article_modified_time":"2015-05-15T20:55:15+00:00","og_image":[{"url":"https:\/\/fundacionpuertocolombia.org\/wp-content\/uploads\/2014\/12\/IMG_2808-300x225.jpg","type":"","width":"","height":""}],"twitter_card":"summary_large_image","twitter_misc":{"Est. reading time":"2 minutes"},"schema":{"@context":"https:\/\/schema.org","@graph":[{"@type":"WebPage","@id":"https:\/\/fundacionpuertocolombia.org\/proyectos\/conciertos\/mercadillosanmiguel\/","url":"https:\/\/fundacionpuertocolombia.org\/proyectos\/conciertos\/mercadillosanmiguel\/","name":"MERCADILLO SAN MIGUEL - Fundaci\u00f3n Puerto Colombia","isPartOf":{"@id":"https:\/\/fundacionpuertocolombia.org\/#website"},"datePublished":"2014-12-06T15:59:59+00:00","dateModified":"2015-05-15T20:55:15+00:00","breadcrumb":{"@id":"https:\/\/fundacionpuertocolombia.org\/proyectos\/conciertos\/mercadillosanmiguel\/#breadcrumb"},"inLanguage":"en-US","potentialAction":[{"@type":"ReadAction","target":["https:\/\/fundacionpuertocolombia.org\/proyectos\/conciertos\/mercadillosanmiguel\/"]}]},{"@type":"BreadcrumbList","@id":"https:\/\/fundacionpuertocolombia.org\/proyectos\/conciertos\/mercadillosanmiguel\/#breadcrumb","itemListElement":[{"@type":"ListItem","position":1,"name":"Portada","item":"https:\/\/fundacionpuertocolombia.org\/"},{"@type":"ListItem","position":2,"name":"Proyectos","item":"https:\/\/fundacionpuertocolombia.org\/proyectos\/"},{"@type":"ListItem","position":3,"name":"Eventos Aliados","item":"https:\/\/fundacionpuertocolombia.org\/proyectos\/conciertos\/"},{"@type":"ListItem","position":4,"name":"MERCADILLO SAN MIGUEL"}]},{"@type":"WebSite","@id":"https:\/\/fundacionpuertocolombia.org\/#website","url":"https:\/\/fundacionpuertocolombia.org\/","name":"Fundaci\u00f3n Puerto Colombia","description":"Tierra Firme Para La Cultura!","potentialAction":[{"@type":"SearchAction","target":{"@type":"EntryPoint","urlTemplate":"https:\/\/fundacionpuertocolombia.org\/?s={search_term_string}"},"query-input":{"@type":"PropertyValueSpecification","valueRequired":true,"valueName":"search_term_string"}}],"inLanguage":"en-US"}]}},"_links":{"self":[{"href":"https:\/\/fundacionpuertocolombia.org\/en\/wp-json\/wp\/v2\/pages\/1648","targetHints":{"allow":["GET"]}}],"collection":[{"href":"https:\/\/fundacionpuertocolombia.org\/en\/wp-json\/wp\/v2\/pages"}],"about":[{"href":"https:\/\/fundacionpuertocolombia.org\/en\/wp-json\/wp\/v2\/types\/page"}],"author":[{"embeddable":true,"href":"https:\/\/fundacionpuertocolombia.org\/en\/wp-json\/wp\/v2\/users\/4"}],"replies":[{"embeddable":true,"href":"https:\/\/fundacionpuertocolombia.org\/en\/wp-json\/wp\/v2\/comments?post=1648"}],"version-history":[{"count":0,"href":"https:\/\/fundacionpuertocolombia.org\/en\/wp-json\/wp\/v2\/pages\/1648\/revisions"}],"up":[{"embeddable":true,"href":"https:\/\/fundacionpuertocolombia.org\/en\/wp-json\/wp\/v2\/pages\/2061"}],"wp:attachment":[{"href":"https:\/\/fundacionpuertocolombia.org\/en\/wp-json\/wp\/v2\/media?parent=1648"}],"curies":[{"name":"wp","href":"https:\/\/api.w.org\/{rel}","templated":true}]}}