{"id":2,"date":"2014-02-15T21:51:56","date_gmt":"2014-02-15T21:51:56","guid":{"rendered":"http:\/\/fundacionpuertocolombia.org\/?page_id=2"},"modified":"2022-04-12T18:34:53","modified_gmt":"2022-04-12T23:34:53","slug":"nosotros-fundacion-puerto-colombia","status":"publish","type":"page","link":"https:\/\/fundacionpuertocolombia.org\/en\/la-fundacion\/nosotros-fundacion-puerto-colombia\/","title":{"rendered":"Nuestra Historia"},"content":{"rendered":"<p><strong><img fetchpriority=\"high\" decoding=\"async\" class=\"wp-image-7257 alignleft\" src=\"https:\/\/www.fundacionpuertocolombia.org\/wp-content\/uploads\/2022\/04\/estacion-2-1024x577.jpg\" alt=\"\" width=\"546\" height=\"307\" srcset=\"https:\/\/fundacionpuertocolombia.org\/wp-content\/uploads\/2022\/04\/estacion-2-1024x577.jpg 1024w, https:\/\/fundacionpuertocolombia.org\/wp-content\/uploads\/2022\/04\/estacion-2-300x169.jpg 300w, https:\/\/fundacionpuertocolombia.org\/wp-content\/uploads\/2022\/04\/estacion-2-768x432.jpg 768w, https:\/\/fundacionpuertocolombia.org\/wp-content\/uploads\/2022\/04\/estacion-2-1536x865.jpg 1536w, https:\/\/fundacionpuertocolombia.org\/wp-content\/uploads\/2022\/04\/estacion-2-2048x1153.jpg 2048w, https:\/\/fundacionpuertocolombia.org\/wp-content\/uploads\/2022\/04\/estacion-2-250x141.jpg 250w, https:\/\/fundacionpuertocolombia.org\/wp-content\/uploads\/2022\/04\/estacion-2-150x84.jpg 150w\" sizes=\"(max-width: 546px) 100vw, 546px\" \/><\/strong>La <strong>Fundaci\u00f3n Puerto Colombia<\/strong> se fund\u00f3 en 2009, como una iniciativa de organizaciones sociales y culturales, para impulsar proyectos y actividades de desarrollo cultural y social en Puerto Colombia. Estas organizaciones fueron: Corporaci\u00f3n C\u00edvica Puerto Colombia en Acci\u00f3n, Fundaci\u00f3n Prosperar, Centro Cultural Cayena de la Universidad del Norte, Fundaci\u00f3n Amigos del Arte del Caribe y Museo de Arte Moderno de Barranquilla. Se han sumado m\u00e1s organizaciones como Fedecaribe y personas naturales con gran capacidad de gesti\u00f3n.<\/p>\n<p>Hacemos proyectos de cooperaci\u00f3n con organizaciones p\u00fablicas como la Gobernaci\u00f3n del Atl\u00e1ntico, Alcald\u00eda de Barranquilla y Alcald\u00eda de Puerto Colombia, e internacionales como el Banco Interamericano de Desarrollo &#8211; BID.<\/p>\n<p>Con el prop\u00f3sito de impulsar actividades culturales en el municipio, la Fundaci\u00f3n y las organizaciones que la conforman han venido llevando a cabo continuas acciones de apoyo, organizaci\u00f3n y proyecci\u00f3n de las mismas. Es as\u00ed como ha estado presente en festivales, exposiciones, desfiles, conciertos, presentaciones con la orquesta sinf\u00f3nica, muestras art\u00edsticas y culturales, apoyo a grupos musicales, artesanos, entre otros. Igualmente, la Fundaci\u00f3n ha formulado propuestas y ha orientado estrategias exitosas de divulgaci\u00f3n para atraer a Puerto Colombia artistas e intelectuales de otras regiones del pa\u00eds y del exterior como invitados.<\/p>\n<p>Actualmente, la Fundaci\u00f3n cuenta con un amplio inventario y base de datos de los artistas, as\u00ed como de las expresiones art\u00edsticas disponibles en el municipio: pintores, escultores, artesanos, escritores, bailarines de danza contempor\u00e1nea, actores de teatro, cine y tv, m\u00fasicos, agrupaciones musicales y una orquesta sinf\u00f3nica, al igual que un sin n\u00famero de miembros de la comunidad que cuentan con saberes y tradiciones culturales propias del contexto. Varios de estos artistas han sido merecedores de reconocimientos nacionales e internacionales en concursos y convocatorias en diferentes disciplinas.<\/p>\n<p>La Fundaci\u00f3n a partir del a\u00f1o 2020 inici\u00f3 el proyecto para convertir la Estaci\u00f3n Ferrocarril, sede de la entidad desde 2010, en la Estaci\u00f3n Memoria Hist\u00f3rica Inmigrantes de Puerto Colombia; un Centro de Memoria para salvaguardar la transformaci\u00f3n social, cultural, econ\u00f3mica, de los miles de inmigrantes que ingresaron por el Muelle de Puerto Colombia, a finales de siglo XIX y comienzos de siglo XX.<\/p>\n<p>Trabajamos conjuntamente con la comunidad de artistas residentes en el municipio de Puerto Colombia, para fortalecer la oferta cultural que existe y crear escenarios indispensables para la misma. De tal modo que el municipio se establezca en un destino de referencia para el turismo cultural (hist\u00f3rico, art\u00edstico, artesanal, entre otras expresiones) en la Regi\u00f3n Caribe, e impulsar as\u00ed el desarrollo social y econ\u00f3mico de la poblaci\u00f3n.<\/p>","protected":false},"excerpt":{"rendered":"<p>La Fundaci\u00f3n Puerto Colombia se fund\u00f3 en 2009, como una iniciativa de organizaciones sociales y culturales, para impulsar proyectos y\u2026 <a class=\"continue-reading-link\" href=\"https:\/\/fundacionpuertocolombia.org\/en\/la-fundacion\/nosotros-fundacion-puerto-colombia\/\">Seguir Leyendo<\/a><\/p>","protected":false},"author":1,"featured_media":0,"parent":28,"menu_order":3,"comment_status":"closed","ping_status":"closed","template":"","meta":{"footnotes":""},"class_list":["post-2","page","type-page","status-publish","hentry"],"yoast_head":"<!-- This site is optimized with the Yoast SEO Premium plugin v22.2 (Yoast SEO v27.4) - https:\/\/yoast.com\/product\/yoast-seo-premium-wordpress\/ -->\n<title>Nuestra Historia - Fundaci\u00f3n Puerto Colombia<\/title>\n<meta name=\"robots\" content=\"index, follow, max-snippet:-1, max-image-preview:large, max-video-preview:-1\" \/>\n<link rel=\"canonical\" href=\"https:\/\/fundacionpuertocolombia.org\/en\/la-fundacion\/nosotros-fundacion-puerto-colombia\/\" \/>\n<meta property=\"og:locale\" content=\"en_US\" \/>\n<meta property=\"og:type\" content=\"article\" \/>\n<meta property=\"og:title\" content=\"Nuestra Historia\" \/>\n<meta property=\"og:description\" content=\"La Fundaci\u00f3n Puerto Colombia se fund\u00f3 en 2009, como una iniciativa de organizaciones sociales y culturales, para impulsar proyectos y\u2026 Seguir Leyendo\" \/>\n<meta property=\"og:url\" content=\"https:\/\/fundacionpuertocolombia.org\/en\/la-fundacion\/nosotros-fundacion-puerto-colombia\/\" \/>\n<meta property=\"og:site_name\" content=\"Fundaci\u00f3n Puerto Colombia\" \/>\n<meta property=\"article:modified_time\" content=\"2022-04-12T23:34:53+00:00\" \/>\n<meta property=\"og:image\" content=\"https:\/\/www.fundacionpuertocolombia.org\/wp-content\/uploads\/2022\/04\/estacion-2-1024x577.jpg\" \/>\n<meta name=\"twitter:card\" content=\"summary_large_image\" \/>\n<meta name=\"twitter:label1\" content=\"Est. reading time\" \/>\n\t<meta name=\"twitter:data1\" content=\"3 minutes\" \/>\n<script type=\"application\/ld+json\" class=\"yoast-schema-graph\">{\"@context\":\"https:\\\/\\\/schema.org\",\"@graph\":[{\"@type\":\"WebPage\",\"@id\":\"https:\\\/\\\/fundacionpuertocolombia.org\\\/la-fundacion\\\/nosotros-fundacion-puerto-colombia\\\/\",\"url\":\"https:\\\/\\\/fundacionpuertocolombia.org\\\/la-fundacion\\\/nosotros-fundacion-puerto-colombia\\\/\",\"name\":\"Nuestra Historia - Fundaci\u00f3n Puerto Colombia\",\"isPartOf\":{\"@id\":\"https:\\\/\\\/fundacionpuertocolombia.org\\\/#website\"},\"primaryImageOfPage\":{\"@id\":\"https:\\\/\\\/fundacionpuertocolombia.org\\\/la-fundacion\\\/nosotros-fundacion-puerto-colombia\\\/#primaryimage\"},\"image\":{\"@id\":\"https:\\\/\\\/fundacionpuertocolombia.org\\\/la-fundacion\\\/nosotros-fundacion-puerto-colombia\\\/#primaryimage\"},\"thumbnailUrl\":\"https:\\\/\\\/www.fundacionpuertocolombia.org\\\/wp-content\\\/uploads\\\/2022\\\/04\\\/estacion-2-1024x577.jpg\",\"datePublished\":\"2014-02-15T21:51:56+00:00\",\"dateModified\":\"2022-04-12T23:34:53+00:00\",\"breadcrumb\":{\"@id\":\"https:\\\/\\\/fundacionpuertocolombia.org\\\/la-fundacion\\\/nosotros-fundacion-puerto-colombia\\\/#breadcrumb\"},\"inLanguage\":\"en-US\",\"potentialAction\":[{\"@type\":\"ReadAction\",\"target\":[\"https:\\\/\\\/fundacionpuertocolombia.org\\\/la-fundacion\\\/nosotros-fundacion-puerto-colombia\\\/\"]}]},{\"@type\":\"ImageObject\",\"inLanguage\":\"en-US\",\"@id\":\"https:\\\/\\\/fundacionpuertocolombia.org\\\/la-fundacion\\\/nosotros-fundacion-puerto-colombia\\\/#primaryimage\",\"url\":\"https:\\\/\\\/www.fundacionpuertocolombia.org\\\/wp-content\\\/uploads\\\/2022\\\/04\\\/estacion-2-1024x577.jpg\",\"contentUrl\":\"https:\\\/\\\/www.fundacionpuertocolombia.org\\\/wp-content\\\/uploads\\\/2022\\\/04\\\/estacion-2-1024x577.jpg\"},{\"@type\":\"BreadcrumbList\",\"@id\":\"https:\\\/\\\/fundacionpuertocolombia.org\\\/la-fundacion\\\/nosotros-fundacion-puerto-colombia\\\/#breadcrumb\",\"itemListElement\":[{\"@type\":\"ListItem\",\"position\":1,\"name\":\"Portada\",\"item\":\"https:\\\/\\\/fundacionpuertocolombia.org\\\/\"},{\"@type\":\"ListItem\",\"position\":2,\"name\":\"La Fundaci\u00f3n\",\"item\":\"https:\\\/\\\/fundacionpuertocolombia.org\\\/la-fundacion\\\/\"},{\"@type\":\"ListItem\",\"position\":3,\"name\":\"Nuestra Historia\"}]},{\"@type\":\"WebSite\",\"@id\":\"https:\\\/\\\/fundacionpuertocolombia.org\\\/#website\",\"url\":\"https:\\\/\\\/fundacionpuertocolombia.org\\\/\",\"name\":\"Fundaci\u00f3n Puerto Colombia\",\"description\":\"Tierra Firme Para La Cultura!\",\"potentialAction\":[{\"@type\":\"SearchAction\",\"target\":{\"@type\":\"EntryPoint\",\"urlTemplate\":\"https:\\\/\\\/fundacionpuertocolombia.org\\\/?s={search_term_string}\"},\"query-input\":{\"@type\":\"PropertyValueSpecification\",\"valueRequired\":true,\"valueName\":\"search_term_string\"}}],\"inLanguage\":\"en-US\"}]}<\/script>\n<!-- \/ Yoast SEO Premium plugin. -->","yoast_head_json":{"title":"Nuestra Historia - Fundaci\u00f3n Puerto Colombia","robots":{"index":"index","follow":"follow","max-snippet":"max-snippet:-1","max-image-preview":"max-image-preview:large","max-video-preview":"max-video-preview:-1"},"canonical":"https:\/\/fundacionpuertocolombia.org\/en\/la-fundacion\/nosotros-fundacion-puerto-colombia\/","og_locale":"en_US","og_type":"article","og_title":"Nuestra Historia","og_description":"La Fundaci\u00f3n Puerto Colombia se fund\u00f3 en 2009, como una iniciativa de organizaciones sociales y culturales, para impulsar proyectos y\u2026 Seguir Leyendo","og_url":"https:\/\/fundacionpuertocolombia.org\/en\/la-fundacion\/nosotros-fundacion-puerto-colombia\/","og_site_name":"Fundaci\u00f3n Puerto Colombia","article_modified_time":"2022-04-12T23:34:53+00:00","og_image":[{"url":"https:\/\/www.fundacionpuertocolombia.org\/wp-content\/uploads\/2022\/04\/estacion-2-1024x577.jpg","type":"","width":"","height":""}],"twitter_card":"summary_large_image","twitter_misc":{"Est. reading time":"3 minutes"},"schema":{"@context":"https:\/\/schema.org","@graph":[{"@type":"WebPage","@id":"https:\/\/fundacionpuertocolombia.org\/la-fundacion\/nosotros-fundacion-puerto-colombia\/","url":"https:\/\/fundacionpuertocolombia.org\/la-fundacion\/nosotros-fundacion-puerto-colombia\/","name":"Nuestra Historia - Fundaci\u00f3n Puerto Colombia","isPartOf":{"@id":"https:\/\/fundacionpuertocolombia.org\/#website"},"primaryImageOfPage":{"@id":"https:\/\/fundacionpuertocolombia.org\/la-fundacion\/nosotros-fundacion-puerto-colombia\/#primaryimage"},"image":{"@id":"https:\/\/fundacionpuertocolombia.org\/la-fundacion\/nosotros-fundacion-puerto-colombia\/#primaryimage"},"thumbnailUrl":"https:\/\/www.fundacionpuertocolombia.org\/wp-content\/uploads\/2022\/04\/estacion-2-1024x577.jpg","datePublished":"2014-02-15T21:51:56+00:00","dateModified":"2022-04-12T23:34:53+00:00","breadcrumb":{"@id":"https:\/\/fundacionpuertocolombia.org\/la-fundacion\/nosotros-fundacion-puerto-colombia\/#breadcrumb"},"inLanguage":"en-US","potentialAction":[{"@type":"ReadAction","target":["https:\/\/fundacionpuertocolombia.org\/la-fundacion\/nosotros-fundacion-puerto-colombia\/"]}]},{"@type":"ImageObject","inLanguage":"en-US","@id":"https:\/\/fundacionpuertocolombia.org\/la-fundacion\/nosotros-fundacion-puerto-colombia\/#primaryimage","url":"https:\/\/www.fundacionpuertocolombia.org\/wp-content\/uploads\/2022\/04\/estacion-2-1024x577.jpg","contentUrl":"https:\/\/www.fundacionpuertocolombia.org\/wp-content\/uploads\/2022\/04\/estacion-2-1024x577.jpg"},{"@type":"BreadcrumbList","@id":"https:\/\/fundacionpuertocolombia.org\/la-fundacion\/nosotros-fundacion-puerto-colombia\/#breadcrumb","itemListElement":[{"@type":"ListItem","position":1,"name":"Portada","item":"https:\/\/fundacionpuertocolombia.org\/"},{"@type":"ListItem","position":2,"name":"La Fundaci\u00f3n","item":"https:\/\/fundacionpuertocolombia.org\/la-fundacion\/"},{"@type":"ListItem","position":3,"name":"Nuestra Historia"}]},{"@type":"WebSite","@id":"https:\/\/fundacionpuertocolombia.org\/#website","url":"https:\/\/fundacionpuertocolombia.org\/","name":"Fundaci\u00f3n Puerto Colombia","description":"Tierra Firme Para La Cultura!","potentialAction":[{"@type":"SearchAction","target":{"@type":"EntryPoint","urlTemplate":"https:\/\/fundacionpuertocolombia.org\/?s={search_term_string}"},"query-input":{"@type":"PropertyValueSpecification","valueRequired":true,"valueName":"search_term_string"}}],"inLanguage":"en-US"}]}},"_links":{"self":[{"href":"https:\/\/fundacionpuertocolombia.org\/en\/wp-json\/wp\/v2\/pages\/2","targetHints":{"allow":["GET"]}}],"collection":[{"href":"https:\/\/fundacionpuertocolombia.org\/en\/wp-json\/wp\/v2\/pages"}],"about":[{"href":"https:\/\/fundacionpuertocolombia.org\/en\/wp-json\/wp\/v2\/types\/page"}],"author":[{"embeddable":true,"href":"https:\/\/fundacionpuertocolombia.org\/en\/wp-json\/wp\/v2\/users\/1"}],"replies":[{"embeddable":true,"href":"https:\/\/fundacionpuertocolombia.org\/en\/wp-json\/wp\/v2\/comments?post=2"}],"version-history":[{"count":0,"href":"https:\/\/fundacionpuertocolombia.org\/en\/wp-json\/wp\/v2\/pages\/2\/revisions"}],"up":[{"embeddable":true,"href":"https:\/\/fundacionpuertocolombia.org\/en\/wp-json\/wp\/v2\/pages\/28"}],"wp:attachment":[{"href":"https:\/\/fundacionpuertocolombia.org\/en\/wp-json\/wp\/v2\/media?parent=2"}],"curies":[{"name":"wp","href":"https:\/\/api.w.org\/{rel}","templated":true}]}}