{"id":2443,"date":"2015-03-16T22:11:19","date_gmt":"2015-03-16T22:11:19","guid":{"rendered":"http:\/\/fundacionpuertocolombia.org\/?page_id=2443"},"modified":"2016-09-20T04:58:07","modified_gmt":"2016-09-20T04:58:07","slug":"coro-alberto-carbonell-coro-anfitrion","status":"publish","type":"page","link":"https:\/\/fundacionpuertocolombia.org\/en\/proyectos\/unmardevoces\/coro-alberto-carbonell-coro-anfitrion\/","title":{"rendered":"CORO ALBERTO CARBONELL"},"content":{"rendered":"<p><iframe width=\"800\" height=\"450\" src=\"https:\/\/www.youtube.com\/embed\/yfhdzIaE7XY?feature=oembed\" frameborder=\"0\" allowfullscreen><\/iframe><\/p>\n<p style=\"text-align: center;\"><a href=\"http:\/\/fundacionpuertocolombia.org\/wp-content\/uploads\/2014\/02\/Coro-Alberto-Carbonell-3.jpg\"><img fetchpriority=\"high\" decoding=\"async\" class=\"aligncenter wp-image-2441 size-full\" src=\"http:\/\/fundacionpuertocolombia.org\/wp-content\/uploads\/2014\/02\/Coro-Alberto-Carbonell-3.jpg\" alt=\"Coro Alberto Carbonell 3\" width=\"1008\" height=\"611\" srcset=\"https:\/\/fundacionpuertocolombia.org\/wp-content\/uploads\/2014\/02\/Coro-Alberto-Carbonell-3.jpg 1008w, https:\/\/fundacionpuertocolombia.org\/wp-content\/uploads\/2014\/02\/Coro-Alberto-Carbonell-3-300x182.jpg 300w, https:\/\/fundacionpuertocolombia.org\/wp-content\/uploads\/2014\/02\/Coro-Alberto-Carbonell-3-247x150.jpg 247w, https:\/\/fundacionpuertocolombia.org\/wp-content\/uploads\/2014\/02\/Coro-Alberto-Carbonell-3-150x91.jpg 150w\" sizes=\"(max-width: 1008px) 100vw, 1008px\" \/><\/a><\/p>\n<p>&nbsp;<\/p>\n<p style=\"text-align: left;\"><strong>CORO ALBERTO CARBONELL (Coro Anfitri\u00f3n)<\/strong><br \/>\nCoro juvenil mixto y polif\u00f3nico a 4 voces, fundado y dirigido desde el 2006 por Rosemberg Cueto S\u00e1nchez, como resultado del proceso coral infantil <em>Reina del Cielo<\/em> en Puerto Colombia. Actualmente lo integran 24 j\u00f3venes de la comunidad de Puerto Colombia.<\/p>\n<p style=\"text-align: left;\">En 2009 se articula, como proceso de fortalecimiento, a\u00a0la Escuela de M\u00fasica Municipal <em>Rafael Campo Miranda. <\/em>Adem\u00e1s de ser el coro organizador del <strong><em>FESTIVAL INTERNACIONAL DE COROS UN MAR DE VOCES<\/em><\/strong>, trabaja durante el a\u00f1o en la prestaci\u00f3n de servicios musicales para eventos sociales, religiosos, culturales y corporativos.<\/p>\n<p style=\"text-align: left;\">Gracias a su misi\u00f3n de difundir el arte coral por todo el departamento, y ser proponentes del intercambio cultural con otras agrupaciones dentro y fuera de Colombia; el Coro Alberto Carbonell cuenta con el apoyo institucional de la Gobernaci\u00f3n del Atl\u00e1ntico y la Alcald\u00eda Municipal de Puerto Colombia; sumado a la empresa privada y al apoyo de los Padres de Familia. De todo este trabajo ha surgido una nueva fase para el proceso, el cual es el Coro Infantil y Juvenil Puerto Colombia, dirigido por Mateo Tous; formado en el proceso iniciado\u00a0por Rosemberg.<\/p>\n<p style=\"text-align: left;\"><strong>Eventos Locales:<\/strong> Coro anfitri\u00f3n en las 8 versiones del <em>Encuentro Internacional de Coros Un Mar de Voces,\u00a0<\/em>que se realiza en la Ciudad de Barranquilla y Puerto Colombia; 8 versiones del Encuentro de Coros Ciudad de Barranquilla, 3 versiones del Encuentro Navide\u00f1o en la Iglesia Inmaculada Concepci\u00f3n de Barranquilla, II Festival Nacional de Coros Bellas Artes 2014.<\/p>\n<p style=\"text-align: left;\"><strong>Eventos Nacionales:<\/strong> XXIII Encuentro Internacional Coral Navide\u00f1o 2009 en la ciudad de Santa Marta. 2 Versiones del Festival Internacional de Coros Integraci\u00f3n 2012 y 2013 &#8211; Bogot\u00e1, Festival Regional de Coros Sincelejo 2013, Festival Internacional de Coros Javier Fajardo Ch\u00e1vez, San Juan de Pasto 2013; Festival de Coros Gustavo G\u00f3mez Ardila, Bucaramanga y Zapatoca\u00a02013; XIX Encuentro Coral de M\u00fasica Colombiana Buga-Valle del Cauca, 2014.<\/p>\n<p style=\"text-align: left;\"><strong>Eventos Internacionales:<\/strong> Festival Internacional de Coros <em>\u201cNuestras Voces al Ni\u00f1o Jes\u00fas\u201d<\/em> San Felipe, Estado de Yaracuy \u2013 Rep\u00fablica Bolivariana de Venezuela &#8211; 2012. Durante este evento el coro fue nombrado embajador cultural de la m\u00fasica coral, por la junta directiva del evento. Festival Latinoamericano de Coros Unicanto, Rio Cuarto, Argentina &#8211; 2014.<\/p>\n<p style=\"text-align: left;\">El Coro se encuentra actualmente asesorado y respaldado musicalmente por el maestro Alberto Carbonell, a quien hacemos un homenaje con este proyecto coral. Su repertorio contiene obras corales de car\u00e1cter universal, arreglos corales folcl\u00f3ricos y de m\u00fasica popular en formato a capella.<\/p>\n<p style=\"text-align: left;\"><strong>ROSEMBERG CUETO S\u00c1NCHEZ<\/strong><br \/>\nDirector<\/p>\n<p style=\"text-align: left;\">Naci\u00f3 el 17 de Marzo de 1987 en el Municipio de Puerto Colombia, Atl\u00e1ntico. Es cantante, director coral, arreglista y estudiante de Licenciatura en M\u00fasica en la Facultad de Bellas Artes, Universidad del Atl\u00e1ntico e Integrante del PNMC (Plan Nacional de M\u00fasica para la Convivencia) en el \u00e1rea de Coros. Ha participado en diversos talleres de direcci\u00f3n y pedagog\u00eda vocal, ofrecidos por el Ministerio de Cultura y sus alianzas con entidades como Corpacoros, Asodicor, entre otras; sin dejar de mencionar una de las m\u00e1s importantes, como lo es el taller realizado por la alianza Iberorquestas y el Ministerio de Cultura en el 2013 y 2014 y el Encuentro Nacional de Directores Corales ASODICOR , (Asociaci\u00f3n de Directores Corales de Colombia) del cual tambi\u00e9n hace parte como miembro activo desde su creaci\u00f3n.<\/p>\n<p style=\"text-align: left;\">Fundador y Director del <strong><em>Festival Internacional de Coros Un Mar de Voces<\/em><\/strong> en sus 8 Versiones, Fundador y director de los procesos corales aun activos, Coro Infantil Juvenil Reina del Cielo (2005), Coro Alberto Carbonell (2006), Grupo Coral y de M\u00fasica Tradicional del Corregimiento de Salgar(2012). Co Fundador de la Banda Sinf\u00f3nica Rafael Campo Miranda (2007). Reconocimientos: Artista destacado y homenajeado por el concejo municipal de cultura por la labor con los coros durante la celebraci\u00f3n del mes del Artista Nacional 2008. Exaltaci\u00f3n por su labor cultural, Art\u00edstica y pedag\u00f3gica en el municipio por parte de la Alcald\u00eda municipal (2011). Medalla por su dedicaci\u00f3n a la promoci\u00f3n y educaci\u00f3n en pro a la actividad coral de parte de la Gobernaci\u00f3n del Atl\u00e1ntico (2011) Exaltaci\u00f3n por su participaci\u00f3n en el \u201cFestival Internacional Nuestras Voces al Ni\u00f1o Jes\u00fas 2012\u201d en la Ciudad de San Felipe, Estado de Yaracuy, Venezuela. Premios Prospera al Coro Alberto Carbonell por la promoci\u00f3n y difusi\u00f3n cultural del Municipio a trav\u00e9s de la Gira Nacional 2013.<\/p>\n<p>&nbsp;<\/p>\n<p><a href=\"http:\/\/fundacionpuertocolombia.org\/wp-content\/uploads\/2014\/02\/coro-infantil-juvenil-puerto-colombia-2.jpg\"><img decoding=\"async\" class=\"aligncenter wp-image-2440 size-full\" src=\"http:\/\/fundacionpuertocolombia.org\/wp-content\/uploads\/2014\/02\/coro-infantil-juvenil-puerto-colombia-2.jpg\" alt=\"coro infantil - juvenil puerto colombia 2\" width=\"1021\" height=\"718\" srcset=\"https:\/\/fundacionpuertocolombia.org\/wp-content\/uploads\/2014\/02\/coro-infantil-juvenil-puerto-colombia-2.jpg 1021w, https:\/\/fundacionpuertocolombia.org\/wp-content\/uploads\/2014\/02\/coro-infantil-juvenil-puerto-colombia-2-300x211.jpg 300w, https:\/\/fundacionpuertocolombia.org\/wp-content\/uploads\/2014\/02\/coro-infantil-juvenil-puerto-colombia-2-213x150.jpg 213w, https:\/\/fundacionpuertocolombia.org\/wp-content\/uploads\/2014\/02\/coro-infantil-juvenil-puerto-colombia-2-150x105.jpg 150w\" sizes=\"(max-width: 1021px) 100vw, 1021px\" \/><\/a><\/p>","protected":false},"excerpt":{"rendered":"<p>&nbsp; CORO ALBERTO CARBONELL (Coro Anfitri\u00f3n) Coro juvenil mixto y polif\u00f3nico a 4 voces, fundado y dirigido desde el 2006\u2026 <a class=\"continue-reading-link\" href=\"https:\/\/fundacionpuertocolombia.org\/en\/proyectos\/unmardevoces\/coro-alberto-carbonell-coro-anfitrion\/\">Seguir Leyendo<\/a><\/p>","protected":false},"author":4,"featured_media":0,"parent":96,"menu_order":4,"comment_status":"closed","ping_status":"closed","template":"","meta":{"footnotes":""},"class_list":["post-2443","page","type-page","status-publish","hentry"],"yoast_head":"<!-- This site is optimized with the Yoast SEO Premium plugin v22.2 (Yoast SEO v27.4) - https:\/\/yoast.com\/product\/yoast-seo-premium-wordpress\/ -->\n<title>CORO ALBERTO CARBONELL - Fundaci\u00f3n Puerto Colombia<\/title>\n<meta name=\"robots\" content=\"index, follow, max-snippet:-1, max-image-preview:large, max-video-preview:-1\" \/>\n<link rel=\"canonical\" href=\"https:\/\/fundacionpuertocolombia.org\/en\/proyectos\/unmardevoces\/coro-alberto-carbonell-coro-anfitrion\/\" \/>\n<meta property=\"og:locale\" content=\"en_US\" \/>\n<meta property=\"og:type\" content=\"article\" \/>\n<meta property=\"og:title\" content=\"CORO ALBERTO CARBONELL\" \/>\n<meta property=\"og:description\" content=\"&nbsp; CORO ALBERTO CARBONELL (Coro Anfitri\u00f3n) Coro juvenil mixto y polif\u00f3nico a 4 voces, fundado y dirigido desde el 2006\u2026 Seguir Leyendo\" \/>\n<meta property=\"og:url\" content=\"https:\/\/fundacionpuertocolombia.org\/en\/proyectos\/unmardevoces\/coro-alberto-carbonell-coro-anfitrion\/\" \/>\n<meta property=\"og:site_name\" content=\"Fundaci\u00f3n Puerto Colombia\" \/>\n<meta property=\"article:modified_time\" content=\"2016-09-20T04:58:07+00:00\" \/>\n<meta property=\"og:image\" content=\"http:\/\/fundacionpuertocolombia.org\/wp-content\/uploads\/2014\/02\/Coro-Alberto-Carbonell-3.jpg\" \/>\n<meta name=\"twitter:card\" content=\"summary_large_image\" \/>\n<meta name=\"twitter:label1\" content=\"Est. reading time\" \/>\n\t<meta name=\"twitter:data1\" content=\"4 minutes\" \/>\n<script type=\"application\/ld+json\" class=\"yoast-schema-graph\">{\"@context\":\"https:\\\/\\\/schema.org\",\"@graph\":[{\"@type\":\"WebPage\",\"@id\":\"https:\\\/\\\/fundacionpuertocolombia.org\\\/proyectos\\\/unmardevoces\\\/coro-alberto-carbonell-coro-anfitrion\\\/\",\"url\":\"https:\\\/\\\/fundacionpuertocolombia.org\\\/proyectos\\\/unmardevoces\\\/coro-alberto-carbonell-coro-anfitrion\\\/\",\"name\":\"CORO ALBERTO CARBONELL - Fundaci\u00f3n Puerto Colombia\",\"isPartOf\":{\"@id\":\"https:\\\/\\\/fundacionpuertocolombia.org\\\/#website\"},\"primaryImageOfPage\":{\"@id\":\"https:\\\/\\\/fundacionpuertocolombia.org\\\/proyectos\\\/unmardevoces\\\/coro-alberto-carbonell-coro-anfitrion\\\/#primaryimage\"},\"image\":{\"@id\":\"https:\\\/\\\/fundacionpuertocolombia.org\\\/proyectos\\\/unmardevoces\\\/coro-alberto-carbonell-coro-anfitrion\\\/#primaryimage\"},\"thumbnailUrl\":\"http:\\\/\\\/fundacionpuertocolombia.org\\\/wp-content\\\/uploads\\\/2014\\\/02\\\/Coro-Alberto-Carbonell-3.jpg\",\"datePublished\":\"2015-03-16T22:11:19+00:00\",\"dateModified\":\"2016-09-20T04:58:07+00:00\",\"breadcrumb\":{\"@id\":\"https:\\\/\\\/fundacionpuertocolombia.org\\\/proyectos\\\/unmardevoces\\\/coro-alberto-carbonell-coro-anfitrion\\\/#breadcrumb\"},\"inLanguage\":\"en-US\",\"potentialAction\":[{\"@type\":\"ReadAction\",\"target\":[\"https:\\\/\\\/fundacionpuertocolombia.org\\\/proyectos\\\/unmardevoces\\\/coro-alberto-carbonell-coro-anfitrion\\\/\"]}]},{\"@type\":\"ImageObject\",\"inLanguage\":\"en-US\",\"@id\":\"https:\\\/\\\/fundacionpuertocolombia.org\\\/proyectos\\\/unmardevoces\\\/coro-alberto-carbonell-coro-anfitrion\\\/#primaryimage\",\"url\":\"http:\\\/\\\/fundacionpuertocolombia.org\\\/wp-content\\\/uploads\\\/2014\\\/02\\\/Coro-Alberto-Carbonell-3.jpg\",\"contentUrl\":\"http:\\\/\\\/fundacionpuertocolombia.org\\\/wp-content\\\/uploads\\\/2014\\\/02\\\/Coro-Alberto-Carbonell-3.jpg\"},{\"@type\":\"BreadcrumbList\",\"@id\":\"https:\\\/\\\/fundacionpuertocolombia.org\\\/proyectos\\\/unmardevoces\\\/coro-alberto-carbonell-coro-anfitrion\\\/#breadcrumb\",\"itemListElement\":[{\"@type\":\"ListItem\",\"position\":1,\"name\":\"Portada\",\"item\":\"https:\\\/\\\/fundacionpuertocolombia.org\\\/\"},{\"@type\":\"ListItem\",\"position\":2,\"name\":\"Proyectos\",\"item\":\"https:\\\/\\\/fundacionpuertocolombia.org\\\/proyectos\\\/\"},{\"@type\":\"ListItem\",\"position\":3,\"name\":\"&#8220;Un Mar de Voces&#8221;\",\"item\":\"https:\\\/\\\/fundacionpuertocolombia.org\\\/proyectos\\\/unmardevoces\\\/\"},{\"@type\":\"ListItem\",\"position\":4,\"name\":\"CORO ALBERTO CARBONELL\"}]},{\"@type\":\"WebSite\",\"@id\":\"https:\\\/\\\/fundacionpuertocolombia.org\\\/#website\",\"url\":\"https:\\\/\\\/fundacionpuertocolombia.org\\\/\",\"name\":\"Fundaci\u00f3n Puerto Colombia\",\"description\":\"Tierra Firme Para La Cultura!\",\"potentialAction\":[{\"@type\":\"SearchAction\",\"target\":{\"@type\":\"EntryPoint\",\"urlTemplate\":\"https:\\\/\\\/fundacionpuertocolombia.org\\\/?s={search_term_string}\"},\"query-input\":{\"@type\":\"PropertyValueSpecification\",\"valueRequired\":true,\"valueName\":\"search_term_string\"}}],\"inLanguage\":\"en-US\"}]}<\/script>\n<!-- \/ Yoast SEO Premium plugin. -->","yoast_head_json":{"title":"CORO ALBERTO CARBONELL - Fundaci\u00f3n Puerto Colombia","robots":{"index":"index","follow":"follow","max-snippet":"max-snippet:-1","max-image-preview":"max-image-preview:large","max-video-preview":"max-video-preview:-1"},"canonical":"https:\/\/fundacionpuertocolombia.org\/en\/proyectos\/unmardevoces\/coro-alberto-carbonell-coro-anfitrion\/","og_locale":"en_US","og_type":"article","og_title":"CORO ALBERTO CARBONELL","og_description":"&nbsp; CORO ALBERTO CARBONELL (Coro Anfitri\u00f3n) Coro juvenil mixto y polif\u00f3nico a 4 voces, fundado y dirigido desde el 2006\u2026 Seguir Leyendo","og_url":"https:\/\/fundacionpuertocolombia.org\/en\/proyectos\/unmardevoces\/coro-alberto-carbonell-coro-anfitrion\/","og_site_name":"Fundaci\u00f3n Puerto Colombia","article_modified_time":"2016-09-20T04:58:07+00:00","og_image":[{"url":"http:\/\/fundacionpuertocolombia.org\/wp-content\/uploads\/2014\/02\/Coro-Alberto-Carbonell-3.jpg","type":"","width":"","height":""}],"twitter_card":"summary_large_image","twitter_misc":{"Est. reading time":"4 minutes"},"schema":{"@context":"https:\/\/schema.org","@graph":[{"@type":"WebPage","@id":"https:\/\/fundacionpuertocolombia.org\/proyectos\/unmardevoces\/coro-alberto-carbonell-coro-anfitrion\/","url":"https:\/\/fundacionpuertocolombia.org\/proyectos\/unmardevoces\/coro-alberto-carbonell-coro-anfitrion\/","name":"CORO ALBERTO CARBONELL - Fundaci\u00f3n Puerto Colombia","isPartOf":{"@id":"https:\/\/fundacionpuertocolombia.org\/#website"},"primaryImageOfPage":{"@id":"https:\/\/fundacionpuertocolombia.org\/proyectos\/unmardevoces\/coro-alberto-carbonell-coro-anfitrion\/#primaryimage"},"image":{"@id":"https:\/\/fundacionpuertocolombia.org\/proyectos\/unmardevoces\/coro-alberto-carbonell-coro-anfitrion\/#primaryimage"},"thumbnailUrl":"http:\/\/fundacionpuertocolombia.org\/wp-content\/uploads\/2014\/02\/Coro-Alberto-Carbonell-3.jpg","datePublished":"2015-03-16T22:11:19+00:00","dateModified":"2016-09-20T04:58:07+00:00","breadcrumb":{"@id":"https:\/\/fundacionpuertocolombia.org\/proyectos\/unmardevoces\/coro-alberto-carbonell-coro-anfitrion\/#breadcrumb"},"inLanguage":"en-US","potentialAction":[{"@type":"ReadAction","target":["https:\/\/fundacionpuertocolombia.org\/proyectos\/unmardevoces\/coro-alberto-carbonell-coro-anfitrion\/"]}]},{"@type":"ImageObject","inLanguage":"en-US","@id":"https:\/\/fundacionpuertocolombia.org\/proyectos\/unmardevoces\/coro-alberto-carbonell-coro-anfitrion\/#primaryimage","url":"http:\/\/fundacionpuertocolombia.org\/wp-content\/uploads\/2014\/02\/Coro-Alberto-Carbonell-3.jpg","contentUrl":"http:\/\/fundacionpuertocolombia.org\/wp-content\/uploads\/2014\/02\/Coro-Alberto-Carbonell-3.jpg"},{"@type":"BreadcrumbList","@id":"https:\/\/fundacionpuertocolombia.org\/proyectos\/unmardevoces\/coro-alberto-carbonell-coro-anfitrion\/#breadcrumb","itemListElement":[{"@type":"ListItem","position":1,"name":"Portada","item":"https:\/\/fundacionpuertocolombia.org\/"},{"@type":"ListItem","position":2,"name":"Proyectos","item":"https:\/\/fundacionpuertocolombia.org\/proyectos\/"},{"@type":"ListItem","position":3,"name":"&#8220;Un Mar de Voces&#8221;","item":"https:\/\/fundacionpuertocolombia.org\/proyectos\/unmardevoces\/"},{"@type":"ListItem","position":4,"name":"CORO ALBERTO CARBONELL"}]},{"@type":"WebSite","@id":"https:\/\/fundacionpuertocolombia.org\/#website","url":"https:\/\/fundacionpuertocolombia.org\/","name":"Fundaci\u00f3n Puerto Colombia","description":"Tierra Firme Para La Cultura!","potentialAction":[{"@type":"SearchAction","target":{"@type":"EntryPoint","urlTemplate":"https:\/\/fundacionpuertocolombia.org\/?s={search_term_string}"},"query-input":{"@type":"PropertyValueSpecification","valueRequired":true,"valueName":"search_term_string"}}],"inLanguage":"en-US"}]}},"_links":{"self":[{"href":"https:\/\/fundacionpuertocolombia.org\/en\/wp-json\/wp\/v2\/pages\/2443","targetHints":{"allow":["GET"]}}],"collection":[{"href":"https:\/\/fundacionpuertocolombia.org\/en\/wp-json\/wp\/v2\/pages"}],"about":[{"href":"https:\/\/fundacionpuertocolombia.org\/en\/wp-json\/wp\/v2\/types\/page"}],"author":[{"embeddable":true,"href":"https:\/\/fundacionpuertocolombia.org\/en\/wp-json\/wp\/v2\/users\/4"}],"replies":[{"embeddable":true,"href":"https:\/\/fundacionpuertocolombia.org\/en\/wp-json\/wp\/v2\/comments?post=2443"}],"version-history":[{"count":0,"href":"https:\/\/fundacionpuertocolombia.org\/en\/wp-json\/wp\/v2\/pages\/2443\/revisions"}],"up":[{"embeddable":true,"href":"https:\/\/fundacionpuertocolombia.org\/en\/wp-json\/wp\/v2\/pages\/96"}],"wp:attachment":[{"href":"https:\/\/fundacionpuertocolombia.org\/en\/wp-json\/wp\/v2\/media?parent=2443"}],"curies":[{"name":"wp","href":"https:\/\/api.w.org\/{rel}","templated":true}]}}