{"id":3071,"date":"2015-07-03T20:25:56","date_gmt":"2015-07-03T20:25:56","guid":{"rendered":"http:\/\/fundacionpuertocolombia.org\/?page_id=3071"},"modified":"2016-02-22T21:35:23","modified_gmt":"2016-02-22T21:35:23","slug":"ultimas-exposiciones","status":"publish","type":"page","link":"https:\/\/fundacionpuertocolombia.org\/en\/proyectos\/estacion-arte\/ultimas-exposiciones\/","title":{"rendered":"\u00daLTIMAS EXPOSICIONES"},"content":{"rendered":"<h4 style=\"text-align: center;\">PERI\u00d3DICAMENTE, EN LA ANTIGUA ESTACI\u00d3N DEL FERROCARRIL, SEDE DE LA FUNDACI\u00d3N PUERTO COLOMBIA, SE REALIZAN EXPOSICIONES DE ARTISTAS LOCALES, REGIONALES, NACIONALES E INTERNACIONALES.\u00a0OBSERVA LAS \u00daLTIMAS MUESTRAS HECHAS EN LA ESTACI\u00d3N:<\/h4>\n<div id=\"attachment_3890\" style=\"width: 536px\" class=\"wp-caption aligncenter\"><a href=\"http:\/\/fundacionpuertocolombia.org\/en\/12717186_1025449837536098_7770956661385443937_n\/\" rel=\"attachment wp-att-3890\"><img fetchpriority=\"high\" decoding=\"async\" aria-describedby=\"caption-attachment-3890\" class=\"wp-image-3890 size-full\" src=\"http:\/\/fundacionpuertocolombia.org\/wp-content\/uploads\/2016\/02\/12717186_1025449837536098_7770956661385443937_n.jpg\" alt=\"12717186_1025449837536098_7770956661385443937_n\" width=\"526\" height=\"382\" srcset=\"https:\/\/fundacionpuertocolombia.org\/wp-content\/uploads\/2016\/02\/12717186_1025449837536098_7770956661385443937_n.jpg 526w, https:\/\/fundacionpuertocolombia.org\/wp-content\/uploads\/2016\/02\/12717186_1025449837536098_7770956661385443937_n-300x218.jpg 300w, https:\/\/fundacionpuertocolombia.org\/wp-content\/uploads\/2016\/02\/12717186_1025449837536098_7770956661385443937_n-207x150.jpg 207w, https:\/\/fundacionpuertocolombia.org\/wp-content\/uploads\/2016\/02\/12717186_1025449837536098_7770956661385443937_n-150x109.jpg 150w\" sizes=\"(max-width: 526px) 100vw, 526px\" \/><\/a><p id=\"caption-attachment-3890\" class=\"wp-caption-text\">Expo. Historia de Puerto Colombia. 2016<\/p><\/div>\n<div id=\"attachment_3873\" style=\"width: 310px\" class=\"wp-caption aligncenter\"><a href=\"http:\/\/fundacionpuertocolombia.org\/en\/12548906_1016532991761116_7299824089094046111_n\/\" rel=\"attachment wp-att-3873\"><img decoding=\"async\" aria-describedby=\"caption-attachment-3873\" class=\"wp-image-3873 size-medium\" src=\"http:\/\/fundacionpuertocolombia.org\/wp-content\/uploads\/2016\/01\/12548906_1016532991761116_7299824089094046111_n-300x300.jpg\" alt=\"12548906_1016532991761116_7299824089094046111_n\" width=\"300\" height=\"300\" \/><\/a><p id=\"caption-attachment-3873\" class=\"wp-caption-text\">Exp. Fundaci\u00f3n Sirenato de la Cumbia. 2016<\/p><\/div>\n<div id=\"attachment_3638\" style=\"width: 310px\" class=\"wp-caption aligncenter\"><a href=\"http:\/\/fundacionpuertocolombia.org\/en\/3602\/asi-se-vivio-el-lanzamiento-de-la-tercera-version-del-campeonato-nacional-colombiasurfspot-pro-2015\/img_1922-copia\/\" rel=\"attachment wp-att-3638\"><img decoding=\"async\" aria-describedby=\"caption-attachment-3638\" class=\"wp-image-3638 size-medium\" src=\"http:\/\/fundacionpuertocolombia.org\/wp-content\/uploads\/2015\/11\/IMG_1922-copia-300x244.jpg\" alt=\"\" width=\"300\" height=\"244\" \/><\/a><p id=\"caption-attachment-3638\" class=\"wp-caption-text\">Exp.Colectivo Colombia Surf Spot. 2015<\/p><\/div>\n<p><a href=\"http:\/\/fundacionpuertocolombia.org\/en\/3565\/viajando-por-los-cielos-de-puerto-con-carolina-zamudio\/1-img_1826\/\" rel=\"attachment wp-att-3567\"><img loading=\"lazy\" decoding=\"async\" class=\"size-medium wp-image-3567 aligncenter\" src=\"http:\/\/fundacionpuertocolombia.org\/wp-content\/uploads\/2015\/10\/1.-IMG_1826-300x239.jpg\" alt=\"Exp. Por cielos de puerto, Carolina Samudio.\" width=\"300\" height=\"239\" \/><\/a><\/p>\n<div id=\"attachment_3494\" style=\"width: 310px\" class=\"wp-caption aligncenter\"><a href=\"http:\/\/fundacionpuertocolombia.org\/wp-content\/uploads\/2015\/07\/IMG_0302-copia.jpg\"><img loading=\"lazy\" decoding=\"async\" aria-describedby=\"caption-attachment-3494\" class=\"wp-image-3494 size-medium\" src=\"http:\/\/fundacionpuertocolombia.org\/wp-content\/uploads\/2015\/07\/IMG_0302-copia-300x228.jpg\" alt=\"\" width=\"300\" height=\"228\" srcset=\"https:\/\/fundacionpuertocolombia.org\/wp-content\/uploads\/2015\/07\/IMG_0302-copia-300x228.jpg 300w, https:\/\/fundacionpuertocolombia.org\/wp-content\/uploads\/2015\/07\/IMG_0302-copia-1024x778.jpg 1024w, https:\/\/fundacionpuertocolombia.org\/wp-content\/uploads\/2015\/07\/IMG_0302-copia-600x456.jpg 600w, https:\/\/fundacionpuertocolombia.org\/wp-content\/uploads\/2015\/07\/IMG_0302-copia-197x150.jpg 197w, https:\/\/fundacionpuertocolombia.org\/wp-content\/uploads\/2015\/07\/IMG_0302-copia-150x114.jpg 150w\" sizes=\"(max-width: 300px) 100vw, 300px\" \/><\/a><p id=\"caption-attachment-3494\" class=\"wp-caption-text\">Expo. Lago del cisne? Arte y naturaleza&#8230;<\/p><\/div>\n<div id=\"attachment_3075\" style=\"width: 310px\" class=\"wp-caption aligncenter\"><a href=\"http:\/\/fundacionpuertocolombia.org\/wp-content\/uploads\/2015\/07\/IMG_9414.jpg\"><img loading=\"lazy\" decoding=\"async\" aria-describedby=\"caption-attachment-3075\" class=\"wp-image-3075 size-medium\" src=\"http:\/\/fundacionpuertocolombia.org\/wp-content\/uploads\/2015\/07\/IMG_9414-300x212.jpg\" alt=\"Carlos Bonil. Junio 2015\" width=\"300\" height=\"212\" srcset=\"https:\/\/fundacionpuertocolombia.org\/wp-content\/uploads\/2015\/07\/IMG_9414-300x212.jpg 300w, https:\/\/fundacionpuertocolombia.org\/wp-content\/uploads\/2015\/07\/IMG_9414-1024x722.jpg 1024w, https:\/\/fundacionpuertocolombia.org\/wp-content\/uploads\/2015\/07\/IMG_9414-600x423.jpg 600w, https:\/\/fundacionpuertocolombia.org\/wp-content\/uploads\/2015\/07\/IMG_9414-213x150.jpg 213w, https:\/\/fundacionpuertocolombia.org\/wp-content\/uploads\/2015\/07\/IMG_9414-150x106.jpg 150w\" sizes=\"(max-width: 300px) 100vw, 300px\" \/><\/a><p id=\"caption-attachment-3075\" class=\"wp-caption-text\">Carlos Bonil. Junio 2015<\/p><\/div>\n<div id=\"attachment_2750\" style=\"width: 310px\" class=\"wp-caption aligncenter\"><a href=\"http:\/\/fundacionpuertocolombia.org\/wp-content\/uploads\/2015\/05\/IMG_7769-e1431537231136.jpg\"><img loading=\"lazy\" decoding=\"async\" aria-describedby=\"caption-attachment-2750\" class=\"size-medium wp-image-2750\" src=\"http:\/\/fundacionpuertocolombia.org\/wp-content\/uploads\/2015\/05\/IMG_7769-300x231.jpg\" alt=\"Exp. Alex Garc\u00eda. Mayo 2015\" width=\"300\" height=\"231\" \/><\/a><p id=\"caption-attachment-2750\" class=\"wp-caption-text\">Exp. Alex Garc\u00eda. Mayo 2015<\/p><\/div>\n<div id=\"attachment_2744\" style=\"width: 310px\" class=\"wp-caption aligncenter\"><a href=\"http:\/\/fundacionpuertocolombia.org\/wp-content\/uploads\/2015\/05\/IMG_5014-e1431537304322.jpg\"><img loading=\"lazy\" decoding=\"async\" aria-describedby=\"caption-attachment-2744\" class=\"size-medium wp-image-2744\" src=\"http:\/\/fundacionpuertocolombia.org\/wp-content\/uploads\/2015\/05\/IMG_5014-300x225.jpg\" alt=\"Redes Sociales\" width=\"300\" height=\"225\" \/><\/a><p id=\"caption-attachment-2744\" class=\"wp-caption-text\">Exp. Jacqueline Brito. 2015<\/p><\/div>\n<p><a href=\"http:\/\/fundacionpuertocolombia.org\/wp-content\/uploads\/2015\/05\/IMG_7288-e1431537256239.jpg\"><img loading=\"lazy\" decoding=\"async\" class=\"size-medium wp-image-2742 aligncenter\" src=\"http:\/\/fundacionpuertocolombia.org\/wp-content\/uploads\/2015\/05\/IMG_7288-300x223.jpg\" alt=\"Encasillados\" width=\"300\" height=\"223\" \/><\/a><\/p>\n<div id=\"attachment_2738\" style=\"width: 310px\" class=\"wp-caption aligncenter\"><a href=\"http:\/\/fundacionpuertocolombia.org\/wp-content\/uploads\/2015\/05\/IMG_0846-e1431537390505.jpg\"><img loading=\"lazy\" decoding=\"async\" aria-describedby=\"caption-attachment-2738\" class=\"size-medium wp-image-2738\" src=\"http:\/\/fundacionpuertocolombia.org\/wp-content\/uploads\/2015\/05\/IMG_0846-300x225.jpg\" alt=\"Exp. Nicolas Sanin. 2014\" width=\"300\" height=\"225\" \/><\/a><p id=\"caption-attachment-2738\" class=\"wp-caption-text\">Exp. Nicolas Sanin. 2014<\/p><\/div>\n<p>&nbsp;<\/p>\n<p style=\"text-align: center;\">* Cualquier persona interesada en exponer en las instalaciones, puede enviar su propuesta a los siguientes correos: direcci\u00f3n@fundacionpuertocolombia.org &#8211; comunicaciones@fundacionpuertocolombia.org<\/p>","protected":false},"excerpt":{"rendered":"<p>PERI\u00d3DICAMENTE, EN LA ANTIGUA ESTACI\u00d3N DEL FERROCARRIL, SEDE DE LA FUNDACI\u00d3N PUERTO COLOMBIA, SE REALIZAN EXPOSICIONES DE ARTISTAS LOCALES, REGIONALES,\u2026 <a class=\"continue-reading-link\" href=\"https:\/\/fundacionpuertocolombia.org\/en\/proyectos\/estacion-arte\/ultimas-exposiciones\/\">Seguir Leyendo<\/a><\/p>","protected":false},"author":4,"featured_media":0,"parent":1701,"menu_order":0,"comment_status":"closed","ping_status":"closed","template":"","meta":{"footnotes":""},"class_list":["post-3071","page","type-page","status-publish","hentry"],"yoast_head":"<!-- This site is optimized with the Yoast SEO Premium plugin v22.2 (Yoast SEO v26.8) - https:\/\/yoast.com\/product\/yoast-seo-premium-wordpress\/ -->\n<title>\u00daLTIMAS EXPOSICIONES - Fundaci\u00f3n Puerto Colombia<\/title>\n<meta name=\"robots\" content=\"index, follow, max-snippet:-1, max-image-preview:large, max-video-preview:-1\" \/>\n<link rel=\"canonical\" href=\"https:\/\/fundacionpuertocolombia.org\/en\/proyectos\/estacion-arte\/ultimas-exposiciones\/\" \/>\n<meta property=\"og:locale\" content=\"en_US\" \/>\n<meta property=\"og:type\" content=\"article\" \/>\n<meta property=\"og:title\" content=\"\u00daLTIMAS EXPOSICIONES\" \/>\n<meta property=\"og:description\" content=\"PERI\u00d3DICAMENTE, EN LA ANTIGUA ESTACI\u00d3N DEL FERROCARRIL, SEDE DE LA FUNDACI\u00d3N PUERTO COLOMBIA, SE REALIZAN EXPOSICIONES DE ARTISTAS LOCALES, REGIONALES,\u2026 Seguir Leyendo\" \/>\n<meta property=\"og:url\" content=\"https:\/\/fundacionpuertocolombia.org\/en\/proyectos\/estacion-arte\/ultimas-exposiciones\/\" \/>\n<meta property=\"og:site_name\" content=\"Fundaci\u00f3n Puerto Colombia\" \/>\n<meta property=\"article:modified_time\" content=\"2016-02-22T21:35:23+00:00\" \/>\n<meta property=\"og:image\" content=\"http:\/\/fundacionpuertocolombia.org\/wp-content\/uploads\/2016\/02\/12717186_1025449837536098_7770956661385443937_n.jpg\" \/>\n<meta name=\"twitter:card\" content=\"summary_large_image\" \/>\n<meta name=\"twitter:label1\" content=\"Est. reading time\" \/>\n\t<meta name=\"twitter:data1\" content=\"1 minute\" \/>\n<script type=\"application\/ld+json\" class=\"yoast-schema-graph\">{\"@context\":\"https:\/\/schema.org\",\"@graph\":[{\"@type\":\"WebPage\",\"@id\":\"https:\/\/fundacionpuertocolombia.org\/proyectos\/estacion-arte\/ultimas-exposiciones\/\",\"url\":\"https:\/\/fundacionpuertocolombia.org\/proyectos\/estacion-arte\/ultimas-exposiciones\/\",\"name\":\"\u00daLTIMAS EXPOSICIONES - Fundaci\u00f3n Puerto Colombia\",\"isPartOf\":{\"@id\":\"https:\/\/fundacionpuertocolombia.org\/#website\"},\"primaryImageOfPage\":{\"@id\":\"https:\/\/fundacionpuertocolombia.org\/proyectos\/estacion-arte\/ultimas-exposiciones\/#primaryimage\"},\"image\":{\"@id\":\"https:\/\/fundacionpuertocolombia.org\/proyectos\/estacion-arte\/ultimas-exposiciones\/#primaryimage\"},\"thumbnailUrl\":\"http:\/\/fundacionpuertocolombia.org\/wp-content\/uploads\/2016\/02\/12717186_1025449837536098_7770956661385443937_n.jpg\",\"datePublished\":\"2015-07-03T20:25:56+00:00\",\"dateModified\":\"2016-02-22T21:35:23+00:00\",\"breadcrumb\":{\"@id\":\"https:\/\/fundacionpuertocolombia.org\/proyectos\/estacion-arte\/ultimas-exposiciones\/#breadcrumb\"},\"inLanguage\":\"en-US\",\"potentialAction\":[{\"@type\":\"ReadAction\",\"target\":[\"https:\/\/fundacionpuertocolombia.org\/proyectos\/estacion-arte\/ultimas-exposiciones\/\"]}]},{\"@type\":\"ImageObject\",\"inLanguage\":\"en-US\",\"@id\":\"https:\/\/fundacionpuertocolombia.org\/proyectos\/estacion-arte\/ultimas-exposiciones\/#primaryimage\",\"url\":\"http:\/\/fundacionpuertocolombia.org\/wp-content\/uploads\/2016\/02\/12717186_1025449837536098_7770956661385443937_n.jpg\",\"contentUrl\":\"http:\/\/fundacionpuertocolombia.org\/wp-content\/uploads\/2016\/02\/12717186_1025449837536098_7770956661385443937_n.jpg\"},{\"@type\":\"BreadcrumbList\",\"@id\":\"https:\/\/fundacionpuertocolombia.org\/proyectos\/estacion-arte\/ultimas-exposiciones\/#breadcrumb\",\"itemListElement\":[{\"@type\":\"ListItem\",\"position\":1,\"name\":\"Portada\",\"item\":\"https:\/\/fundacionpuertocolombia.org\/\"},{\"@type\":\"ListItem\",\"position\":2,\"name\":\"Proyectos\",\"item\":\"https:\/\/fundacionpuertocolombia.org\/proyectos\/\"},{\"@type\":\"ListItem\",\"position\":3,\"name\":\"Estacionarte\",\"item\":\"https:\/\/fundacionpuertocolombia.org\/proyectos\/estacion-arte\/\"},{\"@type\":\"ListItem\",\"position\":4,\"name\":\"\u00daLTIMAS EXPOSICIONES\"}]},{\"@type\":\"WebSite\",\"@id\":\"https:\/\/fundacionpuertocolombia.org\/#website\",\"url\":\"https:\/\/fundacionpuertocolombia.org\/\",\"name\":\"Fundaci\u00f3n Puerto Colombia\",\"description\":\"Tierra Firme Para La Cultura!\",\"potentialAction\":[{\"@type\":\"SearchAction\",\"target\":{\"@type\":\"EntryPoint\",\"urlTemplate\":\"https:\/\/fundacionpuertocolombia.org\/?s={search_term_string}\"},\"query-input\":{\"@type\":\"PropertyValueSpecification\",\"valueRequired\":true,\"valueName\":\"search_term_string\"}}],\"inLanguage\":\"en-US\"}]}<\/script>\n<!-- \/ Yoast SEO Premium plugin. -->","yoast_head_json":{"title":"\u00daLTIMAS EXPOSICIONES - Fundaci\u00f3n Puerto Colombia","robots":{"index":"index","follow":"follow","max-snippet":"max-snippet:-1","max-image-preview":"max-image-preview:large","max-video-preview":"max-video-preview:-1"},"canonical":"https:\/\/fundacionpuertocolombia.org\/en\/proyectos\/estacion-arte\/ultimas-exposiciones\/","og_locale":"en_US","og_type":"article","og_title":"\u00daLTIMAS EXPOSICIONES","og_description":"PERI\u00d3DICAMENTE, EN LA ANTIGUA ESTACI\u00d3N DEL FERROCARRIL, SEDE DE LA FUNDACI\u00d3N PUERTO COLOMBIA, SE REALIZAN EXPOSICIONES DE ARTISTAS LOCALES, REGIONALES,\u2026 Seguir Leyendo","og_url":"https:\/\/fundacionpuertocolombia.org\/en\/proyectos\/estacion-arte\/ultimas-exposiciones\/","og_site_name":"Fundaci\u00f3n Puerto Colombia","article_modified_time":"2016-02-22T21:35:23+00:00","og_image":[{"url":"http:\/\/fundacionpuertocolombia.org\/wp-content\/uploads\/2016\/02\/12717186_1025449837536098_7770956661385443937_n.jpg","type":"","width":"","height":""}],"twitter_card":"summary_large_image","twitter_misc":{"Est. reading time":"1 minute"},"schema":{"@context":"https:\/\/schema.org","@graph":[{"@type":"WebPage","@id":"https:\/\/fundacionpuertocolombia.org\/proyectos\/estacion-arte\/ultimas-exposiciones\/","url":"https:\/\/fundacionpuertocolombia.org\/proyectos\/estacion-arte\/ultimas-exposiciones\/","name":"\u00daLTIMAS EXPOSICIONES - Fundaci\u00f3n Puerto Colombia","isPartOf":{"@id":"https:\/\/fundacionpuertocolombia.org\/#website"},"primaryImageOfPage":{"@id":"https:\/\/fundacionpuertocolombia.org\/proyectos\/estacion-arte\/ultimas-exposiciones\/#primaryimage"},"image":{"@id":"https:\/\/fundacionpuertocolombia.org\/proyectos\/estacion-arte\/ultimas-exposiciones\/#primaryimage"},"thumbnailUrl":"http:\/\/fundacionpuertocolombia.org\/wp-content\/uploads\/2016\/02\/12717186_1025449837536098_7770956661385443937_n.jpg","datePublished":"2015-07-03T20:25:56+00:00","dateModified":"2016-02-22T21:35:23+00:00","breadcrumb":{"@id":"https:\/\/fundacionpuertocolombia.org\/proyectos\/estacion-arte\/ultimas-exposiciones\/#breadcrumb"},"inLanguage":"en-US","potentialAction":[{"@type":"ReadAction","target":["https:\/\/fundacionpuertocolombia.org\/proyectos\/estacion-arte\/ultimas-exposiciones\/"]}]},{"@type":"ImageObject","inLanguage":"en-US","@id":"https:\/\/fundacionpuertocolombia.org\/proyectos\/estacion-arte\/ultimas-exposiciones\/#primaryimage","url":"http:\/\/fundacionpuertocolombia.org\/wp-content\/uploads\/2016\/02\/12717186_1025449837536098_7770956661385443937_n.jpg","contentUrl":"http:\/\/fundacionpuertocolombia.org\/wp-content\/uploads\/2016\/02\/12717186_1025449837536098_7770956661385443937_n.jpg"},{"@type":"BreadcrumbList","@id":"https:\/\/fundacionpuertocolombia.org\/proyectos\/estacion-arte\/ultimas-exposiciones\/#breadcrumb","itemListElement":[{"@type":"ListItem","position":1,"name":"Portada","item":"https:\/\/fundacionpuertocolombia.org\/"},{"@type":"ListItem","position":2,"name":"Proyectos","item":"https:\/\/fundacionpuertocolombia.org\/proyectos\/"},{"@type":"ListItem","position":3,"name":"Estacionarte","item":"https:\/\/fundacionpuertocolombia.org\/proyectos\/estacion-arte\/"},{"@type":"ListItem","position":4,"name":"\u00daLTIMAS EXPOSICIONES"}]},{"@type":"WebSite","@id":"https:\/\/fundacionpuertocolombia.org\/#website","url":"https:\/\/fundacionpuertocolombia.org\/","name":"Fundaci\u00f3n Puerto Colombia","description":"Tierra Firme Para La Cultura!","potentialAction":[{"@type":"SearchAction","target":{"@type":"EntryPoint","urlTemplate":"https:\/\/fundacionpuertocolombia.org\/?s={search_term_string}"},"query-input":{"@type":"PropertyValueSpecification","valueRequired":true,"valueName":"search_term_string"}}],"inLanguage":"en-US"}]}},"_links":{"self":[{"href":"https:\/\/fundacionpuertocolombia.org\/en\/wp-json\/wp\/v2\/pages\/3071","targetHints":{"allow":["GET"]}}],"collection":[{"href":"https:\/\/fundacionpuertocolombia.org\/en\/wp-json\/wp\/v2\/pages"}],"about":[{"href":"https:\/\/fundacionpuertocolombia.org\/en\/wp-json\/wp\/v2\/types\/page"}],"author":[{"embeddable":true,"href":"https:\/\/fundacionpuertocolombia.org\/en\/wp-json\/wp\/v2\/users\/4"}],"replies":[{"embeddable":true,"href":"https:\/\/fundacionpuertocolombia.org\/en\/wp-json\/wp\/v2\/comments?post=3071"}],"version-history":[{"count":0,"href":"https:\/\/fundacionpuertocolombia.org\/en\/wp-json\/wp\/v2\/pages\/3071\/revisions"}],"up":[{"embeddable":true,"href":"https:\/\/fundacionpuertocolombia.org\/en\/wp-json\/wp\/v2\/pages\/1701"}],"wp:attachment":[{"href":"https:\/\/fundacionpuertocolombia.org\/en\/wp-json\/wp\/v2\/media?parent=3071"}],"curies":[{"name":"wp","href":"https:\/\/api.w.org\/{rel}","templated":true}]}}