{"id":4486,"date":"2016-09-12T23:04:56","date_gmt":"2016-09-12T23:04:56","guid":{"rendered":"http:\/\/fundacionpuertocolombia.org\/?page_id=4486"},"modified":"2017-04-03T23:00:16","modified_gmt":"2017-04-03T23:00:16","slug":"un-mar-de-voces-2016","status":"publish","type":"page","link":"https:\/\/fundacionpuertocolombia.org\/en\/proyectos\/unmardevoces\/un-mar-de-voces-2016\/","title":{"rendered":"Festival 2016"},"content":{"rendered":"<p><a href=\"http:\/\/fundacionpuertocolombia.org\/wp-content\/uploads\/2016\/09\/banner-patrocinadores-institucionales.png\"><img fetchpriority=\"high\" decoding=\"async\" class=\"aligncenter wp-image-4458 size-large\" src=\"http:\/\/fundacionpuertocolombia.org\/wp-content\/uploads\/2016\/09\/banner-patrocinadores-institucionales-1024x464.png\" alt=\"banner-patrocinadores-institucionales\" width=\"800\" height=\"363\" srcset=\"https:\/\/fundacionpuertocolombia.org\/wp-content\/uploads\/2016\/09\/banner-patrocinadores-institucionales-1024x464.png 1024w, https:\/\/fundacionpuertocolombia.org\/wp-content\/uploads\/2016\/09\/banner-patrocinadores-institucionales-300x136.png 300w, https:\/\/fundacionpuertocolombia.org\/wp-content\/uploads\/2016\/09\/banner-patrocinadores-institucionales-768x348.png 768w, https:\/\/fundacionpuertocolombia.org\/wp-content\/uploads\/2016\/09\/banner-patrocinadores-institucionales-600x272.png 600w, https:\/\/fundacionpuertocolombia.org\/wp-content\/uploads\/2016\/09\/banner-patrocinadores-institucionales-250x113.png 250w, https:\/\/fundacionpuertocolombia.org\/wp-content\/uploads\/2016\/09\/banner-patrocinadores-institucionales-150x68.png 150w, https:\/\/fundacionpuertocolombia.org\/wp-content\/uploads\/2016\/09\/banner-patrocinadores-institucionales.png 2008w\" sizes=\"(max-width: 800px) 100vw, 800px\" \/><\/a><\/p>\n<p style=\"text-align: left;\"><strong>UN MAR DE VOCES, 5 A\u00d1OS CANT\u00c1NDOLE AL ATL\u00c1NTICO<\/strong><br \/>\n\u2022 DEL 26 AL 29 DE SEPTIEMBRE SE LLEVAR\u00c1 A CABO EL <strong><em>V FESTIVAL INTERNACIONAL DE COROS \u201cUN MAR DE VOCES\u201d.<\/em><\/strong><br \/>\n\u2022 2 COROS INTERNACIONALES, 1 REGIONAL Y M\u00c1S DE 20 LOCALES CONFORMAN EL N\u00daMERO DE AGRUPACIONES PARTICIPANTES EN LA VERSI\u00d3N 2016 DEL FESTIVAL.<br \/>\n\u2022 EL DOMINGO 25 DE SEPTIEMBRE SER\u00c1 LA GRAN CANTAT\u00d3N POR EL ATL\u00c1NTICO EN LAS DIFERENTES PARROQUIAS DEL DEPARTAMENTO, BARRANQUILLA Y PUERTO COLOMBIA, MUNICIPIO ANFITRI\u00d3N DEL EVENTO.<\/p>\n<p>Del 26 al 29 de Septiembre Barranquilla, Puerto Colombia y el Atl\u00e1ntico se unen para inundar las calles, parques, parroquias, escuelas y plazas con el <strong><em>Festival Internacional de Coros \u201cUn Mar de Voces\u201d<\/em><\/strong>, que llega este a\u00f1o a su quinto aniversario.<\/p>\n<p style=\"text-align: left;\">Los coros de la Universidad Nacional de R\u00edo Cuarto de Argentina y Universo Vocal de Cuba, son las agrupaciones internacionales invitadas; de la Regi\u00f3n Caribe participa el Coro Cajamag de Santa Marta y m\u00e1s de 20 procesos corales del departamento y el distrito.<\/p>\n<p style=\"text-align: left;\">Previo a la apertura del festival, el domingo 25 de septiembre por primera vez se realizar\u00e1 la Gran Cantat\u00f3n por el Atl\u00e1ntico, en las parroquias de\u00a0los municipios como\u00a0Soledad, Malambo, Puerto Colombia y Barranquilla; y los corregimientos de Salgar y Puerto Giraldo.<\/p>\n<p style=\"text-align: center;\"><strong>PROGRAMACI\u00d3N SEMANA CORAL<\/strong><\/p>\n<p style=\"text-align: center;\"><strong>Apertura<\/strong><br \/>\n<strong>Lunes 26 de Septiembre<\/strong><br \/>\nParroquia Santa Isabel de Portugal<br \/>\nSalgar, Puerto Colombia \u2013 7:00 p.m.<\/p>\n<p style=\"text-align: center;\"><strong>X Festival de Coros Puerto Colombia<\/strong><br \/>\n<strong>Martes 27 de Septiembre<\/strong><br \/>\nPlaza Santuario mariano Nuestra Sra. Del Carmen<br \/>\nPuerto Colombia &#8211; 7:00 p.m.<\/p>\n<p style=\"text-align: center;\"><strong>X Concierto Departamental de Coros<\/strong><br \/>\n<strong>Mi\u00e9rcoles 28 de Septiembre<\/strong><br \/>\nConcha Ac\u00fastica Parque Sagrado Coraz\u00f3n<br \/>\nBarranquilla \u2013 5:00 p.m.<\/p>\n<p style=\"text-align: center;\"><strong>XV Festival Ciudad de Barranquilla (Clausura)<\/strong><br \/>\n<strong>Jueves 29 de Septiembre<\/strong><br \/>\nConcha Ac\u00fastica Parque Sagrado Coraz\u00f3n<br \/>\nBarranquilla \u2013 6:00 p.m.<\/p>","protected":false},"excerpt":{"rendered":"<p>UN MAR DE VOCES, 5 A\u00d1OS CANT\u00c1NDOLE AL ATL\u00c1NTICO \u2022 DEL 26 AL 29 DE SEPTIEMBRE SE LLEVAR\u00c1 A CABO\u2026 <a class=\"continue-reading-link\" href=\"https:\/\/fundacionpuertocolombia.org\/en\/proyectos\/unmardevoces\/un-mar-de-voces-2016\/\">Seguir Leyendo<\/a><\/p>","protected":false},"author":4,"featured_media":0,"parent":96,"menu_order":3,"comment_status":"closed","ping_status":"closed","template":"","meta":{"footnotes":""},"class_list":["post-4486","page","type-page","status-publish","hentry"],"yoast_head":"<!-- This site is optimized with the Yoast SEO Premium plugin v22.2 (Yoast SEO v26.8) - https:\/\/yoast.com\/product\/yoast-seo-premium-wordpress\/ -->\n<title>Festival 2016 - Fundaci\u00f3n Puerto Colombia<\/title>\n<meta name=\"robots\" content=\"index, follow, max-snippet:-1, max-image-preview:large, max-video-preview:-1\" \/>\n<link rel=\"canonical\" href=\"https:\/\/fundacionpuertocolombia.org\/en\/proyectos\/unmardevoces\/un-mar-de-voces-2016\/\" \/>\n<meta property=\"og:locale\" content=\"en_US\" \/>\n<meta property=\"og:type\" content=\"article\" \/>\n<meta property=\"og:title\" content=\"Festival 2016\" \/>\n<meta property=\"og:description\" content=\"UN MAR DE VOCES, 5 A\u00d1OS CANT\u00c1NDOLE AL ATL\u00c1NTICO \u2022 DEL 26 AL 29 DE SEPTIEMBRE SE LLEVAR\u00c1 A CABO\u2026 Seguir Leyendo\" \/>\n<meta property=\"og:url\" content=\"https:\/\/fundacionpuertocolombia.org\/en\/proyectos\/unmardevoces\/un-mar-de-voces-2016\/\" \/>\n<meta property=\"og:site_name\" content=\"Fundaci\u00f3n Puerto Colombia\" \/>\n<meta property=\"article:modified_time\" content=\"2017-04-03T23:00:16+00:00\" \/>\n<meta property=\"og:image\" content=\"http:\/\/fundacionpuertocolombia.org\/wp-content\/uploads\/2016\/09\/banner-patrocinadores-institucionales-1024x464.png\" \/>\n<meta name=\"twitter:card\" content=\"summary_large_image\" \/>\n<meta name=\"twitter:label1\" content=\"Est. reading time\" \/>\n\t<meta name=\"twitter:data1\" content=\"1 minute\" \/>\n<script type=\"application\/ld+json\" class=\"yoast-schema-graph\">{\"@context\":\"https:\/\/schema.org\",\"@graph\":[{\"@type\":\"WebPage\",\"@id\":\"https:\/\/fundacionpuertocolombia.org\/proyectos\/unmardevoces\/un-mar-de-voces-2016\/\",\"url\":\"https:\/\/fundacionpuertocolombia.org\/proyectos\/unmardevoces\/un-mar-de-voces-2016\/\",\"name\":\"Festival 2016 - Fundaci\u00f3n Puerto Colombia\",\"isPartOf\":{\"@id\":\"https:\/\/fundacionpuertocolombia.org\/#website\"},\"primaryImageOfPage\":{\"@id\":\"https:\/\/fundacionpuertocolombia.org\/proyectos\/unmardevoces\/un-mar-de-voces-2016\/#primaryimage\"},\"image\":{\"@id\":\"https:\/\/fundacionpuertocolombia.org\/proyectos\/unmardevoces\/un-mar-de-voces-2016\/#primaryimage\"},\"thumbnailUrl\":\"http:\/\/fundacionpuertocolombia.org\/wp-content\/uploads\/2016\/09\/banner-patrocinadores-institucionales-1024x464.png\",\"datePublished\":\"2016-09-12T23:04:56+00:00\",\"dateModified\":\"2017-04-03T23:00:16+00:00\",\"breadcrumb\":{\"@id\":\"https:\/\/fundacionpuertocolombia.org\/proyectos\/unmardevoces\/un-mar-de-voces-2016\/#breadcrumb\"},\"inLanguage\":\"en-US\",\"potentialAction\":[{\"@type\":\"ReadAction\",\"target\":[\"https:\/\/fundacionpuertocolombia.org\/proyectos\/unmardevoces\/un-mar-de-voces-2016\/\"]}]},{\"@type\":\"ImageObject\",\"inLanguage\":\"en-US\",\"@id\":\"https:\/\/fundacionpuertocolombia.org\/proyectos\/unmardevoces\/un-mar-de-voces-2016\/#primaryimage\",\"url\":\"http:\/\/fundacionpuertocolombia.org\/wp-content\/uploads\/2016\/09\/banner-patrocinadores-institucionales-1024x464.png\",\"contentUrl\":\"http:\/\/fundacionpuertocolombia.org\/wp-content\/uploads\/2016\/09\/banner-patrocinadores-institucionales-1024x464.png\"},{\"@type\":\"BreadcrumbList\",\"@id\":\"https:\/\/fundacionpuertocolombia.org\/proyectos\/unmardevoces\/un-mar-de-voces-2016\/#breadcrumb\",\"itemListElement\":[{\"@type\":\"ListItem\",\"position\":1,\"name\":\"Portada\",\"item\":\"https:\/\/fundacionpuertocolombia.org\/\"},{\"@type\":\"ListItem\",\"position\":2,\"name\":\"Proyectos\",\"item\":\"https:\/\/fundacionpuertocolombia.org\/proyectos\/\"},{\"@type\":\"ListItem\",\"position\":3,\"name\":\"&#8220;Un Mar de Voces&#8221;\",\"item\":\"https:\/\/fundacionpuertocolombia.org\/proyectos\/unmardevoces\/\"},{\"@type\":\"ListItem\",\"position\":4,\"name\":\"Festival 2016\"}]},{\"@type\":\"WebSite\",\"@id\":\"https:\/\/fundacionpuertocolombia.org\/#website\",\"url\":\"https:\/\/fundacionpuertocolombia.org\/\",\"name\":\"Fundaci\u00f3n Puerto Colombia\",\"description\":\"Tierra Firme Para La Cultura!\",\"potentialAction\":[{\"@type\":\"SearchAction\",\"target\":{\"@type\":\"EntryPoint\",\"urlTemplate\":\"https:\/\/fundacionpuertocolombia.org\/?s={search_term_string}\"},\"query-input\":{\"@type\":\"PropertyValueSpecification\",\"valueRequired\":true,\"valueName\":\"search_term_string\"}}],\"inLanguage\":\"en-US\"}]}<\/script>\n<!-- \/ Yoast SEO Premium plugin. -->","yoast_head_json":{"title":"Festival 2016 - Fundaci\u00f3n Puerto Colombia","robots":{"index":"index","follow":"follow","max-snippet":"max-snippet:-1","max-image-preview":"max-image-preview:large","max-video-preview":"max-video-preview:-1"},"canonical":"https:\/\/fundacionpuertocolombia.org\/en\/proyectos\/unmardevoces\/un-mar-de-voces-2016\/","og_locale":"en_US","og_type":"article","og_title":"Festival 2016","og_description":"UN MAR DE VOCES, 5 A\u00d1OS CANT\u00c1NDOLE AL ATL\u00c1NTICO \u2022 DEL 26 AL 29 DE SEPTIEMBRE SE LLEVAR\u00c1 A CABO\u2026 Seguir Leyendo","og_url":"https:\/\/fundacionpuertocolombia.org\/en\/proyectos\/unmardevoces\/un-mar-de-voces-2016\/","og_site_name":"Fundaci\u00f3n Puerto Colombia","article_modified_time":"2017-04-03T23:00:16+00:00","og_image":[{"url":"http:\/\/fundacionpuertocolombia.org\/wp-content\/uploads\/2016\/09\/banner-patrocinadores-institucionales-1024x464.png","type":"","width":"","height":""}],"twitter_card":"summary_large_image","twitter_misc":{"Est. reading time":"1 minute"},"schema":{"@context":"https:\/\/schema.org","@graph":[{"@type":"WebPage","@id":"https:\/\/fundacionpuertocolombia.org\/proyectos\/unmardevoces\/un-mar-de-voces-2016\/","url":"https:\/\/fundacionpuertocolombia.org\/proyectos\/unmardevoces\/un-mar-de-voces-2016\/","name":"Festival 2016 - Fundaci\u00f3n Puerto Colombia","isPartOf":{"@id":"https:\/\/fundacionpuertocolombia.org\/#website"},"primaryImageOfPage":{"@id":"https:\/\/fundacionpuertocolombia.org\/proyectos\/unmardevoces\/un-mar-de-voces-2016\/#primaryimage"},"image":{"@id":"https:\/\/fundacionpuertocolombia.org\/proyectos\/unmardevoces\/un-mar-de-voces-2016\/#primaryimage"},"thumbnailUrl":"http:\/\/fundacionpuertocolombia.org\/wp-content\/uploads\/2016\/09\/banner-patrocinadores-institucionales-1024x464.png","datePublished":"2016-09-12T23:04:56+00:00","dateModified":"2017-04-03T23:00:16+00:00","breadcrumb":{"@id":"https:\/\/fundacionpuertocolombia.org\/proyectos\/unmardevoces\/un-mar-de-voces-2016\/#breadcrumb"},"inLanguage":"en-US","potentialAction":[{"@type":"ReadAction","target":["https:\/\/fundacionpuertocolombia.org\/proyectos\/unmardevoces\/un-mar-de-voces-2016\/"]}]},{"@type":"ImageObject","inLanguage":"en-US","@id":"https:\/\/fundacionpuertocolombia.org\/proyectos\/unmardevoces\/un-mar-de-voces-2016\/#primaryimage","url":"http:\/\/fundacionpuertocolombia.org\/wp-content\/uploads\/2016\/09\/banner-patrocinadores-institucionales-1024x464.png","contentUrl":"http:\/\/fundacionpuertocolombia.org\/wp-content\/uploads\/2016\/09\/banner-patrocinadores-institucionales-1024x464.png"},{"@type":"BreadcrumbList","@id":"https:\/\/fundacionpuertocolombia.org\/proyectos\/unmardevoces\/un-mar-de-voces-2016\/#breadcrumb","itemListElement":[{"@type":"ListItem","position":1,"name":"Portada","item":"https:\/\/fundacionpuertocolombia.org\/"},{"@type":"ListItem","position":2,"name":"Proyectos","item":"https:\/\/fundacionpuertocolombia.org\/proyectos\/"},{"@type":"ListItem","position":3,"name":"&#8220;Un Mar de Voces&#8221;","item":"https:\/\/fundacionpuertocolombia.org\/proyectos\/unmardevoces\/"},{"@type":"ListItem","position":4,"name":"Festival 2016"}]},{"@type":"WebSite","@id":"https:\/\/fundacionpuertocolombia.org\/#website","url":"https:\/\/fundacionpuertocolombia.org\/","name":"Fundaci\u00f3n Puerto Colombia","description":"Tierra Firme Para La Cultura!","potentialAction":[{"@type":"SearchAction","target":{"@type":"EntryPoint","urlTemplate":"https:\/\/fundacionpuertocolombia.org\/?s={search_term_string}"},"query-input":{"@type":"PropertyValueSpecification","valueRequired":true,"valueName":"search_term_string"}}],"inLanguage":"en-US"}]}},"_links":{"self":[{"href":"https:\/\/fundacionpuertocolombia.org\/en\/wp-json\/wp\/v2\/pages\/4486","targetHints":{"allow":["GET"]}}],"collection":[{"href":"https:\/\/fundacionpuertocolombia.org\/en\/wp-json\/wp\/v2\/pages"}],"about":[{"href":"https:\/\/fundacionpuertocolombia.org\/en\/wp-json\/wp\/v2\/types\/page"}],"author":[{"embeddable":true,"href":"https:\/\/fundacionpuertocolombia.org\/en\/wp-json\/wp\/v2\/users\/4"}],"replies":[{"embeddable":true,"href":"https:\/\/fundacionpuertocolombia.org\/en\/wp-json\/wp\/v2\/comments?post=4486"}],"version-history":[{"count":0,"href":"https:\/\/fundacionpuertocolombia.org\/en\/wp-json\/wp\/v2\/pages\/4486\/revisions"}],"up":[{"embeddable":true,"href":"https:\/\/fundacionpuertocolombia.org\/en\/wp-json\/wp\/v2\/pages\/96"}],"wp:attachment":[{"href":"https:\/\/fundacionpuertocolombia.org\/en\/wp-json\/wp\/v2\/media?parent=4486"}],"curies":[{"name":"wp","href":"https:\/\/api.w.org\/{rel}","templated":true}]}}