{"id":5262,"date":"2017-09-21T14:45:44","date_gmt":"2017-09-21T14:45:44","guid":{"rendered":"http:\/\/fundacionpuertocolombia.org\/?page_id=5262"},"modified":"2017-09-21T14:59:37","modified_gmt":"2017-09-21T14:59:37","slug":"5262-2","status":"publish","type":"page","link":"https:\/\/fundacionpuertocolombia.org\/en\/proyectos\/unmardevoces\/5262-2\/","title":{"rendered":"Un Mar de Voces 2017"},"content":{"rendered":"<h2 style=\"text-align: center;\"><a href=\"http:\/\/fundacionpuertocolombia.org\/wp-content\/uploads\/2014\/02\/Baner-Mail-Chimp-01.jpg\"><img fetchpriority=\"high\" decoding=\"async\" class=\"size-large wp-image-5257 aligncenter\" src=\"http:\/\/fundacionpuertocolombia.org\/wp-content\/uploads\/2014\/02\/Baner-Mail-Chimp-01-1024x379.jpg\" alt=\"\" width=\"800\" height=\"296\" srcset=\"https:\/\/fundacionpuertocolombia.org\/wp-content\/uploads\/2014\/02\/Baner-Mail-Chimp-01-1024x379.jpg 1024w, https:\/\/fundacionpuertocolombia.org\/wp-content\/uploads\/2014\/02\/Baner-Mail-Chimp-01-300x111.jpg 300w, https:\/\/fundacionpuertocolombia.org\/wp-content\/uploads\/2014\/02\/Baner-Mail-Chimp-01-768x284.jpg 768w, https:\/\/fundacionpuertocolombia.org\/wp-content\/uploads\/2014\/02\/Baner-Mail-Chimp-01-600x222.jpg 600w, https:\/\/fundacionpuertocolombia.org\/wp-content\/uploads\/2014\/02\/Baner-Mail-Chimp-01-250x93.jpg 250w, https:\/\/fundacionpuertocolombia.org\/wp-content\/uploads\/2014\/02\/Baner-Mail-Chimp-01-150x56.jpg 150w\" sizes=\"(max-width: 800px) 100vw, 800px\" \/><\/a><\/h2>\n<h2 style=\"text-align: center;\"><strong>SIGUE LA ONDA MUSICAL EN EL CARIBE<\/strong><br \/>\n<strong>DESPU\u00c9S DEL JAZZ, LLEGAN LOS COROS<\/strong><\/h2>\n<p style=\"text-align: left;\">&#8211; EL ATL\u00c1NTICO SE SUMERGE EN UN MAR DE VOCES DEL 28 DE SEPTIEMBRE AL 1 DE OCTUBRE, SIGUE LA M\u00daSICA CON M\u00c1S DE 20 CORALES QUE ENGALANAN NUESTRA REGI\u00d3N.<\/p>\n<p style=\"text-align: left;\">&#8211; DESDE ESTE VIERNES 22 DE SEPTIEMBRE EL FESTIVAL SE TOMA LAS PARROQUIAS MUNICIPALES, COLEGIOS, ESPACIOS P\u00daBLICOS Y PLAZOLETAS.<!--more--><\/p>\n<p>Puerto Colombia, septiembre 20 de 2017.<\/p>\n<p>Como en a\u00f1os anteriores, la Gobernaci\u00f3n del Atl\u00e1ntico, la Alcald\u00eda Distrital de Barranquilla y la Alcald\u00eda Municipal de Puerto Colombia se unen para dar lugar al VI FESTIVAL INTERNACIONAL DE COROS &#8220;UN MAR DE VOCES&#8221;, en esta versi\u00f3n contaremos con la participaci\u00f3n de 2 Coros Internacionales, nuestro pa\u00eds hermano Ecuador se hace presente con Voz Nova, y Venezuela nos acompa\u00f1a con la Coral Colegio de Abogados del Estado de Zulia.<\/p>\n<p>Es importante destacar que la edici\u00f3n 2017 de Un Mar de Voces fue seleccionado dentro del marco de la Ruta de Festivales del Atl\u00e1ntico &#8220;Atl\u00e1ntico Festeja&#8221;, propuesta de est\u00edmulos de la Secretar\u00eda de Cultura y Patrimonio Departamental, en la que se impulsan los 6 festivales mas importantes de nuestra regi\u00f3n.<\/p>\n<p>Igualmente el apoyo institucional de la Alcald\u00eda de Barranquilla, a trav\u00e9s de la Secretar\u00eda Distrital de Cultura, Patrimonio y Turismo, ha sido fundamental en el crecimiento del evento, que este a\u00f1o llega al Gran Malec\u00f3n, Sector Centro de Eventos y Exposiciones del Caribe Puerta de Oro, los d\u00edas 30 de Septiembre y 1 de Octubre, para el disfrute de todos los barranquilleros. Este respaldo del ente distrital se evidencia en el Premio Vida y Obra en el \u00e1rea de M\u00fasica, del Portafolio para el Desarrollo Art\u00edstico y Cultural del Distrito 2017, otorgado al maestro barranquillero Alberto Carbonell Jimeno, s\u00edmbolo de la m\u00fasica coral de Colombia y el mundo.<\/p>\n<p>Por su parte la Alcald\u00eda Municipal de Puerto Colombia, siempre ha cre\u00eddo en este proceso y por supuesto este a\u00f1o contin\u00faa apoyando el proceso del Festival, exaltando la labor del Coro Alberto Carbonell, anfitri\u00f3n del evento y orgullo del municipio.<\/p>\n<p><strong>NOVEDADES<\/strong><br \/>\nAdem\u00e1s de realizar el evento en un nuevo escenario, el Festival realizar\u00e1 presentaciones alternas a la programaci\u00f3n central, denominadas Olas Musicales, con el objetivo de promocionar los 4 d\u00edas oficiales del festival y conquistar lugares diferentes.<\/p>\n<p>Las olas musicales se realizar\u00e1n en espacios p\u00fablicos con gran afluencia en el municipio Puerto Colombia y la ciudad de Barranquilla, como las estaciones de Transmetro, flotas de buses intermunicipales y campus universitarios.<\/p>\n<p>Continuando con la toma de espacios ,este domingo 24 de septiembre se realizar\u00e1n conciertos simult\u00e1neos en las parroquias en Barranquilla, Puerto Colombia, Juan de Acosta y Galapa;donde las corales ser\u00e1n las protagonistas.<\/p>\n<p style=\"text-align: center;\"><strong>SUM\u00c9RGETE EN LA PROGRAMACI\u00d3N 2017<\/strong><\/p>\n<p style=\"text-align: center;\"><strong>APERTURA<\/strong><br \/>\n<strong>Jueves 28 de Septiembre<\/strong><br \/>\nParroquia Santa Isabel de Portugal,<br \/>\nCorregimiento de Salgar &#8211; 7:00 p.m.<\/p>\n<p style=\"text-align: center;\"><strong>XI ENCUENTRO DE COROS<\/strong><br \/>\nPuerto Colombia<br \/>\n<strong>Viernes 29 de Septiembre<\/strong><br \/>\nSantuario Mariano Ntra. Sra del Carmen<br \/>\nMunicipio de Puerto Colombia,<br \/>\nAtl\u00e1ntico &#8211; 5:00 p.m.<\/p>\n<p style=\"text-align: center;\"><strong>XVI FESTIVAL DE COROS CIUDAD DE BARRANQUILLA<\/strong><br \/>\nHomenaje al maestro Alberto Carbonell<br \/>\n<strong>S\u00e1bado 30 de Septiembre<\/strong><br \/>\nGran Malec\u00f3n, Sector Puerta de Oro,<br \/>\nBarranquilla, V\u00eda 40 No 79b -06<br \/>\n5:00 p.m.<\/p>\n<p style=\"text-align: center;\"><strong>CONCIERTO VOCES INFANTILES Y JUVENILES UNIDAS POR EL ATL\u00c1NTICO<\/strong><br \/>\nDomingo 01 de Octubre<br \/>\nGran Malec\u00f3n, Sector Puerta de Oro,<br \/>\nBarranquilla, V\u00eda 40 No 79b -06<br \/>\n5:00 p.m.<\/p>\n<p style=\"text-align: center;\"><strong>Coros Invitados<\/strong><br \/>\nBanda Vocal NVoz &#8211; Bogot\u00e1<br \/>\nCoro Voz Nova &#8211; Quito, Ecuador<br \/>\nCoral CAEZ &#8211; Venezuela<br \/>\nEscuela de M\u00fasica UIS &#8211; Bucaramanga<br \/>\nCoral Polif\u00f3nica Cajamag &#8211; St. Marta<br \/>\nCoro Polif\u00f3nico Icanteeri &#8211; Leticia<\/p>","protected":false},"excerpt":{"rendered":"<p>SIGUE LA ONDA MUSICAL EN EL CARIBE DESPU\u00c9S DEL JAZZ, LLEGAN LOS COROS &#8211; EL ATL\u00c1NTICO SE SUMERGE EN UN\u2026 <a class=\"continue-reading-link\" href=\"https:\/\/fundacionpuertocolombia.org\/en\/proyectos\/unmardevoces\/5262-2\/\">Seguir Leyendo<\/a><\/p>","protected":false},"author":4,"featured_media":0,"parent":96,"menu_order":3,"comment_status":"closed","ping_status":"closed","template":"","meta":{"footnotes":""},"class_list":["post-5262","page","type-page","status-publish","hentry"],"yoast_head":"<!-- This site is optimized with the Yoast SEO Premium plugin v22.2 (Yoast SEO v27.4) - https:\/\/yoast.com\/product\/yoast-seo-premium-wordpress\/ -->\n<title>Un Mar de Voces 2017 - Fundaci\u00f3n Puerto Colombia<\/title>\n<meta name=\"robots\" content=\"index, follow, max-snippet:-1, max-image-preview:large, max-video-preview:-1\" \/>\n<link rel=\"canonical\" href=\"https:\/\/fundacionpuertocolombia.org\/en\/proyectos\/unmardevoces\/5262-2\/\" \/>\n<meta property=\"og:locale\" content=\"en_US\" \/>\n<meta property=\"og:type\" content=\"article\" \/>\n<meta property=\"og:title\" content=\"Un Mar de Voces 2017\" \/>\n<meta property=\"og:description\" content=\"SIGUE LA ONDA MUSICAL EN EL CARIBE DESPU\u00c9S DEL JAZZ, LLEGAN LOS COROS &#8211; EL ATL\u00c1NTICO SE SUMERGE EN UN\u2026 Seguir Leyendo\" \/>\n<meta property=\"og:url\" content=\"https:\/\/fundacionpuertocolombia.org\/en\/proyectos\/unmardevoces\/5262-2\/\" \/>\n<meta property=\"og:site_name\" content=\"Fundaci\u00f3n Puerto Colombia\" \/>\n<meta property=\"article:modified_time\" content=\"2017-09-21T14:59:37+00:00\" \/>\n<meta property=\"og:image\" content=\"http:\/\/fundacionpuertocolombia.org\/wp-content\/uploads\/2014\/02\/Baner-Mail-Chimp-01-1024x379.jpg\" \/>\n<meta name=\"twitter:card\" content=\"summary_large_image\" \/>\n<meta name=\"twitter:label1\" content=\"Est. reading time\" \/>\n\t<meta name=\"twitter:data1\" content=\"3 minutes\" \/>\n<script type=\"application\/ld+json\" class=\"yoast-schema-graph\">{\"@context\":\"https:\\\/\\\/schema.org\",\"@graph\":[{\"@type\":\"WebPage\",\"@id\":\"https:\\\/\\\/fundacionpuertocolombia.org\\\/proyectos\\\/unmardevoces\\\/5262-2\\\/\",\"url\":\"https:\\\/\\\/fundacionpuertocolombia.org\\\/proyectos\\\/unmardevoces\\\/5262-2\\\/\",\"name\":\"Un Mar de Voces 2017 - Fundaci\u00f3n Puerto Colombia\",\"isPartOf\":{\"@id\":\"https:\\\/\\\/fundacionpuertocolombia.org\\\/#website\"},\"primaryImageOfPage\":{\"@id\":\"https:\\\/\\\/fundacionpuertocolombia.org\\\/proyectos\\\/unmardevoces\\\/5262-2\\\/#primaryimage\"},\"image\":{\"@id\":\"https:\\\/\\\/fundacionpuertocolombia.org\\\/proyectos\\\/unmardevoces\\\/5262-2\\\/#primaryimage\"},\"thumbnailUrl\":\"http:\\\/\\\/fundacionpuertocolombia.org\\\/wp-content\\\/uploads\\\/2014\\\/02\\\/Baner-Mail-Chimp-01-1024x379.jpg\",\"datePublished\":\"2017-09-21T14:45:44+00:00\",\"dateModified\":\"2017-09-21T14:59:37+00:00\",\"breadcrumb\":{\"@id\":\"https:\\\/\\\/fundacionpuertocolombia.org\\\/proyectos\\\/unmardevoces\\\/5262-2\\\/#breadcrumb\"},\"inLanguage\":\"en-US\",\"potentialAction\":[{\"@type\":\"ReadAction\",\"target\":[\"https:\\\/\\\/fundacionpuertocolombia.org\\\/proyectos\\\/unmardevoces\\\/5262-2\\\/\"]}]},{\"@type\":\"ImageObject\",\"inLanguage\":\"en-US\",\"@id\":\"https:\\\/\\\/fundacionpuertocolombia.org\\\/proyectos\\\/unmardevoces\\\/5262-2\\\/#primaryimage\",\"url\":\"http:\\\/\\\/fundacionpuertocolombia.org\\\/wp-content\\\/uploads\\\/2014\\\/02\\\/Baner-Mail-Chimp-01-1024x379.jpg\",\"contentUrl\":\"http:\\\/\\\/fundacionpuertocolombia.org\\\/wp-content\\\/uploads\\\/2014\\\/02\\\/Baner-Mail-Chimp-01-1024x379.jpg\"},{\"@type\":\"BreadcrumbList\",\"@id\":\"https:\\\/\\\/fundacionpuertocolombia.org\\\/proyectos\\\/unmardevoces\\\/5262-2\\\/#breadcrumb\",\"itemListElement\":[{\"@type\":\"ListItem\",\"position\":1,\"name\":\"Portada\",\"item\":\"https:\\\/\\\/fundacionpuertocolombia.org\\\/\"},{\"@type\":\"ListItem\",\"position\":2,\"name\":\"Proyectos\",\"item\":\"https:\\\/\\\/fundacionpuertocolombia.org\\\/proyectos\\\/\"},{\"@type\":\"ListItem\",\"position\":3,\"name\":\"&#8220;Un Mar de Voces&#8221;\",\"item\":\"https:\\\/\\\/fundacionpuertocolombia.org\\\/proyectos\\\/unmardevoces\\\/\"},{\"@type\":\"ListItem\",\"position\":4,\"name\":\"Un Mar de Voces 2017\"}]},{\"@type\":\"WebSite\",\"@id\":\"https:\\\/\\\/fundacionpuertocolombia.org\\\/#website\",\"url\":\"https:\\\/\\\/fundacionpuertocolombia.org\\\/\",\"name\":\"Fundaci\u00f3n Puerto Colombia\",\"description\":\"Tierra Firme Para La Cultura!\",\"potentialAction\":[{\"@type\":\"SearchAction\",\"target\":{\"@type\":\"EntryPoint\",\"urlTemplate\":\"https:\\\/\\\/fundacionpuertocolombia.org\\\/?s={search_term_string}\"},\"query-input\":{\"@type\":\"PropertyValueSpecification\",\"valueRequired\":true,\"valueName\":\"search_term_string\"}}],\"inLanguage\":\"en-US\"}]}<\/script>\n<!-- \/ Yoast SEO Premium plugin. -->","yoast_head_json":{"title":"Un Mar de Voces 2017 - Fundaci\u00f3n Puerto Colombia","robots":{"index":"index","follow":"follow","max-snippet":"max-snippet:-1","max-image-preview":"max-image-preview:large","max-video-preview":"max-video-preview:-1"},"canonical":"https:\/\/fundacionpuertocolombia.org\/en\/proyectos\/unmardevoces\/5262-2\/","og_locale":"en_US","og_type":"article","og_title":"Un Mar de Voces 2017","og_description":"SIGUE LA ONDA MUSICAL EN EL CARIBE DESPU\u00c9S DEL JAZZ, LLEGAN LOS COROS &#8211; EL ATL\u00c1NTICO SE SUMERGE EN UN\u2026 Seguir Leyendo","og_url":"https:\/\/fundacionpuertocolombia.org\/en\/proyectos\/unmardevoces\/5262-2\/","og_site_name":"Fundaci\u00f3n Puerto Colombia","article_modified_time":"2017-09-21T14:59:37+00:00","og_image":[{"url":"http:\/\/fundacionpuertocolombia.org\/wp-content\/uploads\/2014\/02\/Baner-Mail-Chimp-01-1024x379.jpg","type":"","width":"","height":""}],"twitter_card":"summary_large_image","twitter_misc":{"Est. reading time":"3 minutes"},"schema":{"@context":"https:\/\/schema.org","@graph":[{"@type":"WebPage","@id":"https:\/\/fundacionpuertocolombia.org\/proyectos\/unmardevoces\/5262-2\/","url":"https:\/\/fundacionpuertocolombia.org\/proyectos\/unmardevoces\/5262-2\/","name":"Un Mar de Voces 2017 - Fundaci\u00f3n Puerto Colombia","isPartOf":{"@id":"https:\/\/fundacionpuertocolombia.org\/#website"},"primaryImageOfPage":{"@id":"https:\/\/fundacionpuertocolombia.org\/proyectos\/unmardevoces\/5262-2\/#primaryimage"},"image":{"@id":"https:\/\/fundacionpuertocolombia.org\/proyectos\/unmardevoces\/5262-2\/#primaryimage"},"thumbnailUrl":"http:\/\/fundacionpuertocolombia.org\/wp-content\/uploads\/2014\/02\/Baner-Mail-Chimp-01-1024x379.jpg","datePublished":"2017-09-21T14:45:44+00:00","dateModified":"2017-09-21T14:59:37+00:00","breadcrumb":{"@id":"https:\/\/fundacionpuertocolombia.org\/proyectos\/unmardevoces\/5262-2\/#breadcrumb"},"inLanguage":"en-US","potentialAction":[{"@type":"ReadAction","target":["https:\/\/fundacionpuertocolombia.org\/proyectos\/unmardevoces\/5262-2\/"]}]},{"@type":"ImageObject","inLanguage":"en-US","@id":"https:\/\/fundacionpuertocolombia.org\/proyectos\/unmardevoces\/5262-2\/#primaryimage","url":"http:\/\/fundacionpuertocolombia.org\/wp-content\/uploads\/2014\/02\/Baner-Mail-Chimp-01-1024x379.jpg","contentUrl":"http:\/\/fundacionpuertocolombia.org\/wp-content\/uploads\/2014\/02\/Baner-Mail-Chimp-01-1024x379.jpg"},{"@type":"BreadcrumbList","@id":"https:\/\/fundacionpuertocolombia.org\/proyectos\/unmardevoces\/5262-2\/#breadcrumb","itemListElement":[{"@type":"ListItem","position":1,"name":"Portada","item":"https:\/\/fundacionpuertocolombia.org\/"},{"@type":"ListItem","position":2,"name":"Proyectos","item":"https:\/\/fundacionpuertocolombia.org\/proyectos\/"},{"@type":"ListItem","position":3,"name":"&#8220;Un Mar de Voces&#8221;","item":"https:\/\/fundacionpuertocolombia.org\/proyectos\/unmardevoces\/"},{"@type":"ListItem","position":4,"name":"Un Mar de Voces 2017"}]},{"@type":"WebSite","@id":"https:\/\/fundacionpuertocolombia.org\/#website","url":"https:\/\/fundacionpuertocolombia.org\/","name":"Fundaci\u00f3n Puerto Colombia","description":"Tierra Firme Para La Cultura!","potentialAction":[{"@type":"SearchAction","target":{"@type":"EntryPoint","urlTemplate":"https:\/\/fundacionpuertocolombia.org\/?s={search_term_string}"},"query-input":{"@type":"PropertyValueSpecification","valueRequired":true,"valueName":"search_term_string"}}],"inLanguage":"en-US"}]}},"_links":{"self":[{"href":"https:\/\/fundacionpuertocolombia.org\/en\/wp-json\/wp\/v2\/pages\/5262","targetHints":{"allow":["GET"]}}],"collection":[{"href":"https:\/\/fundacionpuertocolombia.org\/en\/wp-json\/wp\/v2\/pages"}],"about":[{"href":"https:\/\/fundacionpuertocolombia.org\/en\/wp-json\/wp\/v2\/types\/page"}],"author":[{"embeddable":true,"href":"https:\/\/fundacionpuertocolombia.org\/en\/wp-json\/wp\/v2\/users\/4"}],"replies":[{"embeddable":true,"href":"https:\/\/fundacionpuertocolombia.org\/en\/wp-json\/wp\/v2\/comments?post=5262"}],"version-history":[{"count":0,"href":"https:\/\/fundacionpuertocolombia.org\/en\/wp-json\/wp\/v2\/pages\/5262\/revisions"}],"up":[{"embeddable":true,"href":"https:\/\/fundacionpuertocolombia.org\/en\/wp-json\/wp\/v2\/pages\/96"}],"wp:attachment":[{"href":"https:\/\/fundacionpuertocolombia.org\/en\/wp-json\/wp\/v2\/media?parent=5262"}],"curies":[{"name":"wp","href":"https:\/\/api.w.org\/{rel}","templated":true}]}}