{"id":6516,"date":"2020-05-26T04:31:48","date_gmt":"2020-05-26T04:31:48","guid":{"rendered":"http:\/\/fundacionpuertocolombia.org\/?page_id=6516"},"modified":"2024-11-15T18:25:56","modified_gmt":"2024-11-15T23:25:56","slug":"descubrir","status":"publish","type":"page","link":"https:\/\/fundacionpuertocolombia.org\/en\/proyectos\/descubrir\/","title":{"rendered":"DESCUBRIR"},"content":{"rendered":"<h4 class=\"wp-block-heading\">\u2022 <a href=\"https:\/\/www.youtube.com\/watch?v=H1CwXQ1b-_U\" target=\"_blank\" rel=\"noreferrer noopener\" aria-label=\"DES-CUBRIR, EXPOSICI\u00d3N VIRTUAL (abre en una nueva pesta\u00f1a)\">DES-CUBRIR, EXPOSICI\u00d3N VIRTUAL<\/a><br \/>\u2022 <a href=\"http:\/\/fundacionpuertocolombia.org\/en\/proyectos\/descubrir\/mecanica-de-des-cubrir\/\" target=\"_blank\" rel=\"noreferrer noopener\" aria-label=\" MEC\u00c1NICA DEL PROYECTO (abre en una nueva pesta\u00f1a)\">MEC\u00c1NICA DEL PROYECTO<\/a><br \/>\u2022 <a href=\"http:\/\/fundacionpuertocolombia.org\/en\/?page_id=6552&amp;preview=true&amp;_thumbnail_id=6524\" target=\"_blank\" rel=\"noreferrer noopener\" aria-label=\"DESCUBRIR PASO A PASO (abre en una nueva pesta\u00f1a)\">DESCUBRIR PASO A PASO<\/a><br \/>\u2022 <a href=\"https:\/\/www.fundacionpuertocolombia.org\/wp-content\/uploads\/2020\/08\/Cat\u00e1logo-Descubrir-baja.pdf\" target=\"_blank\" rel=\"noreferrer noopener\" aria-label=\"CAT\u00c1LOGO VIRTUAL (abre en una nueva pesta\u00f1a)\">CAT\u00c1LOGO VIRTUAL<\/a> \/ \u2022 <a href=\"https:\/\/atzilut.co\/360-tour\/\" target=\"_blank\" rel=\"noreferrer noopener\" aria-label=\"EXPERIENCIA 360\u00b0 (abre en una nueva pesta\u00f1a)\">EXPERIENCIA 360\u00b0<\/a><\/h4>\r\n\r\n\r\n\r\n<h3 class=\"wp-block-heading\">LA OPORTUNIDAD DE DES-CUBRIR<\/h3>\r\n\r\n\r\n\r\n<div class=\"wp-block-image\">\r\n<figure class=\"alignleft is-resized\"><img fetchpriority=\"high\" decoding=\"async\" class=\"wp-image-6515\" src=\"http:\/\/fundacionpuertocolombia.org\/wp-content\/uploads\/2020\/05\/Mapy.jpg\" alt=\"\" width=\"243\" height=\"243\" srcset=\"https:\/\/fundacionpuertocolombia.org\/wp-content\/uploads\/2020\/05\/Mapy.jpg 960w, https:\/\/fundacionpuertocolombia.org\/wp-content\/uploads\/2020\/05\/Mapy-150x150.jpg 150w, https:\/\/fundacionpuertocolombia.org\/wp-content\/uploads\/2020\/05\/Mapy-300x300.jpg 300w, https:\/\/fundacionpuertocolombia.org\/wp-content\/uploads\/2020\/05\/Mapy-768x768.jpg 768w, https:\/\/fundacionpuertocolombia.org\/wp-content\/uploads\/2020\/05\/Mapy-600x600.jpg 600w\" sizes=\"(max-width: 243px) 100vw, 243px\" \/><\/figure>\r\n<\/div>\r\n\r\n\r\n\r\n<p><em>Por: Mar\u00eda del Pilar Rodr\u00edguez, Curadora <\/em><\/p>\r\n\r\n\r\n\r\n<p>El acto de descubrir es abrir la puerta a la sorpresa, darle la batuta de nuestro actuar a ese ni\u00f1o o a esa ni\u00f1a que en alg\u00fan lado a\u00fan nos habita. Una mezcla entre el v\u00e9rtigo y la diversi\u00f3n que es el s\u00edmil perfecto de la experiencia de adquirir una obra de arte. Deliciosa acrobacia sensible de retener para el propio disfrute, una manifestaci\u00f3n est\u00e9tica humana que logra conmovernos de la misma forma como lo hace un ser vivo\u2026 Extraordinaria experiencia en cuya potencializaci\u00f3n se basa DES-CUBRIR, el sue\u00f1o que hoy hacemos realidad con Fundaci\u00f3n Puerto Colombia.<\/p>\r\n\r\n\r\n\r\n<p>Treinta y cuatro artistas nacionales, una artista cubana y un mexicano se entregaron a la creaci\u00f3n de una pieza de peque\u00f1o formato, teniendo libertad de tem\u00e1tica y t\u00e9cnica, pero cediendo dos aspectos muy importantes en el espectro de la reputaci\u00f3n de un artista: su firma y su nivel de cotizaci\u00f3n. Confirmando que su vocaci\u00f3n se encuentra m\u00e1s ligada a la verdadera m\u00edstica, que a las tendencias del mercado y absolutamente confiados en su calidad t\u00e9cnica por encima de los reconocimientos que rodean su nombre.<\/p>\r\n\r\n\r\n\r\n<p>Una obra sin el nombre del autor a la vista, es una obra desnuda, es una obra que debe defenderse ante el espectador solo con sus herramientas propias: el color, la composici\u00f3n, la t\u00e9cnica, el poder comunicacional, la fuerza de su mensaje. Aventura a la que cada uno de los 36 autores -parte de DES-CUBRIR- se exponen sin miramientos personales y s\u00ed con capacidad de pensar en colectivo.<\/p>\r\n\r\n\r\n\r\n<p>Un colectivo de artistas que dona su trabajo para apoyar a otros. Para desde su trabajo permitir el trabajo de otros. Conscientes de que en el mundo de la creatividad, la generosidad es un mandamiento maestro y superior. \u00bfPues que ser\u00eda de un artista contempor\u00e1neo si hace m\u00e1s de 40.000 a\u00f1os un pintor no hubiera dejado para siempre y a la vista de todos, su pintura en la Cantabria espa\u00f1ola?<\/p>\r\n\r\n\r\n\r\n<p>Todo creativo se nutre de otros: de su conocimiento, de su experiencia y de muchos aspectos que hacen posible el desarrollo de las ideas en la actualidad. Un acto de nutrici\u00f3n que tiene en DES-CUBRIR una acepci\u00f3n textual, cuando 36 artistas donan su trabajo para que 100 familias de hacedores culturales vinculados a Fundaci\u00f3n Puerto Colombia, tengan un alivio alimentario en momentos tan complejos como los que vive la humanidad a la luz de la pandemia del COVID-19.<\/p>\r\n\r\n\r\n\r\n<p>Lo m\u00e1s interesante es que DES-CUBRIR no solo es positivo para esos 100 beneficiarios. Es tambi\u00e9n una oportunidad \u00fanica para quienes les interesa tener una pieza art\u00edstica original, certificada y de calidad en sus casas. Una opci\u00f3n \u00fanica de adquirir a muy bajo costo, una de las 35 obras, que sin duda se cotizan en cifra superior y cuyo valor seguir\u00e1 avanzando en el tiempo.<\/p>\r\n\r\n\r\n\r\n<p>DES-CUBRIR es la posibilidad de tener en casa pinturas de artistas tan l\u00facidos en su est\u00e9tica y con sendas hojas de vida como: \u00d3scar Salamanca, Cuauht\u00e9moc Rodr\u00edguez, Camilo Calder\u00f3n, Jaime Osorio, Roberto Angulo o Luis Cabrera. Es el privilegio de perderse en las l\u00edneas espectrales y apasionadas de Rafael Dussan, visitar el caribe acuoso e id\u00edlico de Marta Z\u00fa\u00f1iga, acariciar las costas de Vivian Saad para luego sumergirse en las profundidades crom\u00e1ticas y reflexivas de Clara Mej\u00eda, sonre\u00edr ante la inocencia costera de Chelo Rodr\u00edguez, o vivir entre artilugios po\u00e9ticos de estirpe rom\u00e1ntica viendo una pieza de David S\u00e1nchez.<\/p>\r\n\r\n\r\n\r\n<p>DES-CUBRIR es cabalgar el mundo de malabares de Daniel Estrada, contemplar la ternura en la obra de David Osorio, entregarse a la sosegada contemplaci\u00f3n del milagro reci\u00e9n nacido en blanco y negro de Abdu Eljaiek, es adentrarse en la eleg\u00eda subconsciente de Tina Celis, abandonarse al surrealismo fotogr\u00e1fico contempor\u00e1neo de Enrique Garc\u00eda, dej\u00e1ndose sorprender en la m\u00edstica de Alejandro Dom\u00ednguez.<\/p>\r\n\r\n\r\n\r\n<p>DES-CUBRIR es sonre\u00edr en la c\u00e1lida simpat\u00eda naif de la obra de Vicky Debs, de Cana\u00e9 y de Mar\u00eda Alejandra Valencia, para luego levantar la mirada en tono reflexivo a la inteligencia est\u00e9tica de Mar\u00eda Rodr\u00edguez, en contrapunto a la tierna dulzura de Sof\u00eda Rodr\u00edguez, que es propicia para creer en los cuentos m\u00e1gicos que fabrica Jaqueline Britto y la fuerza femenina de Salwa Amastha.<\/p>\r\n\r\n\r\n\r\n<p>DES-CUBRIR es transitar el caribe y alimentar los sue\u00f1os en este pedazo de tierra insular que se nos dio por terru\u00f1o, en el universo multidimensional de Roy P\u00e9rez y de Mar\u00eda Elena Garc\u00eda Botero, la refrescante simpat\u00eda de Iguiflok y la mirada melanc\u00f3lica de Fuad Pumarejo en contraste rotundo con la carnestol\u00e9ndica presencia de N\u00e9stor Mart\u00ednez Celis, justo antes de debatirnos entre lo real y lo et\u00e9reo en la escultura de Ramiro Cuello, que nos prepara para las pieles de Camilo Pedraza, los juegos de Rub\u00e9n Teher\u00e1n y las est\u00e9ticas del \u00f3xido y los procesos naturales de \u00c1lvaro Diego G\u00f3mez Campuzano, confiando en poder expandir nuestras ideas tan ampliamente como las visiones nocturnas de Kevin Molano y la extraordinaria investigaci\u00f3n est\u00e9tica de Esteban Eljaiek que nos fija en la frontera entre la fotograf\u00eda y la pintura.<\/p>\r\n\r\n\r\n\r\n<p>Toda una aventura de sensaciones y emociones al alcance de la mano, en un momento hist\u00f3rico donde si algo necesita la humanidad es darse la oportunidad de DES-CUBRIR.<\/p>\r\n\r\n\r\n\r\n<div class=\"wp-block-image\">\r\n<figure class=\"aligncenter\"><img decoding=\"async\" width=\"1024\" height=\"576\" class=\"wp-image-6520\" src=\"http:\/\/fundacionpuertocolombia.org\/wp-content\/uploads\/2020\/05\/EXPOSICI\u00d3N-DES-CUBRIR_Photo-1-1024x576.jpg\" alt=\"\" srcset=\"https:\/\/fundacionpuertocolombia.org\/wp-content\/uploads\/2020\/05\/EXPOSICI\u00d3N-DES-CUBRIR_Photo-1-1024x576.jpg 1024w, https:\/\/fundacionpuertocolombia.org\/wp-content\/uploads\/2020\/05\/EXPOSICI\u00d3N-DES-CUBRIR_Photo-1-300x169.jpg 300w, https:\/\/fundacionpuertocolombia.org\/wp-content\/uploads\/2020\/05\/EXPOSICI\u00d3N-DES-CUBRIR_Photo-1-768x432.jpg 768w, https:\/\/fundacionpuertocolombia.org\/wp-content\/uploads\/2020\/05\/EXPOSICI\u00d3N-DES-CUBRIR_Photo-1-600x338.jpg 600w, https:\/\/fundacionpuertocolombia.org\/wp-content\/uploads\/2020\/05\/EXPOSICI\u00d3N-DES-CUBRIR_Photo-1-250x141.jpg 250w, https:\/\/fundacionpuertocolombia.org\/wp-content\/uploads\/2020\/05\/EXPOSICI\u00d3N-DES-CUBRIR_Photo-1-150x84.jpg 150w, https:\/\/fundacionpuertocolombia.org\/wp-content\/uploads\/2020\/05\/EXPOSICI\u00d3N-DES-CUBRIR_Photo-1.jpg 1920w\" sizes=\"(max-width: 1024px) 100vw, 1024px\" \/><\/figure>\r\n<\/div>","protected":false},"excerpt":{"rendered":"<p>\u2022 DES-CUBRIR, EXPOSICI\u00d3N VIRTUAL\u2022 MEC\u00c1NICA DEL PROYECTO\u2022 DESCUBRIR PASO A PASO\u2022 CAT\u00c1LOGO VIRTUAL \/ \u2022 EXPERIENCIA 360\u00b0 LA OPORTUNIDAD DE\u2026 <a class=\"continue-reading-link\" href=\"https:\/\/fundacionpuertocolombia.org\/en\/proyectos\/descubrir\/\">Seguir Leyendo<\/a><\/p>","protected":false},"author":1,"featured_media":6520,"parent":48,"menu_order":0,"comment_status":"closed","ping_status":"closed","template":"","meta":{"footnotes":""},"class_list":["post-6516","page","type-page","status-publish","has-post-thumbnail","hentry"],"yoast_head":"<!-- This site is optimized with the Yoast SEO Premium plugin v22.2 (Yoast SEO v26.8) - https:\/\/yoast.com\/product\/yoast-seo-premium-wordpress\/ -->\n<title>DESCUBRIR - Fundaci\u00f3n Puerto Colombia<\/title>\n<meta name=\"robots\" content=\"index, follow, max-snippet:-1, max-image-preview:large, max-video-preview:-1\" \/>\n<link rel=\"canonical\" href=\"https:\/\/fundacionpuertocolombia.org\/en\/proyectos\/descubrir\/\" \/>\n<meta property=\"og:locale\" content=\"en_US\" \/>\n<meta property=\"og:type\" content=\"article\" \/>\n<meta property=\"og:title\" content=\"DESCUBRIR\" \/>\n<meta property=\"og:description\" content=\"\u2022 DES-CUBRIR, EXPOSICI\u00d3N VIRTUAL\u2022 MEC\u00c1NICA DEL PROYECTO\u2022 DESCUBRIR PASO A PASO\u2022 CAT\u00c1LOGO VIRTUAL \/ \u2022 EXPERIENCIA 360\u00b0 LA OPORTUNIDAD DE\u2026 Seguir Leyendo\" \/>\n<meta property=\"og:url\" content=\"https:\/\/fundacionpuertocolombia.org\/en\/proyectos\/descubrir\/\" \/>\n<meta property=\"og:site_name\" content=\"Fundaci\u00f3n Puerto Colombia\" \/>\n<meta property=\"article:modified_time\" content=\"2024-11-15T23:25:56+00:00\" \/>\n<meta property=\"og:image\" content=\"https:\/\/fundacionpuertocolombia.org\/wp-content\/uploads\/2020\/05\/EXPOSICI\u00d3N-DES-CUBRIR_Photo-1.jpg\" \/>\n\t<meta property=\"og:image:width\" content=\"1920\" \/>\n\t<meta property=\"og:image:height\" content=\"1080\" \/>\n\t<meta property=\"og:image:type\" content=\"image\/jpeg\" \/>\n<meta name=\"twitter:card\" content=\"summary_large_image\" \/>\n<meta name=\"twitter:label1\" content=\"Est. reading time\" \/>\n\t<meta name=\"twitter:data1\" content=\"5 minutes\" \/>\n<script type=\"application\/ld+json\" class=\"yoast-schema-graph\">{\"@context\":\"https:\/\/schema.org\",\"@graph\":[{\"@type\":\"WebPage\",\"@id\":\"https:\/\/fundacionpuertocolombia.org\/proyectos\/descubrir\/\",\"url\":\"https:\/\/fundacionpuertocolombia.org\/proyectos\/descubrir\/\",\"name\":\"DESCUBRIR - Fundaci\u00f3n Puerto Colombia\",\"isPartOf\":{\"@id\":\"https:\/\/fundacionpuertocolombia.org\/#website\"},\"primaryImageOfPage\":{\"@id\":\"https:\/\/fundacionpuertocolombia.org\/proyectos\/descubrir\/#primaryimage\"},\"image\":{\"@id\":\"https:\/\/fundacionpuertocolombia.org\/proyectos\/descubrir\/#primaryimage\"},\"thumbnailUrl\":\"https:\/\/fundacionpuertocolombia.org\/wp-content\/uploads\/2020\/05\/EXPOSICI\u00d3N-DES-CUBRIR_Photo-1.jpg\",\"datePublished\":\"2020-05-26T04:31:48+00:00\",\"dateModified\":\"2024-11-15T23:25:56+00:00\",\"breadcrumb\":{\"@id\":\"https:\/\/fundacionpuertocolombia.org\/proyectos\/descubrir\/#breadcrumb\"},\"inLanguage\":\"en-US\",\"potentialAction\":[{\"@type\":\"ReadAction\",\"target\":[\"https:\/\/fundacionpuertocolombia.org\/proyectos\/descubrir\/\"]}]},{\"@type\":\"ImageObject\",\"inLanguage\":\"en-US\",\"@id\":\"https:\/\/fundacionpuertocolombia.org\/proyectos\/descubrir\/#primaryimage\",\"url\":\"https:\/\/fundacionpuertocolombia.org\/wp-content\/uploads\/2020\/05\/EXPOSICI\u00d3N-DES-CUBRIR_Photo-1.jpg\",\"contentUrl\":\"https:\/\/fundacionpuertocolombia.org\/wp-content\/uploads\/2020\/05\/EXPOSICI\u00d3N-DES-CUBRIR_Photo-1.jpg\",\"width\":1920,\"height\":1080},{\"@type\":\"BreadcrumbList\",\"@id\":\"https:\/\/fundacionpuertocolombia.org\/proyectos\/descubrir\/#breadcrumb\",\"itemListElement\":[{\"@type\":\"ListItem\",\"position\":1,\"name\":\"Portada\",\"item\":\"https:\/\/fundacionpuertocolombia.org\/\"},{\"@type\":\"ListItem\",\"position\":2,\"name\":\"Proyectos\",\"item\":\"https:\/\/fundacionpuertocolombia.org\/proyectos\/\"},{\"@type\":\"ListItem\",\"position\":3,\"name\":\"DESCUBRIR\"}]},{\"@type\":\"WebSite\",\"@id\":\"https:\/\/fundacionpuertocolombia.org\/#website\",\"url\":\"https:\/\/fundacionpuertocolombia.org\/\",\"name\":\"Fundaci\u00f3n Puerto Colombia\",\"description\":\"Tierra Firme Para La Cultura!\",\"potentialAction\":[{\"@type\":\"SearchAction\",\"target\":{\"@type\":\"EntryPoint\",\"urlTemplate\":\"https:\/\/fundacionpuertocolombia.org\/?s={search_term_string}\"},\"query-input\":{\"@type\":\"PropertyValueSpecification\",\"valueRequired\":true,\"valueName\":\"search_term_string\"}}],\"inLanguage\":\"en-US\"}]}<\/script>\n<!-- \/ Yoast SEO Premium plugin. -->","yoast_head_json":{"title":"DESCUBRIR - Fundaci\u00f3n Puerto Colombia","robots":{"index":"index","follow":"follow","max-snippet":"max-snippet:-1","max-image-preview":"max-image-preview:large","max-video-preview":"max-video-preview:-1"},"canonical":"https:\/\/fundacionpuertocolombia.org\/en\/proyectos\/descubrir\/","og_locale":"en_US","og_type":"article","og_title":"DESCUBRIR","og_description":"\u2022 DES-CUBRIR, EXPOSICI\u00d3N VIRTUAL\u2022 MEC\u00c1NICA DEL PROYECTO\u2022 DESCUBRIR PASO A PASO\u2022 CAT\u00c1LOGO VIRTUAL \/ \u2022 EXPERIENCIA 360\u00b0 LA OPORTUNIDAD DE\u2026 Seguir Leyendo","og_url":"https:\/\/fundacionpuertocolombia.org\/en\/proyectos\/descubrir\/","og_site_name":"Fundaci\u00f3n Puerto Colombia","article_modified_time":"2024-11-15T23:25:56+00:00","og_image":[{"width":1920,"height":1080,"url":"https:\/\/fundacionpuertocolombia.org\/wp-content\/uploads\/2020\/05\/EXPOSICI\u00d3N-DES-CUBRIR_Photo-1.jpg","type":"image\/jpeg"}],"twitter_card":"summary_large_image","twitter_misc":{"Est. reading time":"5 minutes"},"schema":{"@context":"https:\/\/schema.org","@graph":[{"@type":"WebPage","@id":"https:\/\/fundacionpuertocolombia.org\/proyectos\/descubrir\/","url":"https:\/\/fundacionpuertocolombia.org\/proyectos\/descubrir\/","name":"DESCUBRIR - Fundaci\u00f3n Puerto Colombia","isPartOf":{"@id":"https:\/\/fundacionpuertocolombia.org\/#website"},"primaryImageOfPage":{"@id":"https:\/\/fundacionpuertocolombia.org\/proyectos\/descubrir\/#primaryimage"},"image":{"@id":"https:\/\/fundacionpuertocolombia.org\/proyectos\/descubrir\/#primaryimage"},"thumbnailUrl":"https:\/\/fundacionpuertocolombia.org\/wp-content\/uploads\/2020\/05\/EXPOSICI\u00d3N-DES-CUBRIR_Photo-1.jpg","datePublished":"2020-05-26T04:31:48+00:00","dateModified":"2024-11-15T23:25:56+00:00","breadcrumb":{"@id":"https:\/\/fundacionpuertocolombia.org\/proyectos\/descubrir\/#breadcrumb"},"inLanguage":"en-US","potentialAction":[{"@type":"ReadAction","target":["https:\/\/fundacionpuertocolombia.org\/proyectos\/descubrir\/"]}]},{"@type":"ImageObject","inLanguage":"en-US","@id":"https:\/\/fundacionpuertocolombia.org\/proyectos\/descubrir\/#primaryimage","url":"https:\/\/fundacionpuertocolombia.org\/wp-content\/uploads\/2020\/05\/EXPOSICI\u00d3N-DES-CUBRIR_Photo-1.jpg","contentUrl":"https:\/\/fundacionpuertocolombia.org\/wp-content\/uploads\/2020\/05\/EXPOSICI\u00d3N-DES-CUBRIR_Photo-1.jpg","width":1920,"height":1080},{"@type":"BreadcrumbList","@id":"https:\/\/fundacionpuertocolombia.org\/proyectos\/descubrir\/#breadcrumb","itemListElement":[{"@type":"ListItem","position":1,"name":"Portada","item":"https:\/\/fundacionpuertocolombia.org\/"},{"@type":"ListItem","position":2,"name":"Proyectos","item":"https:\/\/fundacionpuertocolombia.org\/proyectos\/"},{"@type":"ListItem","position":3,"name":"DESCUBRIR"}]},{"@type":"WebSite","@id":"https:\/\/fundacionpuertocolombia.org\/#website","url":"https:\/\/fundacionpuertocolombia.org\/","name":"Fundaci\u00f3n Puerto Colombia","description":"Tierra Firme Para La Cultura!","potentialAction":[{"@type":"SearchAction","target":{"@type":"EntryPoint","urlTemplate":"https:\/\/fundacionpuertocolombia.org\/?s={search_term_string}"},"query-input":{"@type":"PropertyValueSpecification","valueRequired":true,"valueName":"search_term_string"}}],"inLanguage":"en-US"}]}},"_links":{"self":[{"href":"https:\/\/fundacionpuertocolombia.org\/en\/wp-json\/wp\/v2\/pages\/6516","targetHints":{"allow":["GET"]}}],"collection":[{"href":"https:\/\/fundacionpuertocolombia.org\/en\/wp-json\/wp\/v2\/pages"}],"about":[{"href":"https:\/\/fundacionpuertocolombia.org\/en\/wp-json\/wp\/v2\/types\/page"}],"author":[{"embeddable":true,"href":"https:\/\/fundacionpuertocolombia.org\/en\/wp-json\/wp\/v2\/users\/1"}],"replies":[{"embeddable":true,"href":"https:\/\/fundacionpuertocolombia.org\/en\/wp-json\/wp\/v2\/comments?post=6516"}],"version-history":[{"count":0,"href":"https:\/\/fundacionpuertocolombia.org\/en\/wp-json\/wp\/v2\/pages\/6516\/revisions"}],"up":[{"embeddable":true,"href":"https:\/\/fundacionpuertocolombia.org\/en\/wp-json\/wp\/v2\/pages\/48"}],"wp:featuredmedia":[{"embeddable":true,"href":"https:\/\/fundacionpuertocolombia.org\/en\/wp-json\/wp\/v2\/media\/6520"}],"wp:attachment":[{"href":"https:\/\/fundacionpuertocolombia.org\/en\/wp-json\/wp\/v2\/media?parent=6516"}],"curies":[{"name":"wp","href":"https:\/\/api.w.org\/{rel}","templated":true}]}}