{"id":6549,"date":"2020-05-26T05:05:30","date_gmt":"2020-05-26T05:05:30","guid":{"rendered":"http:\/\/fundacionpuertocolombia.org\/?page_id=6549"},"modified":"2020-05-26T05:05:30","modified_gmt":"2020-05-26T05:05:30","slug":"mecanica-de-des-cubrir","status":"publish","type":"page","link":"https:\/\/fundacionpuertocolombia.org\/en\/proyectos\/descubrir\/mecanica-de-des-cubrir\/","title":{"rendered":"MEC\u00c1NICA DE DES-CUBRIR"},"content":{"rendered":"<p>Descubrir es una experiencia art\u00edstica creada para que a muy bajo costo  tengas la oportunidad de adquirir una obra de arte certificada de gran calidad en peque\u00f1o formato (40cms x 40 cms), al tiempo que apoyas a 100 hacedores culturales del municipio de Puerto Colombia.<\/p>\n\n\n\n<p>DES-CUBRIR funciona bajo una mec\u00e1nica muy sencilla:<\/p>\n\n\n\n<ul class=\"wp-block-list\"><li>Compra la obra y env\u00eda comprobante (ver paso a paso siguiente p\u00e1gina). De acuerdo al orden de llegada de estos comprobantes se le asigna un n\u00famero a esa persona que pag\u00f3, que ser\u00e1 el n\u00famero de obra que le corresponda. (Las obras tambi\u00e9n han sido numeradas de acuerdo con su orden de llegada  desde la  #1 a #35).<\/li><li>Es una compra a ciegas, que es justamente lo que permite que obras de distinto costo se puedan adquirir por solo $500.000 (quinientos mil pesos COP).<\/li><li>Por supuesto, todas las obras son de alta calidad y la inversi\u00f3n est\u00e1 segura. Todas son originales y se entregar\u00e1n debidamente certificadas. Las posibilidades son invertir el valor real de una obra, o quedarse con una que est\u00e1 mucho m\u00e1s cotizada. Hay de todos los niveles de cotizaci\u00f3n.<\/li><li>Con la donaci\u00f3n se benefician a 100 hacedores culturales del municipio de Puerto Colombia, invirtiendo en arte certificado.<\/li><li>No se puede seleccionar la obra a adquirir, pues justamente la compra a ciegas es la que permite que todas se puedan tener por un costo tan bajo.<\/li><\/ul>\n\n\n\n<div class=\"wp-block-image\"><figure class=\"aligncenter\"><img fetchpriority=\"high\" decoding=\"async\" width=\"1024\" height=\"576\" src=\"http:\/\/fundacionpuertocolombia.org\/wp-content\/uploads\/2020\/05\/EXPOSICI\u00d3N-DES-CUBRIR_Photo-7-1024x576.jpg\" alt=\"\" class=\"wp-image-6526\" srcset=\"https:\/\/fundacionpuertocolombia.org\/wp-content\/uploads\/2020\/05\/EXPOSICI\u00d3N-DES-CUBRIR_Photo-7-1024x576.jpg 1024w, https:\/\/fundacionpuertocolombia.org\/wp-content\/uploads\/2020\/05\/EXPOSICI\u00d3N-DES-CUBRIR_Photo-7-300x169.jpg 300w, https:\/\/fundacionpuertocolombia.org\/wp-content\/uploads\/2020\/05\/EXPOSICI\u00d3N-DES-CUBRIR_Photo-7-768x432.jpg 768w, https:\/\/fundacionpuertocolombia.org\/wp-content\/uploads\/2020\/05\/EXPOSICI\u00d3N-DES-CUBRIR_Photo-7-600x338.jpg 600w, https:\/\/fundacionpuertocolombia.org\/wp-content\/uploads\/2020\/05\/EXPOSICI\u00d3N-DES-CUBRIR_Photo-7-250x141.jpg 250w, https:\/\/fundacionpuertocolombia.org\/wp-content\/uploads\/2020\/05\/EXPOSICI\u00d3N-DES-CUBRIR_Photo-7-150x84.jpg 150w, https:\/\/fundacionpuertocolombia.org\/wp-content\/uploads\/2020\/05\/EXPOSICI\u00d3N-DES-CUBRIR_Photo-7.jpg 1920w\" sizes=\"(max-width: 1024px) 100vw, 1024px\" \/><\/figure><\/div>","protected":false},"excerpt":{"rendered":"<p>Descubrir es una experiencia art\u00edstica creada para que a muy bajo costo tengas la oportunidad de adquirir una obra de\u2026 <a class=\"continue-reading-link\" href=\"https:\/\/fundacionpuertocolombia.org\/en\/proyectos\/descubrir\/mecanica-de-des-cubrir\/\">Seguir Leyendo<\/a><\/p>","protected":false},"author":4,"featured_media":6526,"parent":6516,"menu_order":1,"comment_status":"closed","ping_status":"closed","template":"","meta":{"footnotes":""},"class_list":["post-6549","page","type-page","status-publish","has-post-thumbnail","hentry"],"yoast_head":"<!-- This site is optimized with the Yoast SEO Premium plugin v22.2 (Yoast SEO v27.4) - https:\/\/yoast.com\/product\/yoast-seo-premium-wordpress\/ -->\n<title>MEC\u00c1NICA DE DES-CUBRIR - Fundaci\u00f3n Puerto Colombia<\/title>\n<meta name=\"robots\" content=\"index, follow, max-snippet:-1, max-image-preview:large, max-video-preview:-1\" \/>\n<link rel=\"canonical\" href=\"https:\/\/fundacionpuertocolombia.org\/en\/proyectos\/descubrir\/mecanica-de-des-cubrir\/\" \/>\n<meta property=\"og:locale\" content=\"en_US\" \/>\n<meta property=\"og:type\" content=\"article\" \/>\n<meta property=\"og:title\" content=\"MEC\u00c1NICA DE DES-CUBRIR\" \/>\n<meta property=\"og:description\" content=\"Descubrir es una experiencia art\u00edstica creada para que a muy bajo costo tengas la oportunidad de adquirir una obra de\u2026 Seguir Leyendo\" \/>\n<meta property=\"og:url\" content=\"https:\/\/fundacionpuertocolombia.org\/en\/proyectos\/descubrir\/mecanica-de-des-cubrir\/\" \/>\n<meta property=\"og:site_name\" content=\"Fundaci\u00f3n Puerto Colombia\" \/>\n<meta property=\"og:image\" content=\"https:\/\/fundacionpuertocolombia.org\/wp-content\/uploads\/2020\/05\/EXPOSICI\u00d3N-DES-CUBRIR_Photo-7.jpg\" \/>\n\t<meta property=\"og:image:width\" content=\"1920\" \/>\n\t<meta property=\"og:image:height\" content=\"1080\" \/>\n\t<meta property=\"og:image:type\" content=\"image\/jpeg\" \/>\n<meta name=\"twitter:card\" content=\"summary_large_image\" \/>\n<meta name=\"twitter:label1\" content=\"Est. reading time\" \/>\n\t<meta name=\"twitter:data1\" content=\"1 minute\" \/>\n<script type=\"application\/ld+json\" class=\"yoast-schema-graph\">{\"@context\":\"https:\\\/\\\/schema.org\",\"@graph\":[{\"@type\":\"WebPage\",\"@id\":\"https:\\\/\\\/fundacionpuertocolombia.org\\\/proyectos\\\/descubrir\\\/mecanica-de-des-cubrir\\\/\",\"url\":\"https:\\\/\\\/fundacionpuertocolombia.org\\\/proyectos\\\/descubrir\\\/mecanica-de-des-cubrir\\\/\",\"name\":\"MEC\u00c1NICA DE DES-CUBRIR - Fundaci\u00f3n Puerto Colombia\",\"isPartOf\":{\"@id\":\"https:\\\/\\\/fundacionpuertocolombia.org\\\/#website\"},\"primaryImageOfPage\":{\"@id\":\"https:\\\/\\\/fundacionpuertocolombia.org\\\/proyectos\\\/descubrir\\\/mecanica-de-des-cubrir\\\/#primaryimage\"},\"image\":{\"@id\":\"https:\\\/\\\/fundacionpuertocolombia.org\\\/proyectos\\\/descubrir\\\/mecanica-de-des-cubrir\\\/#primaryimage\"},\"thumbnailUrl\":\"https:\\\/\\\/fundacionpuertocolombia.org\\\/wp-content\\\/uploads\\\/2020\\\/05\\\/EXPOSICI\u00d3N-DES-CUBRIR_Photo-7.jpg\",\"datePublished\":\"2020-05-26T05:05:30+00:00\",\"breadcrumb\":{\"@id\":\"https:\\\/\\\/fundacionpuertocolombia.org\\\/proyectos\\\/descubrir\\\/mecanica-de-des-cubrir\\\/#breadcrumb\"},\"inLanguage\":\"en-US\",\"potentialAction\":[{\"@type\":\"ReadAction\",\"target\":[\"https:\\\/\\\/fundacionpuertocolombia.org\\\/proyectos\\\/descubrir\\\/mecanica-de-des-cubrir\\\/\"]}]},{\"@type\":\"ImageObject\",\"inLanguage\":\"en-US\",\"@id\":\"https:\\\/\\\/fundacionpuertocolombia.org\\\/proyectos\\\/descubrir\\\/mecanica-de-des-cubrir\\\/#primaryimage\",\"url\":\"https:\\\/\\\/fundacionpuertocolombia.org\\\/wp-content\\\/uploads\\\/2020\\\/05\\\/EXPOSICI\u00d3N-DES-CUBRIR_Photo-7.jpg\",\"contentUrl\":\"https:\\\/\\\/fundacionpuertocolombia.org\\\/wp-content\\\/uploads\\\/2020\\\/05\\\/EXPOSICI\u00d3N-DES-CUBRIR_Photo-7.jpg\",\"width\":1920,\"height\":1080},{\"@type\":\"BreadcrumbList\",\"@id\":\"https:\\\/\\\/fundacionpuertocolombia.org\\\/proyectos\\\/descubrir\\\/mecanica-de-des-cubrir\\\/#breadcrumb\",\"itemListElement\":[{\"@type\":\"ListItem\",\"position\":1,\"name\":\"Portada\",\"item\":\"https:\\\/\\\/fundacionpuertocolombia.org\\\/\"},{\"@type\":\"ListItem\",\"position\":2,\"name\":\"Proyectos\",\"item\":\"https:\\\/\\\/fundacionpuertocolombia.org\\\/proyectos\\\/\"},{\"@type\":\"ListItem\",\"position\":3,\"name\":\"DESCUBRIR\",\"item\":\"https:\\\/\\\/fundacionpuertocolombia.org\\\/proyectos\\\/descubrir\\\/\"},{\"@type\":\"ListItem\",\"position\":4,\"name\":\"MEC\u00c1NICA DE DES-CUBRIR\"}]},{\"@type\":\"WebSite\",\"@id\":\"https:\\\/\\\/fundacionpuertocolombia.org\\\/#website\",\"url\":\"https:\\\/\\\/fundacionpuertocolombia.org\\\/\",\"name\":\"Fundaci\u00f3n Puerto Colombia\",\"description\":\"Tierra Firme Para La Cultura!\",\"potentialAction\":[{\"@type\":\"SearchAction\",\"target\":{\"@type\":\"EntryPoint\",\"urlTemplate\":\"https:\\\/\\\/fundacionpuertocolombia.org\\\/?s={search_term_string}\"},\"query-input\":{\"@type\":\"PropertyValueSpecification\",\"valueRequired\":true,\"valueName\":\"search_term_string\"}}],\"inLanguage\":\"en-US\"}]}<\/script>\n<!-- \/ Yoast SEO Premium plugin. -->","yoast_head_json":{"title":"MEC\u00c1NICA DE DES-CUBRIR - Fundaci\u00f3n Puerto Colombia","robots":{"index":"index","follow":"follow","max-snippet":"max-snippet:-1","max-image-preview":"max-image-preview:large","max-video-preview":"max-video-preview:-1"},"canonical":"https:\/\/fundacionpuertocolombia.org\/en\/proyectos\/descubrir\/mecanica-de-des-cubrir\/","og_locale":"en_US","og_type":"article","og_title":"MEC\u00c1NICA DE DES-CUBRIR","og_description":"Descubrir es una experiencia art\u00edstica creada para que a muy bajo costo tengas la oportunidad de adquirir una obra de\u2026 Seguir Leyendo","og_url":"https:\/\/fundacionpuertocolombia.org\/en\/proyectos\/descubrir\/mecanica-de-des-cubrir\/","og_site_name":"Fundaci\u00f3n Puerto Colombia","og_image":[{"width":1920,"height":1080,"url":"https:\/\/fundacionpuertocolombia.org\/wp-content\/uploads\/2020\/05\/EXPOSICI\u00d3N-DES-CUBRIR_Photo-7.jpg","type":"image\/jpeg"}],"twitter_card":"summary_large_image","twitter_misc":{"Est. reading time":"1 minute"},"schema":{"@context":"https:\/\/schema.org","@graph":[{"@type":"WebPage","@id":"https:\/\/fundacionpuertocolombia.org\/proyectos\/descubrir\/mecanica-de-des-cubrir\/","url":"https:\/\/fundacionpuertocolombia.org\/proyectos\/descubrir\/mecanica-de-des-cubrir\/","name":"MEC\u00c1NICA DE DES-CUBRIR - Fundaci\u00f3n Puerto Colombia","isPartOf":{"@id":"https:\/\/fundacionpuertocolombia.org\/#website"},"primaryImageOfPage":{"@id":"https:\/\/fundacionpuertocolombia.org\/proyectos\/descubrir\/mecanica-de-des-cubrir\/#primaryimage"},"image":{"@id":"https:\/\/fundacionpuertocolombia.org\/proyectos\/descubrir\/mecanica-de-des-cubrir\/#primaryimage"},"thumbnailUrl":"https:\/\/fundacionpuertocolombia.org\/wp-content\/uploads\/2020\/05\/EXPOSICI\u00d3N-DES-CUBRIR_Photo-7.jpg","datePublished":"2020-05-26T05:05:30+00:00","breadcrumb":{"@id":"https:\/\/fundacionpuertocolombia.org\/proyectos\/descubrir\/mecanica-de-des-cubrir\/#breadcrumb"},"inLanguage":"en-US","potentialAction":[{"@type":"ReadAction","target":["https:\/\/fundacionpuertocolombia.org\/proyectos\/descubrir\/mecanica-de-des-cubrir\/"]}]},{"@type":"ImageObject","inLanguage":"en-US","@id":"https:\/\/fundacionpuertocolombia.org\/proyectos\/descubrir\/mecanica-de-des-cubrir\/#primaryimage","url":"https:\/\/fundacionpuertocolombia.org\/wp-content\/uploads\/2020\/05\/EXPOSICI\u00d3N-DES-CUBRIR_Photo-7.jpg","contentUrl":"https:\/\/fundacionpuertocolombia.org\/wp-content\/uploads\/2020\/05\/EXPOSICI\u00d3N-DES-CUBRIR_Photo-7.jpg","width":1920,"height":1080},{"@type":"BreadcrumbList","@id":"https:\/\/fundacionpuertocolombia.org\/proyectos\/descubrir\/mecanica-de-des-cubrir\/#breadcrumb","itemListElement":[{"@type":"ListItem","position":1,"name":"Portada","item":"https:\/\/fundacionpuertocolombia.org\/"},{"@type":"ListItem","position":2,"name":"Proyectos","item":"https:\/\/fundacionpuertocolombia.org\/proyectos\/"},{"@type":"ListItem","position":3,"name":"DESCUBRIR","item":"https:\/\/fundacionpuertocolombia.org\/proyectos\/descubrir\/"},{"@type":"ListItem","position":4,"name":"MEC\u00c1NICA DE DES-CUBRIR"}]},{"@type":"WebSite","@id":"https:\/\/fundacionpuertocolombia.org\/#website","url":"https:\/\/fundacionpuertocolombia.org\/","name":"Fundaci\u00f3n Puerto Colombia","description":"Tierra Firme Para La Cultura!","potentialAction":[{"@type":"SearchAction","target":{"@type":"EntryPoint","urlTemplate":"https:\/\/fundacionpuertocolombia.org\/?s={search_term_string}"},"query-input":{"@type":"PropertyValueSpecification","valueRequired":true,"valueName":"search_term_string"}}],"inLanguage":"en-US"}]}},"_links":{"self":[{"href":"https:\/\/fundacionpuertocolombia.org\/en\/wp-json\/wp\/v2\/pages\/6549","targetHints":{"allow":["GET"]}}],"collection":[{"href":"https:\/\/fundacionpuertocolombia.org\/en\/wp-json\/wp\/v2\/pages"}],"about":[{"href":"https:\/\/fundacionpuertocolombia.org\/en\/wp-json\/wp\/v2\/types\/page"}],"author":[{"embeddable":true,"href":"https:\/\/fundacionpuertocolombia.org\/en\/wp-json\/wp\/v2\/users\/4"}],"replies":[{"embeddable":true,"href":"https:\/\/fundacionpuertocolombia.org\/en\/wp-json\/wp\/v2\/comments?post=6549"}],"version-history":[{"count":0,"href":"https:\/\/fundacionpuertocolombia.org\/en\/wp-json\/wp\/v2\/pages\/6549\/revisions"}],"up":[{"embeddable":true,"href":"https:\/\/fundacionpuertocolombia.org\/en\/wp-json\/wp\/v2\/pages\/6516"}],"wp:featuredmedia":[{"embeddable":true,"href":"https:\/\/fundacionpuertocolombia.org\/en\/wp-json\/wp\/v2\/media\/6526"}],"wp:attachment":[{"href":"https:\/\/fundacionpuertocolombia.org\/en\/wp-json\/wp\/v2\/media?parent=6549"}],"curies":[{"name":"wp","href":"https:\/\/api.w.org\/{rel}","templated":true}]}}