{"id":6636,"date":"2020-06-25T21:34:44","date_gmt":"2020-06-25T21:34:44","guid":{"rendered":"http:\/\/fundacionpuertocolombia.org\/?page_id=6636"},"modified":"2020-06-27T04:52:22","modified_gmt":"2020-06-27T04:52:22","slug":"sinfonialatina","status":"publish","type":"page","link":"https:\/\/fundacionpuertocolombia.org\/en\/proyectos\/sinfonialatina\/","title":{"rendered":"SINFON\u00cdA LATINA"},"content":{"rendered":"<h4 class=\"wp-block-heading\">RESIDENCIA ART\u00cdSTICA DE INCLUSI\u00d3N SOCIAL, A TRAV\u00c9S DE LA M\u00daSICA<\/h4>\n\n\n\n<figure class=\"wp-block-image is-resized\"><img fetchpriority=\"high\" decoding=\"async\" src=\"https:\/\/fundacionpuertocolombia.org\/wp-content\/uploads\/2020\/06\/Banner-pag-web-2.png\" alt=\"\" class=\"wp-image-6660\" width=\"944\" height=\"359\" srcset=\"https:\/\/fundacionpuertocolombia.org\/wp-content\/uploads\/2020\/06\/Banner-pag-web-2.png 820w, https:\/\/fundacionpuertocolombia.org\/wp-content\/uploads\/2020\/06\/Banner-pag-web-2-300x114.png 300w, https:\/\/fundacionpuertocolombia.org\/wp-content\/uploads\/2020\/06\/Banner-pag-web-2-768x292.png 768w, https:\/\/fundacionpuertocolombia.org\/wp-content\/uploads\/2020\/06\/Banner-pag-web-2-600x228.png 600w, https:\/\/fundacionpuertocolombia.org\/wp-content\/uploads\/2020\/06\/Banner-pag-web-2-250x95.png 250w, https:\/\/fundacionpuertocolombia.org\/wp-content\/uploads\/2020\/06\/Banner-pag-web-2-150x57.png 150w\" sizes=\"(max-width: 944px) 100vw, 944px\" \/><\/figure>\n\n\n\n<p>El <strong>FESTIVAL SINFON\u00cdA LATINA<\/strong> a trav\u00e9s de la <strong>Fundaci\u00f3n Puerto Colombia <\/strong>comenzar\u00e1 a presentar y sensibilizar a los ni\u00f1os, ni\u00f1as y familias de bajos recursos, y ni\u00f1os y familias v\u00edctimas de la violencia, a la m\u00fasica como un arte en general, creando, incluyendo, ayudando a programas especiales a trav\u00e9s de las escuelas del distrito de arte\/m\u00fasica, creando inter\u00e9s, incentivando a los ni\u00f1os, ni\u00f1as y familias para obtener educaci\u00f3n, as\u00ed como educaci\u00f3n art\u00edstica y musical en coordinaci\u00f3n con los programas de m\u00fasica existentes.  <\/p>\n\n\n\n<p>La Orquestra de St. Luke&#8217;s, NYC realizar\u00e1 11 programas, una vez se asigne fecha de trabajo cuando pase la pandemia de COVID-19 en Colombia. <\/p>\n\n\n\n<p>Los 70 m\u00fasicos y docentes se dividen en grupos que representan los instrumentos y sonido de la orquesta, para dictar los distintos talleres que impactar\u00e1n las comunidades de la ciudad y el departamento. (Tres grupos de 17-20, m\u00e1s docentes \u2013septeto-).<\/p>\n\n\n\n<ul class=\"wp-block-list\"><li><strong>4<\/strong> sesiones con escuelas distritales y centros comunitarios nivel elemental.<\/li><li><strong>2<\/strong> sesiones con  escuelas nivel bachillerato.<\/li><li><strong>2<\/strong> sesiones con universidades con experiencia educacional y conversatorios.<\/li><li><strong>1 <\/strong>ensamble de la orquesta con miembros de la comunidad, profesores y estudiantes a un p\u00fablico abierto.<\/li><li><strong>1<\/strong> presentaci\u00f3n final de St. Luke Orquestra para una audiencia abierta.<\/li><\/ul>\n\n\n\n<p><strong>ESCUELAS Y CENTRO COMUNITARIOS<\/strong>        <br>Los centros comunitarios com\u00fanmente conocidos como \u201cpeque\u00f1as escuelas de arte y m\u00fasica\u201d en los barrios y las \u00e1reas menos favorecidas (el distrito tiene alrededor de veinte o m\u00e1s), es el comienzo del programa de trabajo comunitario. Se establece contacto y se allana el camino hacia el desarrollo, implementando mejoras , integrando paz, valor personal, educaci\u00f3n; creando un Caribe m\u00e1s educado y culto, con el fin de sacar a los ni\u00f1os, ni\u00f1as, familias y ciudadanos de la pobreza absoluta o media hacia una vida mejor y m\u00e1s productiva.<\/p>\n\n\n\n<div class=\"wp-block-image\"><figure class=\"aligncenter is-resized\"><img decoding=\"async\" src=\"https:\/\/fundacionpuertocolombia.org\/wp-content\/uploads\/2020\/06\/sinfo--1024x264.jpg\" alt=\"\" class=\"wp-image-6681\" width=\"959\" height=\"246\" srcset=\"https:\/\/fundacionpuertocolombia.org\/wp-content\/uploads\/2020\/06\/sinfo--1024x264.jpg 1024w, https:\/\/fundacionpuertocolombia.org\/wp-content\/uploads\/2020\/06\/sinfo--300x77.jpg 300w, https:\/\/fundacionpuertocolombia.org\/wp-content\/uploads\/2020\/06\/sinfo--768x198.jpg 768w, https:\/\/fundacionpuertocolombia.org\/wp-content\/uploads\/2020\/06\/sinfo--600x155.jpg 600w, https:\/\/fundacionpuertocolombia.org\/wp-content\/uploads\/2020\/06\/sinfo--250x64.jpg 250w, https:\/\/fundacionpuertocolombia.org\/wp-content\/uploads\/2020\/06\/sinfo--150x39.jpg 150w\" sizes=\"(max-width: 959px) 100vw, 959px\" \/><\/figure><\/div>\n\n\n\n<p><strong>PROGRAMAS DID\u00c1CTICOS <\/strong><\/p>\n\n\n\n<ul class=\"wp-block-list\"><li>Talleres sobre sensibilizaci\u00f3n musical para comunidades vulnerables. <\/li><li>Talleres sobre educaci\u00f3n y formaci\u00f3n musical para profesores, con el fin de darle continuidad al proyecto.<\/li><li>Conversaciones sobre instrumentos musicales, creaci\u00f3n, composici\u00f3n, promoci\u00f3n de la m\u00fasica como herramienta para la inclusi\u00f3n social, intercambio de vida comunitaria, paz y expresi\u00f3n personal.<\/li><li>Talleres sobre instrumentos musicales, la importancia de ser educados musicalmente con ejemplos que promuevan valores\/virtudes de la vida con educaci\u00f3n.<\/li><li>Actividades sociales en educaci\u00f3n musical.<\/li><li>Programas did\u00e1cticos, que incluyen m\u00fasica de kinder, canto, ritmo y percusi\u00f3n e improvisaci\u00f3n.<\/li><li>M\u00fasica: ritmo, danza, cuentos y leyendas.<\/li><\/ul>\n\n\n\n<p><strong>DONACI\u00d3N DE INSTRUMENTOS MUSICALES<\/strong><br>A trav\u00e9s de la<strong> Fundaci\u00f3n Puerto Colombia<\/strong> y la recomendaci\u00f3n de las instituciones locales, se donar\u00e1n 500 instrumentos musicales que recibir\u00e1n instrucciones y programas de mantenimiento de forma gratuita. Estos est\u00e1n dirigidos a estudiantes de bajos ingresos con m\u00e9rito para estudiar en el campo musical elegido. Tambi\u00e9n estamos estableciendo la posibilidad de donar tabletas educativas de Apple para dar seguimiento.    <\/p>\n\n\n\n<p><em>*Asignaciones: todos los programas, clases, sesi\u00f3n did\u00e1ctica llevan tareas voluntarias para el a\u00f1o siguiente. (Tecnolog\u00eda de seguimiento web)<\/em>.<\/p>\n\n\n\n<h3 class=\"wp-block-heading\"><strong>ALIADOS BENEFICIARIOS Y METODOLOG\u00cdA DE TRABAJO EN CADA SECTOR y PROGRAMACI\u00d3N DE LA RESIDENCIA<\/strong><\/h3>\n\n\n\n<h4 class=\"wp-block-heading\"><strong>I.    Programa St.Luke Orquestra &amp; Fundaci\u00f3n Nacional Batuta<\/strong><\/h4>\n\n\n\n<p>Desde hace 28 a\u00f1os, la Fundaci\u00f3n Nacional Batuta contribuye con el mejoramiento de la calidad de vida de los ni\u00f1os, ni\u00f1as, adolescentes y j\u00f3venes de Colombia, mediante una formaci\u00f3n musical de excelencia, centrada en la pr\u00e1ctica colectiva, desde una perspectiva de inclusi\u00f3n social, derechos y diversidad cultural.)<\/p>\n\n\n\n<p>Un taller de trabajo de cinco d\u00edas con FMSD\/Batuta, 4 Sesiones de 4 horas diarias con 50 estudiantes participantes activos, y una presentaci\u00f3n final al p\u00fablico. Tendremos 5-7 maestros capacitados para dictar los talleres y todas las clases abiertas ser\u00e1n abiertas al p\u00fablico\/familias. A su vez se har\u00e1 capacitaci\u00f3n a los maestros de Batuta para la continuidad del programa. Habr\u00e1 un seguimiento durante el a\u00f1o e instrumentos donados a la instituci\u00f3n para proporcionar instrucciones para la continuad del programa<\/p>\n\n\n\n<div class=\"wp-block-media-text alignwide has-media-on-the-right\" style=\"grid-template-columns:auto 75%\"><figure class=\"wp-block-media-text__media\"><img decoding=\"async\" width=\"1024\" height=\"570\" src=\"https:\/\/fundacionpuertocolombia.org\/wp-content\/uploads\/2020\/06\/orquesta-de-san-Lukas-1024x570.jpg\" alt=\"\" class=\"wp-image-6644\" srcset=\"https:\/\/fundacionpuertocolombia.org\/wp-content\/uploads\/2020\/06\/orquesta-de-san-Lukas-1024x570.jpg 1024w, https:\/\/fundacionpuertocolombia.org\/wp-content\/uploads\/2020\/06\/orquesta-de-san-Lukas-300x167.jpg 300w, https:\/\/fundacionpuertocolombia.org\/wp-content\/uploads\/2020\/06\/orquesta-de-san-Lukas-768x428.jpg 768w, https:\/\/fundacionpuertocolombia.org\/wp-content\/uploads\/2020\/06\/orquesta-de-san-Lukas-600x334.jpg 600w, https:\/\/fundacionpuertocolombia.org\/wp-content\/uploads\/2020\/06\/orquesta-de-san-Lukas-250x139.jpg 250w, https:\/\/fundacionpuertocolombia.org\/wp-content\/uploads\/2020\/06\/orquesta-de-san-Lukas-150x84.jpg 150w\" sizes=\"(max-width: 1024px) 100vw, 1024px\" \/><\/figure><div class=\"wp-block-media-text__content\">\n<p><em><strong>La Orquesta de St. Luke de Nueva York<\/strong><\/em><\/p>\n<\/div><\/div>\n\n\n\n<p><strong>Programa  Educativo<\/strong><br>La Orquesta de San Lucas traer\u00e1 un grupo de artistas y docentes para trabajar en un proyecto intensivo con j\u00f3venes del \u00e1rea que no han tenido acceso a tocar un instrumento musical. En esta clase, el artista docente de OSL dirigir\u00e1 a un peque\u00f1o grupo de estudiantes en la reproducci\u00f3n b\u00e1sica de la flauta y guiar\u00e1 al grupo a crear su propia composici\u00f3n corta, as\u00ed como a aprender una canci\u00f3n para tocar juntos en una presentaci\u00f3n final. <br>Habr\u00e1 4 d\u00edas de talleres, con la culminaci\u00f3n del quinto d\u00eda como presentaci\u00f3n final.   <\/p>\n\n\n\n<ul class=\"wp-block-list\"><li><strong>D\u00eda 1: <\/strong>presentaciones, conceptos b\u00e1sicos de la flauta, actividades interactiva basada en la escucha y la creatividad.<\/li><li><strong>D\u00eda 2: <\/strong>aprendizaje de notas adicionales de la flauta y talleres de composici\u00f3n con estudiantes. <\/li><li><strong>D\u00eda 3:<\/strong> finalizar composici\u00f3n para presentaci\u00f3n final que incluir\u00e1 algunos m\u00fasicos de OSL.<\/li><li><strong>D\u00eda 4:<\/strong> ensayo de la presentaci\u00f3n final.<\/li><li><strong>D\u00eda 5: <\/strong>\u00faltimo ensayo general y presentaci\u00f3n final. <\/li><\/ul>\n\n\n\n<p>Miembros de la facultad de OSL de YOSL facilitar\u00e1 los talleres.<br>Esto incluir\u00eda: <br>&#8211; Un plan de estudios planificado para la residencia de 5 d\u00edas. <br>&#8211; 4 horas de talleres cada d\u00eda con una hora de descanso<br>&#8211; Cuando sea necesario, el seguimiento de los grupos por la tarde progresa para prepararse para las actividades del d\u00eda siguiente.   <br>&#8211; El programa educativo incluye toda la orquesta, conversaciones e interacciones con los estudiantes y el p\u00fablico.<\/p>\n\n\n\n<p>*<em>Alcance: 50 estudiantes por temporada.<\/em><\/p>\n\n\n\n<h4 class=\"wp-block-heading\"><strong>II.    Casas de Cultura Distritales y Municipales<\/strong><\/h4>\n\n\n\n<p>Haremos 4 visitas (2 escuelas distritales y 2 casas de cultura). Se har\u00e1n talleres de introducci\u00f3n de lo que es una Orquesta Sinf\u00f3nica. Taller de una hora con 17-20 m\u00fasicos\/docentes que trabajar\u00e1n con los estudiantes.<\/p>\n\n\n\n<p><strong> Programa <\/strong><br>&#8211; Introducci\u00f3n de instrumentos musicales despu\u00e9s de la interpretaci\u00f3n cada instrumento seleccionado.<br>&#8211; Peque\u00f1os talleres sobre instrumentos, t\u00e9cnica, sonido, repertorio seg\u00fan el nivel educativo.<br>&#8211; Conversaciones sobre instrumentos y m\u00e9todos de pr\u00e1ctica, m\u00fasica en contexto social.<br>&#8211; Regalo de instrumentos para programas escolares que ense\u00f1an lectura, m\u00fasica, nivel elemental. <br>&#8211; Asignaci\u00f3n de tareas y seguimiento para la pr\u00f3xima temporada.<\/p>\n\n\n\n<p><em>*Alcance: 150 a 500 estudiantes por visita por temporada para un total de 2000 estudiantes aproximadamente.<\/em><\/p>\n\n\n\n<h4 class=\"wp-block-heading\"><strong>III.    Escuelas P\u00fablicas de Cultura (EDA y Bellas Artes)<\/strong><\/h4>\n\n\n\n<p>Haremos 2 visitas a escuelas p\u00fablicas de cultura (Bellas Artes, F\u00e1brica de Cultura y Escuela Distrital de Artes). Se har\u00e1n talleres de nivel pre-universitarios. Taller de 1 hora con 17-20 m\u00fasicos\/docentes que trabajaran con los estudiantes.<\/p>\n\n\n\n<p><strong> Programa <\/strong><br>&#8211; M\u00fasica m\u00e1s contempor\u00e1nea.<br>&#8211; Nuevas t\u00e9cnicas, sonido, literatura, pautas para el desempe\u00f1o a nivel universitario.<br>&#8211; Conversaci\u00f3n con los estudiantes sobre su experiencia, instrumentos y t\u00e9cnicas de pr\u00e1ctica. <br> &#8211; Talleres grupales si es posible.<\/p>\n\n\n\n<p>*<em>Alcance: 150 a 500 estudiantes por escuela por visita por cada temporada para un total de 1000 estudiantes aproximadamente.<\/em><\/p>\n\n\n\n<h4 class=\"wp-block-heading\"><strong>IV.    Universidades<\/strong><\/h4>\n\n\n\n<p>Haremos 2 visitas a universidades donde se har\u00e1n talleres y conversatorios con los estudiantes con un nivel de educaci\u00f3n universitario ya avanzado. Taller de 1 hora con 17-20 m\u00fasicos\/docentes que trabajar\u00e1n con los estudiantes.<\/p>\n\n\n\n<p><strong>Programa <\/strong><br>&#8211; Introducci\u00f3n de orquesta y repertorio.<br>&#8211; Conversatorios con estudiantes, incluidos talleres y conservatorios a nivel universitario.<br>&#8211; Demostraci\u00f3n de t\u00e9cnicas, sonido y literatura apropiada.<br>&#8211; Trabajar con estudiantes donde puedan demostrar lo que han aprendido.<br>&#8211; Asignar tarea para el futuro programa.<br>&#8211; T\u00e9cnicas a nivel profesional, tareas para la continuidad y pr\u00f3xima fase del programa.<\/p>\n\n\n\n<p><em>*Alcance: 1000 estudiantes por universidad por visita por cada temporada para un total de 2000 estudiantes aproximadamente.<\/em><\/p>\n\n\n\n<h4 class=\"wp-block-heading\"><strong>V.    Side by Side<\/strong><\/h4>\n\n\n\n<p>Quinta Sinfon\u00eda de Beethoven, extractos para el rendimiento. <br>Este es una asamblea de orquestas con miembros de la comunidad (estudiantes, profesores y m\u00fasicos locales). Es una experiencia educativa para comenzar a entrenar hacia una experiencia profesional o de orquesta.   <br>Duraci\u00f3n: 1h 30 min <br>Equipo: Orquesta completa m\u00e1s 35 a 50 miembros de la comunidad, actuando lado a lado. <\/p>\n\n\n\n<p><em>*Alcance: 50 miembros de la comunidad entre profesores y estudiantes con los que trabajamos a lo largo del programa y de 500 a 2000 asistentes.<\/em><\/p>\n\n\n\n<h4 class=\"wp-block-heading\"><strong>VI.    Evento Final<\/strong><\/h4>\n\n\n\n<p>Una presentaci\u00f3n final de St. Luke Orquestra que consiste en la Quinta Sinfon\u00eda de Beethoven e inspiraci\u00f3n sobre un tema del r\u00edo Magdalena (Barranquilla-Caribe) con 70 m\u00fasicos, 8 nativos de la comunidad de Barranquilla, actuando con la orquesta.  <\/p>\n\n\n\n<p><em>*Alcance: depende de la capacidad del lugar escogido para la presentaci\u00f3n pero estimamos aproximadamente 2000 a 5000 espectadores.<\/em><\/p>\n\n\n\n<h4 class=\"wp-block-heading\">Sinfon\u00eda Latina har\u00e1 parte de la programaci\u00f3n oficial de la Asamblea Anual de Gobernadores del Banco Interamericano de Desarrollo &#8211; BID programada en Barranquilla &#8211; Colombia en Septiembre de 2020. Ver detalles de este evento en este link:  <a href=\"https:\/\/events.iadb.org\/calendar\/event\/20365?lang=es\" target=\"_blank\" rel=\"noreferrer noopener\" aria-label=\" (abre en una nueva pesta\u00f1a)\">https:\/\/events.iadb.org\/calendar\/event\/20365?lang=es<\/a> <\/h4>\n\n\n\n<p><\/p>\n\n\n\n<h4 class=\"wp-block-heading\">PARA MAS INFORMACI\u00d3N SOBRE SINFON\u00cdA LATINA VISITA: <a href=\"https:\/\/robertomccauslanddieppa.com\/sinfonia-latina\/\" target=\"_blank\" rel=\"noreferrer noopener\" aria-label=\"www.sinfonialatina.com (abre en una nueva pesta\u00f1a)\">www.sinfonialatina.com<\/a><\/h4>\n\n\n\n<p><\/p>","protected":false},"excerpt":{"rendered":"<p>RESIDENCIA ART\u00cdSTICA DE INCLUSI\u00d3N SOCIAL, A TRAV\u00c9S DE LA M\u00daSICA El FESTIVAL SINFON\u00cdA LATINA a trav\u00e9s de la Fundaci\u00f3n Puerto\u2026 <a class=\"continue-reading-link\" href=\"https:\/\/fundacionpuertocolombia.org\/en\/proyectos\/sinfonialatina\/\">Seguir Leyendo<\/a><\/p>","protected":false},"author":4,"featured_media":6637,"parent":48,"menu_order":2,"comment_status":"closed","ping_status":"closed","template":"","meta":{"footnotes":""},"class_list":["post-6636","page","type-page","status-publish","has-post-thumbnail","hentry"],"yoast_head":"<!-- This site is optimized with the Yoast SEO Premium plugin v22.2 (Yoast SEO v26.8) - https:\/\/yoast.com\/product\/yoast-seo-premium-wordpress\/ -->\n<title>SINFON\u00cdA LATINA - Fundaci\u00f3n Puerto Colombia<\/title>\n<meta name=\"robots\" content=\"index, follow, max-snippet:-1, max-image-preview:large, max-video-preview:-1\" \/>\n<link rel=\"canonical\" href=\"https:\/\/fundacionpuertocolombia.org\/en\/proyectos\/sinfonialatina\/\" \/>\n<meta property=\"og:locale\" content=\"en_US\" \/>\n<meta property=\"og:type\" content=\"article\" \/>\n<meta property=\"og:title\" content=\"SINFON\u00cdA LATINA\" \/>\n<meta property=\"og:description\" content=\"RESIDENCIA ART\u00cdSTICA DE INCLUSI\u00d3N SOCIAL, A TRAV\u00c9S DE LA M\u00daSICA El FESTIVAL SINFON\u00cdA LATINA a trav\u00e9s de la Fundaci\u00f3n Puerto\u2026 Seguir Leyendo\" \/>\n<meta property=\"og:url\" content=\"https:\/\/fundacionpuertocolombia.org\/en\/proyectos\/sinfonialatina\/\" \/>\n<meta property=\"og:site_name\" content=\"Fundaci\u00f3n Puerto Colombia\" \/>\n<meta property=\"article:modified_time\" content=\"2020-06-27T04:52:22+00:00\" \/>\n<meta property=\"og:image\" content=\"https:\/\/fundacionpuertocolombia.org\/wp-content\/uploads\/2020\/06\/900x520_piano-min.jpg\" \/>\n\t<meta property=\"og:image:width\" content=\"900\" \/>\n\t<meta property=\"og:image:height\" content=\"520\" \/>\n\t<meta property=\"og:image:type\" content=\"image\/jpeg\" \/>\n<meta name=\"twitter:card\" content=\"summary_large_image\" \/>\n<meta name=\"twitter:label1\" content=\"Est. reading time\" \/>\n\t<meta name=\"twitter:data1\" content=\"8 minutes\" \/>\n<script type=\"application\/ld+json\" class=\"yoast-schema-graph\">{\"@context\":\"https:\/\/schema.org\",\"@graph\":[{\"@type\":\"WebPage\",\"@id\":\"https:\/\/fundacionpuertocolombia.org\/proyectos\/sinfonialatina\/\",\"url\":\"https:\/\/fundacionpuertocolombia.org\/proyectos\/sinfonialatina\/\",\"name\":\"SINFON\u00cdA LATINA - Fundaci\u00f3n Puerto Colombia\",\"isPartOf\":{\"@id\":\"https:\/\/fundacionpuertocolombia.org\/#website\"},\"primaryImageOfPage\":{\"@id\":\"https:\/\/fundacionpuertocolombia.org\/proyectos\/sinfonialatina\/#primaryimage\"},\"image\":{\"@id\":\"https:\/\/fundacionpuertocolombia.org\/proyectos\/sinfonialatina\/#primaryimage\"},\"thumbnailUrl\":\"https:\/\/fundacionpuertocolombia.org\/wp-content\/uploads\/2020\/06\/900x520_piano-min.jpg\",\"datePublished\":\"2020-06-25T21:34:44+00:00\",\"dateModified\":\"2020-06-27T04:52:22+00:00\",\"breadcrumb\":{\"@id\":\"https:\/\/fundacionpuertocolombia.org\/proyectos\/sinfonialatina\/#breadcrumb\"},\"inLanguage\":\"en-US\",\"potentialAction\":[{\"@type\":\"ReadAction\",\"target\":[\"https:\/\/fundacionpuertocolombia.org\/proyectos\/sinfonialatina\/\"]}]},{\"@type\":\"ImageObject\",\"inLanguage\":\"en-US\",\"@id\":\"https:\/\/fundacionpuertocolombia.org\/proyectos\/sinfonialatina\/#primaryimage\",\"url\":\"https:\/\/fundacionpuertocolombia.org\/wp-content\/uploads\/2020\/06\/900x520_piano-min.jpg\",\"contentUrl\":\"https:\/\/fundacionpuertocolombia.org\/wp-content\/uploads\/2020\/06\/900x520_piano-min.jpg\",\"width\":900,\"height\":520},{\"@type\":\"BreadcrumbList\",\"@id\":\"https:\/\/fundacionpuertocolombia.org\/proyectos\/sinfonialatina\/#breadcrumb\",\"itemListElement\":[{\"@type\":\"ListItem\",\"position\":1,\"name\":\"Portada\",\"item\":\"https:\/\/fundacionpuertocolombia.org\/\"},{\"@type\":\"ListItem\",\"position\":2,\"name\":\"Proyectos\",\"item\":\"https:\/\/fundacionpuertocolombia.org\/proyectos\/\"},{\"@type\":\"ListItem\",\"position\":3,\"name\":\"SINFON\u00cdA LATINA\"}]},{\"@type\":\"WebSite\",\"@id\":\"https:\/\/fundacionpuertocolombia.org\/#website\",\"url\":\"https:\/\/fundacionpuertocolombia.org\/\",\"name\":\"Fundaci\u00f3n Puerto Colombia\",\"description\":\"Tierra Firme Para La Cultura!\",\"potentialAction\":[{\"@type\":\"SearchAction\",\"target\":{\"@type\":\"EntryPoint\",\"urlTemplate\":\"https:\/\/fundacionpuertocolombia.org\/?s={search_term_string}\"},\"query-input\":{\"@type\":\"PropertyValueSpecification\",\"valueRequired\":true,\"valueName\":\"search_term_string\"}}],\"inLanguage\":\"en-US\"}]}<\/script>\n<!-- \/ Yoast SEO Premium plugin. -->","yoast_head_json":{"title":"SINFON\u00cdA LATINA - Fundaci\u00f3n Puerto Colombia","robots":{"index":"index","follow":"follow","max-snippet":"max-snippet:-1","max-image-preview":"max-image-preview:large","max-video-preview":"max-video-preview:-1"},"canonical":"https:\/\/fundacionpuertocolombia.org\/en\/proyectos\/sinfonialatina\/","og_locale":"en_US","og_type":"article","og_title":"SINFON\u00cdA LATINA","og_description":"RESIDENCIA ART\u00cdSTICA DE INCLUSI\u00d3N SOCIAL, A TRAV\u00c9S DE LA M\u00daSICA El FESTIVAL SINFON\u00cdA LATINA a trav\u00e9s de la Fundaci\u00f3n Puerto\u2026 Seguir Leyendo","og_url":"https:\/\/fundacionpuertocolombia.org\/en\/proyectos\/sinfonialatina\/","og_site_name":"Fundaci\u00f3n Puerto Colombia","article_modified_time":"2020-06-27T04:52:22+00:00","og_image":[{"width":900,"height":520,"url":"https:\/\/fundacionpuertocolombia.org\/wp-content\/uploads\/2020\/06\/900x520_piano-min.jpg","type":"image\/jpeg"}],"twitter_card":"summary_large_image","twitter_misc":{"Est. reading time":"8 minutes"},"schema":{"@context":"https:\/\/schema.org","@graph":[{"@type":"WebPage","@id":"https:\/\/fundacionpuertocolombia.org\/proyectos\/sinfonialatina\/","url":"https:\/\/fundacionpuertocolombia.org\/proyectos\/sinfonialatina\/","name":"SINFON\u00cdA LATINA - Fundaci\u00f3n Puerto Colombia","isPartOf":{"@id":"https:\/\/fundacionpuertocolombia.org\/#website"},"primaryImageOfPage":{"@id":"https:\/\/fundacionpuertocolombia.org\/proyectos\/sinfonialatina\/#primaryimage"},"image":{"@id":"https:\/\/fundacionpuertocolombia.org\/proyectos\/sinfonialatina\/#primaryimage"},"thumbnailUrl":"https:\/\/fundacionpuertocolombia.org\/wp-content\/uploads\/2020\/06\/900x520_piano-min.jpg","datePublished":"2020-06-25T21:34:44+00:00","dateModified":"2020-06-27T04:52:22+00:00","breadcrumb":{"@id":"https:\/\/fundacionpuertocolombia.org\/proyectos\/sinfonialatina\/#breadcrumb"},"inLanguage":"en-US","potentialAction":[{"@type":"ReadAction","target":["https:\/\/fundacionpuertocolombia.org\/proyectos\/sinfonialatina\/"]}]},{"@type":"ImageObject","inLanguage":"en-US","@id":"https:\/\/fundacionpuertocolombia.org\/proyectos\/sinfonialatina\/#primaryimage","url":"https:\/\/fundacionpuertocolombia.org\/wp-content\/uploads\/2020\/06\/900x520_piano-min.jpg","contentUrl":"https:\/\/fundacionpuertocolombia.org\/wp-content\/uploads\/2020\/06\/900x520_piano-min.jpg","width":900,"height":520},{"@type":"BreadcrumbList","@id":"https:\/\/fundacionpuertocolombia.org\/proyectos\/sinfonialatina\/#breadcrumb","itemListElement":[{"@type":"ListItem","position":1,"name":"Portada","item":"https:\/\/fundacionpuertocolombia.org\/"},{"@type":"ListItem","position":2,"name":"Proyectos","item":"https:\/\/fundacionpuertocolombia.org\/proyectos\/"},{"@type":"ListItem","position":3,"name":"SINFON\u00cdA LATINA"}]},{"@type":"WebSite","@id":"https:\/\/fundacionpuertocolombia.org\/#website","url":"https:\/\/fundacionpuertocolombia.org\/","name":"Fundaci\u00f3n Puerto Colombia","description":"Tierra Firme Para La Cultura!","potentialAction":[{"@type":"SearchAction","target":{"@type":"EntryPoint","urlTemplate":"https:\/\/fundacionpuertocolombia.org\/?s={search_term_string}"},"query-input":{"@type":"PropertyValueSpecification","valueRequired":true,"valueName":"search_term_string"}}],"inLanguage":"en-US"}]}},"_links":{"self":[{"href":"https:\/\/fundacionpuertocolombia.org\/en\/wp-json\/wp\/v2\/pages\/6636","targetHints":{"allow":["GET"]}}],"collection":[{"href":"https:\/\/fundacionpuertocolombia.org\/en\/wp-json\/wp\/v2\/pages"}],"about":[{"href":"https:\/\/fundacionpuertocolombia.org\/en\/wp-json\/wp\/v2\/types\/page"}],"author":[{"embeddable":true,"href":"https:\/\/fundacionpuertocolombia.org\/en\/wp-json\/wp\/v2\/users\/4"}],"replies":[{"embeddable":true,"href":"https:\/\/fundacionpuertocolombia.org\/en\/wp-json\/wp\/v2\/comments?post=6636"}],"version-history":[{"count":0,"href":"https:\/\/fundacionpuertocolombia.org\/en\/wp-json\/wp\/v2\/pages\/6636\/revisions"}],"up":[{"embeddable":true,"href":"https:\/\/fundacionpuertocolombia.org\/en\/wp-json\/wp\/v2\/pages\/48"}],"wp:featuredmedia":[{"embeddable":true,"href":"https:\/\/fundacionpuertocolombia.org\/en\/wp-json\/wp\/v2\/media\/6637"}],"wp:attachment":[{"href":"https:\/\/fundacionpuertocolombia.org\/en\/wp-json\/wp\/v2\/media?parent=6636"}],"curies":[{"name":"wp","href":"https:\/\/api.w.org\/{rel}","templated":true}]}}