{"id":98,"date":"2014-02-19T00:24:56","date_gmt":"2014-02-19T00:24:56","guid":{"rendered":"http:\/\/fundacionpuertocolombia.org\/?page_id=98"},"modified":"2020-05-26T04:52:30","modified_gmt":"2020-05-26T04:52:30","slug":"malecon-del-arte","status":"publish","type":"page","link":"https:\/\/fundacionpuertocolombia.org\/en\/proyectos\/malecon-del-arte\/","title":{"rendered":"Malec\u00f3n del Arte"},"content":{"rendered":"<p style=\"text-align: center;\"><a href=\"http:\/\/fundacionpuertocolombia.org\/wp-content\/uploads\/2014\/02\/logo-malec\u00f3n.jpg\"><img fetchpriority=\"high\" decoding=\"async\" class=\"aligncenter wp-image-1821 size-full\" src=\"http:\/\/fundacionpuertocolombia.org\/wp-content\/uploads\/2014\/02\/logo-malec\u00f3n.jpg\" alt=\"logo malec\u00f3n\" width=\"1012\" height=\"264\" srcset=\"https:\/\/fundacionpuertocolombia.org\/wp-content\/uploads\/2014\/02\/logo-malec\u00f3n.jpg 1012w, https:\/\/fundacionpuertocolombia.org\/wp-content\/uploads\/2014\/02\/logo-malec\u00f3n-300x78.jpg 300w, https:\/\/fundacionpuertocolombia.org\/wp-content\/uploads\/2014\/02\/logo-malec\u00f3n-250x65.jpg 250w, https:\/\/fundacionpuertocolombia.org\/wp-content\/uploads\/2014\/02\/logo-malec\u00f3n-150x39.jpg 150w\" sizes=\"(max-width: 1012px) 100vw, 1012px\" \/><\/a><\/p>\n<p><iframe width=\"800\" height=\"450\" src=\"https:\/\/www.youtube.com\/embed\/e4CZHQhq53Y?feature=oembed\" frameborder=\"0\" allowfullscreen><\/iframe><\/p>\n<p style=\"text-align: center;\">El <em>MALEC\u00d3N DEL ARTE&nbsp;<\/em>es el resultado de una iniciativa propuesta por la FUNDACI\u00d3N PUERTO COLOMBIA, &nbsp;la cual era invitar a 80 artistas residentes de la poblaci\u00f3n, para intervenir las bancas de este sitio. Dicho mobiliario se encontraba en total estado de deterioro y a ra\u00edz de esta restauraci\u00f3n sin precedentes, que fue un \u00e9xito, surgieron nuevas fases del proyecto, que convierten hoy este lugar en un destino tur\u00edstico del Departamento del Atl\u00e1ntico.<\/p>\n<p style=\"text-align: center;\"><span style=\"text-decoration: underline; color: #3366ff;\"><strong><span style=\"text-decoration: underline;\"><a style=\"color: #3366ff; text-decoration: underline;\" title=\"AGUA - AIRE - ARTE \/ 80 ARTISTAS EN EL MALECON\" href=\"http:\/\/fundacionpuertocolombia.org\/en\/proyectos\/malecon-del-arte\/aire-agua-arte-80-artistas-en-el-malecom\/\">AIRE -AGUA-ARTE: 80 ARTISTAS EN EL MALEC\u00d3N<\/a><\/span><\/strong><\/span><\/p>\n<p style=\"text-align: center;\"><span style=\"text-decoration: underline; color: #3366ff;\"><strong><span style=\"text-decoration: underline;\"><a style=\"color: #3366ff; text-decoration: underline;\" title=\"ESCULTURAS EN EL MALEC\u00d3N\" href=\"http:\/\/fundacionpuertocolombia.org\/en\/proyectos\/malecon-del-arte\/esculturas-en-el-malecom\/\">ESCULTURAS EN EL MALEC\u00d3N<\/a><\/span><\/strong><\/span><\/p>\n<p style=\"text-align: center;\"><span style=\"text-decoration: underline; color: #3366ff;\"><strong><span style=\"text-decoration: underline;\"><a style=\"color: #3366ff; text-decoration: underline;\" title=\"LOS NI\u00d1OS DEL AGUA\" href=\"http:\/\/fundacionpuertocolombia.org\/en\/proyectos\/malecon-del-arte\/los-ninos-del-agua\/\">LOS NI\u00d1OS DEL AGUA<\/a><\/span><\/strong><\/span><\/p>\n<p style=\"text-align: center;\"><span style=\"color: #3366ff;\"><a style=\"color: #3366ff;\" title=\"ARTE AL SOL\" href=\"http:\/\/fundacionpuertocolombia.org\/en\/proyectos\/malecon-del-arte\/kjnbm\/\"><span style=\"text-decoration: underline;\"><strong><span style=\"text-decoration: underline;\">&nbsp;ARTE AL SOL<\/span><\/strong><\/span><\/a><\/span><\/p>\n<p style=\"text-align: center;\">Las obras instaladas en el Malec\u00f3n del Arte fueron patrocinadas por las siguientes organizaciones y empresas:<\/p>\n<p>&#8211; Alcald\u00eda Municipal de Puerto Colombia<br \/>\n&#8211; Fundaci\u00f3n Triple A<br \/>\n&#8211; Ol\u00edmpica S.A.<br \/>\n&#8211; \u00c9tico Serrano G\u00f3mez Ltda.<br \/>\n&#8211; Serfinansa S.A.<br \/>\n&#8211; Acondesa S.A.<br \/>\n&#8211; Chelo Sop\u00f3 Colombia<br \/>\n&#8211; Fundaci\u00f3n Prosperar<br \/>\n&#8211; Fundaci\u00f3n Puerto de Barranquilla<br \/>\n&#8211; Fundaci\u00f3n Gases del Caribe<br \/>\n&#8211; Fundaci\u00f3n Procaps<\/p>\n<p>&nbsp;<\/p>","protected":false},"excerpt":{"rendered":"<p>El MALEC\u00d3N DEL ARTE&nbsp;es el resultado de una iniciativa propuesta por la FUNDACI\u00d3N PUERTO COLOMBIA, &nbsp;la cual era invitar a\u2026 <a class=\"continue-reading-link\" href=\"https:\/\/fundacionpuertocolombia.org\/en\/proyectos\/malecon-del-arte\/\">Seguir Leyendo<\/a><\/p>","protected":false},"author":2,"featured_media":0,"parent":48,"menu_order":5,"comment_status":"closed","ping_status":"closed","template":"","meta":{"footnotes":""},"class_list":["post-98","page","type-page","status-publish","hentry"],"yoast_head":"<!-- This site is optimized with the Yoast SEO Premium plugin v22.2 (Yoast SEO v26.8) - https:\/\/yoast.com\/product\/yoast-seo-premium-wordpress\/ -->\n<title>Malec\u00f3n del Arte - Fundaci\u00f3n Puerto Colombia<\/title>\n<meta name=\"robots\" content=\"index, follow, max-snippet:-1, max-image-preview:large, max-video-preview:-1\" \/>\n<link rel=\"canonical\" href=\"https:\/\/fundacionpuertocolombia.org\/en\/proyectos\/malecon-del-arte\/\" \/>\n<meta property=\"og:locale\" content=\"en_US\" \/>\n<meta property=\"og:type\" content=\"article\" \/>\n<meta property=\"og:title\" content=\"Malec\u00f3n del Arte\" \/>\n<meta property=\"og:description\" content=\"El MALEC\u00d3N DEL ARTE&nbsp;es el resultado de una iniciativa propuesta por la FUNDACI\u00d3N PUERTO COLOMBIA, &nbsp;la cual era invitar a\u2026 Seguir Leyendo\" \/>\n<meta property=\"og:url\" content=\"https:\/\/fundacionpuertocolombia.org\/en\/proyectos\/malecon-del-arte\/\" \/>\n<meta property=\"og:site_name\" content=\"Fundaci\u00f3n Puerto Colombia\" \/>\n<meta property=\"article:modified_time\" content=\"2020-05-26T04:52:30+00:00\" \/>\n<meta name=\"twitter:card\" content=\"summary_large_image\" \/>\n<meta name=\"twitter:label1\" content=\"Est. reading time\" \/>\n\t<meta name=\"twitter:data1\" content=\"1 minute\" \/>\n<script type=\"application\/ld+json\" class=\"yoast-schema-graph\">{\"@context\":\"https:\/\/schema.org\",\"@graph\":[{\"@type\":\"WebPage\",\"@id\":\"https:\/\/fundacionpuertocolombia.org\/proyectos\/malecon-del-arte\/\",\"url\":\"https:\/\/fundacionpuertocolombia.org\/proyectos\/malecon-del-arte\/\",\"name\":\"Malec\u00f3n del Arte - Fundaci\u00f3n Puerto Colombia\",\"isPartOf\":{\"@id\":\"https:\/\/fundacionpuertocolombia.org\/#website\"},\"datePublished\":\"2014-02-19T00:24:56+00:00\",\"dateModified\":\"2020-05-26T04:52:30+00:00\",\"breadcrumb\":{\"@id\":\"https:\/\/fundacionpuertocolombia.org\/proyectos\/malecon-del-arte\/#breadcrumb\"},\"inLanguage\":\"en-US\",\"potentialAction\":[{\"@type\":\"ReadAction\",\"target\":[\"https:\/\/fundacionpuertocolombia.org\/proyectos\/malecon-del-arte\/\"]}]},{\"@type\":\"BreadcrumbList\",\"@id\":\"https:\/\/fundacionpuertocolombia.org\/proyectos\/malecon-del-arte\/#breadcrumb\",\"itemListElement\":[{\"@type\":\"ListItem\",\"position\":1,\"name\":\"Portada\",\"item\":\"https:\/\/fundacionpuertocolombia.org\/\"},{\"@type\":\"ListItem\",\"position\":2,\"name\":\"Proyectos\",\"item\":\"https:\/\/fundacionpuertocolombia.org\/proyectos\/\"},{\"@type\":\"ListItem\",\"position\":3,\"name\":\"Malec\u00f3n del Arte\"}]},{\"@type\":\"WebSite\",\"@id\":\"https:\/\/fundacionpuertocolombia.org\/#website\",\"url\":\"https:\/\/fundacionpuertocolombia.org\/\",\"name\":\"Fundaci\u00f3n Puerto Colombia\",\"description\":\"Tierra Firme Para La Cultura!\",\"potentialAction\":[{\"@type\":\"SearchAction\",\"target\":{\"@type\":\"EntryPoint\",\"urlTemplate\":\"https:\/\/fundacionpuertocolombia.org\/?s={search_term_string}\"},\"query-input\":{\"@type\":\"PropertyValueSpecification\",\"valueRequired\":true,\"valueName\":\"search_term_string\"}}],\"inLanguage\":\"en-US\"}]}<\/script>\n<!-- \/ Yoast SEO Premium plugin. -->","yoast_head_json":{"title":"Malec\u00f3n del Arte - Fundaci\u00f3n Puerto Colombia","robots":{"index":"index","follow":"follow","max-snippet":"max-snippet:-1","max-image-preview":"max-image-preview:large","max-video-preview":"max-video-preview:-1"},"canonical":"https:\/\/fundacionpuertocolombia.org\/en\/proyectos\/malecon-del-arte\/","og_locale":"en_US","og_type":"article","og_title":"Malec\u00f3n del Arte","og_description":"El MALEC\u00d3N DEL ARTE&nbsp;es el resultado de una iniciativa propuesta por la FUNDACI\u00d3N PUERTO COLOMBIA, &nbsp;la cual era invitar a\u2026 Seguir Leyendo","og_url":"https:\/\/fundacionpuertocolombia.org\/en\/proyectos\/malecon-del-arte\/","og_site_name":"Fundaci\u00f3n Puerto Colombia","article_modified_time":"2020-05-26T04:52:30+00:00","twitter_card":"summary_large_image","twitter_misc":{"Est. reading time":"1 minute"},"schema":{"@context":"https:\/\/schema.org","@graph":[{"@type":"WebPage","@id":"https:\/\/fundacionpuertocolombia.org\/proyectos\/malecon-del-arte\/","url":"https:\/\/fundacionpuertocolombia.org\/proyectos\/malecon-del-arte\/","name":"Malec\u00f3n del Arte - Fundaci\u00f3n Puerto Colombia","isPartOf":{"@id":"https:\/\/fundacionpuertocolombia.org\/#website"},"datePublished":"2014-02-19T00:24:56+00:00","dateModified":"2020-05-26T04:52:30+00:00","breadcrumb":{"@id":"https:\/\/fundacionpuertocolombia.org\/proyectos\/malecon-del-arte\/#breadcrumb"},"inLanguage":"en-US","potentialAction":[{"@type":"ReadAction","target":["https:\/\/fundacionpuertocolombia.org\/proyectos\/malecon-del-arte\/"]}]},{"@type":"BreadcrumbList","@id":"https:\/\/fundacionpuertocolombia.org\/proyectos\/malecon-del-arte\/#breadcrumb","itemListElement":[{"@type":"ListItem","position":1,"name":"Portada","item":"https:\/\/fundacionpuertocolombia.org\/"},{"@type":"ListItem","position":2,"name":"Proyectos","item":"https:\/\/fundacionpuertocolombia.org\/proyectos\/"},{"@type":"ListItem","position":3,"name":"Malec\u00f3n del Arte"}]},{"@type":"WebSite","@id":"https:\/\/fundacionpuertocolombia.org\/#website","url":"https:\/\/fundacionpuertocolombia.org\/","name":"Fundaci\u00f3n Puerto Colombia","description":"Tierra Firme Para La Cultura!","potentialAction":[{"@type":"SearchAction","target":{"@type":"EntryPoint","urlTemplate":"https:\/\/fundacionpuertocolombia.org\/?s={search_term_string}"},"query-input":{"@type":"PropertyValueSpecification","valueRequired":true,"valueName":"search_term_string"}}],"inLanguage":"en-US"}]}},"_links":{"self":[{"href":"https:\/\/fundacionpuertocolombia.org\/en\/wp-json\/wp\/v2\/pages\/98","targetHints":{"allow":["GET"]}}],"collection":[{"href":"https:\/\/fundacionpuertocolombia.org\/en\/wp-json\/wp\/v2\/pages"}],"about":[{"href":"https:\/\/fundacionpuertocolombia.org\/en\/wp-json\/wp\/v2\/types\/page"}],"author":[{"embeddable":true,"href":"https:\/\/fundacionpuertocolombia.org\/en\/wp-json\/wp\/v2\/users\/2"}],"replies":[{"embeddable":true,"href":"https:\/\/fundacionpuertocolombia.org\/en\/wp-json\/wp\/v2\/comments?post=98"}],"version-history":[{"count":0,"href":"https:\/\/fundacionpuertocolombia.org\/en\/wp-json\/wp\/v2\/pages\/98\/revisions"}],"up":[{"embeddable":true,"href":"https:\/\/fundacionpuertocolombia.org\/en\/wp-json\/wp\/v2\/pages\/48"}],"wp:attachment":[{"href":"https:\/\/fundacionpuertocolombia.org\/en\/wp-json\/wp\/v2\/media?parent=98"}],"curies":[{"name":"wp","href":"https:\/\/api.w.org\/{rel}","templated":true}]}}